{"id":1580,"date":"2024-07-03T18:27:57","date_gmt":"2024-07-03T10:27:57","guid":{"rendered":"https:\/\/www.dentalxangtech.com\/index.php\/product\/super-high-translucent-multilayer-zirconia-block-2\/"},"modified":"2024-11-28T16:32:08","modified_gmt":"2024-11-28T08:32:08","slug":"3d-plus-multilayer-zirconia-block","status":"publish","type":"product","link":"https:\/\/www.dentalxangtech.com\/pt\/product\/3d-plus-multilayer-zirconia-block\/","title":{"rendered":"3D Plus Multilayer Zirconia Block"},"content":{"rendered":"<p><span style=\"font-family: arial, helvetica, sans-serif; font-size: 14pt;\">XANGTECH 3D Plus Multilayer Zirconia Block \u00e9 um avan\u00e7o no campo dos materiais dentais, combinando as vantagens de v\u00e1rios blocos de zirconia com desempenho superior e custo-efic\u00e1cia. O produto tem sido meticulosamente pesquisado para se expandir nos tipos existentes de blocos de zirc\u00f4nia, preenchendo uma lacuna cr\u00edtica da ind\u00fastria e liderando avan\u00e7os tecnol\u00f3gicos no campo.<\/span><br \/>\n<span style=\"font-family: arial, helvetica, sans-serif; font-size: 14pt;\">Ela aumenta a for\u00e7a flexural, melhora a utiliza\u00e7\u00e3o dos produtos e excede os padr\u00f5es da ind\u00fastria, ao mesmo tempo racionalizando o processo de fabrica\u00e7\u00e3o e reduzindo os custos operacionais. Designado para promover tecido gingival saud\u00e1vel, o produto assegura alta qualidade a um pre\u00e7o competitivo e \u00e9 adequado para uso em toda a cavidade oral. Al\u00e9m disso, \u00e9 biocompat\u00edvel e n\u00e3o t\u00f3xico para a cavidade oral.<\/span><br \/>\n<span style=\"font-family: arial, helvetica, sans-serif; font-size: 14pt;\">Sua transpar\u00eancia muda da borda incisal para a borda cervical em um gradiente de 43%-57%. Tem maior transpar\u00eancia na borda incisal, que pode bem simular a transpar\u00eancia do emal natural, enquanto tem menor transpar\u00eancia na borda cervical, que pode efetivamente cobrir a cor subjacente, tornando o efeito de cor global mais realista e natural. <\/span><br \/>\n<span style=\"font-family: arial, helvetica, sans-serif; font-size: 14pt;\">A for\u00e7a de dobramento \u00e9 entre 700MPa-1100MPa. Tem alta for \u00e7a e fortaleza, pode resistir grandes for\u00e7as de mastiga\u00e7\u00e3o, e \u00e9 adequado para a produ\u00e7\u00e3o de uma variedade de restaura\u00e7\u00f5es orais, como coroas \u00fanicas, pontes, veneras, etc.<\/span><\/p>\n<p>&nbsp;<\/p>\n<p><span style=\"font-family: arial, helvetica, sans-serif; font-size: 14pt;\"><strong>1. Promover tecido de goma saud\u00e1vel<br \/>\n2. Melhor qualidade comparada aos parceiros<br \/>\n3. Pode ser usado atrav\u00e9s da boca<br \/>\n4.Tecnologia \u00fanica e mais recentepara produzir blocos de zirc\u00f4nia multicamadas<br \/>\n<\/strong><\/span><\/p>\n<div style=\"width: 800px;\" class=\"wp-video\"><video class=\"wp-video-shortcode\" id=\"video-1580-1\" width=\"800\" height=\"450\" preload=\"metadata\" controls=\"controls\"><source type=\"video\/mp4\" src=\"https:\/\/www.dentalxangtech.com\/wp-content\/uploads\/2024\/07\/\u89c6\u9891.mp4?_=1\" \/><a href=\"https:\/\/www.dentalxangtech.com\/wp-content\/uploads\/2024\/07\/\u89c6\u9891.mp4\">https:\/\/www.dentalxangtech.com\/wp-content\/uploads\/2024\/07\/\u89c6\u9891.mp4<\/a><\/video><\/div>","protected":false},"excerpt":{"rendered":"<p>XANGTECH 3D Plus Multilayer Zirconia Block is a breakthrough in the field of dental materials, combining the advantages of various zirconia blocks with superior performance and cost-effectiveness. The product has been meticulously researched to expand on existing zirconia block types, filling a critical industry gap and leading technological advancements in the field. It enhances flexural [&hellip;]<\/p>\n","protected":false},"featured_media":2129,"template":"","meta":{"_acf_changed":false},"product_brand":[],"product_cat":[51],"product_tag":[],"class_list":{"0":"post-1580","1":"product","2":"type-product","3":"status-publish","4":"has-post-thumbnail","6":"product_cat-multilayer-zirconia-blcok","8":"first","9":"instock","10":"shipping-taxable","11":"product-type-simple"},"acf":[],"_links":{"self":[{"href":"https:\/\/www.dentalxangtech.com\/pt\/wp-json\/wp\/v2\/product\/1580","targetHints":{"allow":["GET"]}}],"collection":[{"href":"https:\/\/www.dentalxangtech.com\/pt\/wp-json\/wp\/v2\/product"}],"about":[{"href":"https:\/\/www.dentalxangtech.com\/pt\/wp-json\/wp\/v2\/types\/product"}],"wp:featuredmedia":[{"embeddable":true,"href":"https:\/\/www.dentalxangtech.com\/pt\/wp-json\/wp\/v2\/media\/2129"}],"wp:attachment":[{"href":"https:\/\/www.dentalxangtech.com\/pt\/wp-json\/wp\/v2\/media?parent=1580"}],"wp:term":[{"taxonomy":"product_brand","embeddable":true,"href":"https:\/\/www.dentalxangtech.com\/pt\/wp-json\/wp\/v2\/product_brand?post=1580"},{"taxonomy":"product_cat","embeddable":true,"href":"https:\/\/www.dentalxangtech.com\/pt\/wp-json\/wp\/v2\/product_cat?post=1580"},{"taxonomy":"product_tag","embeddable":true,"href":"https:\/\/www.dentalxangtech.com\/pt\/wp-json\/wp\/v2\/product_tag?post=1580"}],"curies":[{"name":"wp","href":"https:\/\/api.w.org\/{rel}","templated":true}]}}