{"id":1582,"date":"2024-07-03T18:32:02","date_gmt":"2024-07-03T10:32:02","guid":{"rendered":"https:\/\/www.dentalxangtech.com\/index.php\/product\/super-high-translucent-multilayer-zirconia-block-2\/"},"modified":"2024-12-03T17:18:24","modified_gmt":"2024-12-03T09:18:24","slug":"fast-burning-sintering-3d-pro-multilayer-zirconia-block","status":"publish","type":"product","link":"https:\/\/www.dentalxangtech.com\/pt\/product\/fast-burning-sintering-3d-pro-multilayer-zirconia-block\/","title":{"rendered":"Bloco de Zirconia Multilayer Pro Multilayer Fast Burning Sintering 3D"},"content":{"rendered":"<p><span style=\"font-family: arial, helvetica, sans-serif; font-size: 14pt;\">XANGTECH 3DPRO Fast Burning Zirconia Block, um avan\u00e7o inovador na tecnologia dos materiais dentais. Este bloco de zirc\u00f4nia \u00e9 projetado para acelerar o processo de sinteriza\u00e7\u00e3o das coroas de zirc\u00f4nia, completando-o em 40-60 minutos r\u00e1pidos. Esse aumento melhora significativamente a efici\u00eancia de sinteriza\u00e7\u00e3o, proporcionando poupan\u00e7as substanciais de tempo e custos para laborat\u00f3rios dent\u00e1rios e cl\u00ednicas. O processo de sinteriza\u00e7\u00e3o acelerado n\u00e3o compromete a qualidade e durabilidade das coroas de zirc\u00f4nia. Em vez disso, assegura que os profissionais dentais possam manter altos padr\u00f5es de cuidado ao mesmo tempo que se beneficiam de maior produtividade. O 3D PRO Fast Burning Zirconia Block \u00e9 projetado para integrar sem problemas nos fluxos de trabalho existentes, oferecendo uma solu\u00e7\u00e3o confi\u00e1vel para racionalizar a produ\u00e7\u00e3o sem sacrificar precis\u00e3o ou desempenho.<\/span><\/p>\n<p><span style=\"font-family: arial, helvetica, sans-serif; font-size: 14pt;\">Ao reduzir o tempo de sinteriza\u00e7\u00e3o, o bloco de queimadura r\u00e1pida de PRO 3D permite planejamento mais eficiente e tempo de rota\u00e7\u00e3o mais r\u00e1pido, melhorando finalmente a satisfa\u00e7\u00e3o do paciente. O material apresenta uma estabilidade not\u00e1vel e uma resist\u00eancia excepcional \u00e0 fratura, tornando-o altamente adequado para restaura\u00e7\u00f5es dent\u00e1rias anteriores e posteriores. Isso oferece aos profissionais dentais uma escolha flex\u00edvel e confi\u00e1vel quando lidam com cen\u00e1rios cl\u00ednicos complexos. Sua microestrutura fina e gradiente natural de cores garantem que cada coroa dental atinge uma apar\u00eancia not\u00e1vel natural e viva, cumprindo assim os pacientes&#8217; exig\u00eancias est\u00e9ticas, proporcionando simultaneamente a durabilidade necess\u00e1ria para resultados sustent\u00e1veis a longo prazo. <\/span><\/p>\n<p><span style=\"font-family: arial, helvetica, sans-serif; font-size: 14pt;\">Esse material avan\u00e7ado representa um passo significativo em frente na tecnologia dental, fornecendo uma ferramenta pr\u00e1tica e eficaz para aumentar a efici\u00eancia e qualidade da produ\u00e7\u00e3o de coroa de zirc\u00f4nia.<\/span><\/p>\n<p>&nbsp;<\/p>\n<p><span style=\"font-family: arial, helvetica, sans-serif; font-size: 14pt;\"><strong>1. Processo de sinteriza\u00e7\u00e3o r\u00e1pida<br \/>\n2. Melhoria da efici\u00eancia do trabalho<br \/>\n3. Alta efic\u00e1cia custosa<br \/>\n4.Alta qualidade dos produtos acabados<br \/>\n<\/strong><\/span><\/p>\n<div style=\"width: 800px;\" class=\"wp-video\"><video class=\"wp-video-shortcode\" id=\"video-1582-1\" width=\"800\" height=\"450\" preload=\"metadata\" controls=\"controls\"><source type=\"video\/mp4\" src=\"https:\/\/www.dentalxangtech.com\/wp-content\/uploads\/2024\/07\/fast-3d-pro-multilayer-zirconia-block.mp4?_=1\" \/><a href=\"https:\/\/www.dentalxangtech.com\/wp-content\/uploads\/2024\/07\/fast-3d-pro-multilayer-zirconia-block.mp4\">https:\/\/www.dentalxangtech.com\/wp-content\/uploads\/2024\/07\/fast-3d-pro-multilayer-zirconia-block.mp4<\/a><\/video><\/div>","protected":false},"excerpt":{"rendered":"<p>XANGTECH 3DPRO Fast Burning Zirconia Block, an innovative advancement in dental material technology. This zirconia block is engineered to expedite the sintering process of zirconia crowns, completing it within a rapid 40-60 minutes. This enhancement significantly improves sintering efficiency, providing substantial time and cost savings for dental laboratories and clinics.The accelerated sintering process does not [&hellip;]<\/p>\n","protected":false},"featured_media":2114,"template":"","meta":{"_acf_changed":false},"product_brand":[],"product_cat":[51],"product_tag":[],"class_list":{"0":"post-1582","1":"product","2":"type-product","3":"status-publish","4":"has-post-thumbnail","6":"product_cat-multilayer-zirconia-blcok","8":"first","9":"instock","10":"shipping-taxable","11":"product-type-simple"},"acf":[],"_links":{"self":[{"href":"https:\/\/www.dentalxangtech.com\/pt\/wp-json\/wp\/v2\/product\/1582","targetHints":{"allow":["GET"]}}],"collection":[{"href":"https:\/\/www.dentalxangtech.com\/pt\/wp-json\/wp\/v2\/product"}],"about":[{"href":"https:\/\/www.dentalxangtech.com\/pt\/wp-json\/wp\/v2\/types\/product"}],"wp:featuredmedia":[{"embeddable":true,"href":"https:\/\/www.dentalxangtech.com\/pt\/wp-json\/wp\/v2\/media\/2114"}],"wp:attachment":[{"href":"https:\/\/www.dentalxangtech.com\/pt\/wp-json\/wp\/v2\/media?parent=1582"}],"wp:term":[{"taxonomy":"product_brand","embeddable":true,"href":"https:\/\/www.dentalxangtech.com\/pt\/wp-json\/wp\/v2\/product_brand?post=1582"},{"taxonomy":"product_cat","embeddable":true,"href":"https:\/\/www.dentalxangtech.com\/pt\/wp-json\/wp\/v2\/product_cat?post=1582"},{"taxonomy":"product_tag","embeddable":true,"href":"https:\/\/www.dentalxangtech.com\/pt\/wp-json\/wp\/v2\/product_tag?post=1582"}],"curies":[{"name":"wp","href":"https:\/\/api.w.org\/{rel}","templated":true}]}}