{"id":1585,"date":"2024-07-03T18:37:15","date_gmt":"2024-07-03T10:37:15","guid":{"rendered":"https:\/\/www.dentalxangtech.com\/index.php\/product\/3d-plus-multilayer-zirconia-block-3\/"},"modified":"2024-11-23T15:58:16","modified_gmt":"2024-11-23T07:58:16","slug":"5d-multilayer-zirconia-block","status":"publish","type":"product","link":"https:\/\/www.dentalxangtech.com\/pt\/product\/5d-multilayer-zirconia-block\/","title":{"rendered":"5D Multilayer Zirconia Block"},"content":{"rendered":"<p><span style=\"font-family: arial, helvetica, sans-serif; font-size: 14pt;\">XANGTECH 5D Multilayer Zirconia Block, um material dental avan\u00e7ado que estabelece um novo ponto de refer\u00eancia na ind\u00fastria. Utilizando tecnologia de produ\u00e7\u00e3o propriet\u00e1ria, superamos barreiras t\u00e9cnicas para alcan\u00e7ar a maior transpar\u00eancia dispon\u00edvel. Nossos blocos de zirc\u00f4nia apresentam um sofisticado design multicamada, assegurando uma grada\u00e7\u00e3o inofensiva que imita estreitamente os dentes naturais.<\/span><\/p>\n<p><span style=\"font-family: arial, helvetica, sans-serif; font-size: 14pt;\">A alta transpar\u00eancia da nossa circ\u00f3nia permite um produto final branco e mais est\u00e9ticamente agrad\u00e1vel. Engineering for exceptional strength, these blocks significantly extend the service life of dental restorations, providing long-lasting durability. Fabricados para cumprir padr\u00f5es rigorosos da ind\u00fastria, os blocos de circ\u00f4nia multicamadas 5D do XANGTECH asseguram seguran\u00e7a e confiabilidade tanto para profissionais dent\u00e1rios quanto para pacientes. Melhor sua pr\u00e1tica dental com a inovadora tecnologia de zirc\u00f4nia do XANGTECH, projetada para desempenho superior e qualidade em restaura\u00e7\u00f5es dent\u00e1rias.<\/span><\/p>\n<p>&nbsp;<\/p>\n<p><span style=\"font-family: arial, helvetica, sans-serif; font-size: 14pt;\"><strong>1.Exclusivo para a ind\u00fastria&#8217; a \u00faltima tecnologia<br \/>\n2. Diversas cores dispon\u00edveis<br \/>\n3. Uma ampla gama de aplica\u00e7\u00f5es<br \/>\n4. N\u00e3o h\u00e1 polui\u00e7\u00e3o para o ambiente oral<br \/>\n<\/strong><\/span><\/p>\n<div style=\"width: 800px;\" class=\"wp-video\"><video class=\"wp-video-shortcode\" id=\"video-1585-1\" width=\"800\" height=\"450\" preload=\"metadata\" controls=\"controls\"><source type=\"video\/mp4\" src=\"https:\/\/www.dentalxangtech.com\/wp-content\/uploads\/2024\/07\/5d\u9506\u5757.mp4?_=1\" \/><a href=\"https:\/\/www.dentalxangtech.com\/wp-content\/uploads\/2024\/07\/5d\u9506\u5757.mp4\">https:\/\/www.dentalxangtech.com\/wp-content\/uploads\/2024\/07\/5d\u9506\u5757.mp4<\/a><\/video><\/div>\n<p>&nbsp;<\/p>","protected":false},"excerpt":{"rendered":"<p>XANGTECH 5D Multilayer Zirconia Block, an advanced dental material that sets a new benchmark in the industry. Utilizing proprietary production technology, we have overcome technical barriers to achieve the highest translucency available. Our zirconia blocks feature a sophisticated multilayer design, ensuring a seamless gradation that closely mimics natural teeth. The high transparency of our zirconia [&hellip;]<\/p>\n","protected":false},"featured_media":3096,"template":"","meta":{"_acf_changed":false},"product_brand":[],"product_cat":[51],"product_tag":[],"class_list":{"0":"post-1585","1":"product","2":"type-product","3":"status-publish","4":"has-post-thumbnail","6":"product_cat-multilayer-zirconia-blcok","8":"first","9":"instock","10":"shipping-taxable","11":"product-type-simple"},"acf":[],"_links":{"self":[{"href":"https:\/\/www.dentalxangtech.com\/pt\/wp-json\/wp\/v2\/product\/1585","targetHints":{"allow":["GET"]}}],"collection":[{"href":"https:\/\/www.dentalxangtech.com\/pt\/wp-json\/wp\/v2\/product"}],"about":[{"href":"https:\/\/www.dentalxangtech.com\/pt\/wp-json\/wp\/v2\/types\/product"}],"wp:featuredmedia":[{"embeddable":true,"href":"https:\/\/www.dentalxangtech.com\/pt\/wp-json\/wp\/v2\/media\/3096"}],"wp:attachment":[{"href":"https:\/\/www.dentalxangtech.com\/pt\/wp-json\/wp\/v2\/media?parent=1585"}],"wp:term":[{"taxonomy":"product_brand","embeddable":true,"href":"https:\/\/www.dentalxangtech.com\/pt\/wp-json\/wp\/v2\/product_brand?post=1585"},{"taxonomy":"product_cat","embeddable":true,"href":"https:\/\/www.dentalxangtech.com\/pt\/wp-json\/wp\/v2\/product_cat?post=1585"},{"taxonomy":"product_tag","embeddable":true,"href":"https:\/\/www.dentalxangtech.com\/pt\/wp-json\/wp\/v2\/product_tag?post=1585"}],"curies":[{"name":"wp","href":"https:\/\/api.w.org\/{rel}","templated":true}]}}