{"id":1833,"date":"2024-07-10T10:53:08","date_gmt":"2024-07-10T02:53:08","guid":{"rendered":"https:\/\/www.dentalxangtech.com\/?post_type=product&#038;p=1833"},"modified":"2024-08-09T15:49:48","modified_gmt":"2024-08-09T07:49:48","slug":"lithium-disilicate-block","status":"publish","type":"product","link":"https:\/\/www.dentalxangtech.com\/pt\/product\/lithium-disilicate-block\/","title":{"rendered":"Bloco Disilicado de L\u00edtio"},"content":{"rendered":"<p><span style=\"font-size: 14pt;\">O disilicado de l\u00edtio XANGTECH oferece vantagens significativas para restaura\u00e7\u00f5es dent\u00e1rias, caracterizadas pela sua alta estabilidade qu\u00edmica e forte curvatura impressionante, que contribuem para a longevidade e fiabilidade da pr\u00f3tese final. Esse material \u00e9 altamente favor\u00e1vel ao molhimento, reduzir o uso de burros e prolongar sua vida, otimizando assim a efici\u00eancia operacional. O processo de cristaliza\u00e7\u00e3o do disilicado de l\u00edtio \u00e9 simples e r\u00e1pido, minimizando o tempo processual necess\u00e1rio e aumentando a efici\u00eancia do fluxo de trabalho no laborat\u00f3rio.<\/span><br \/>\n<span style=\"font-size: 14pt;\">De uma perspectiva est\u00e9tica, o disilicado de l\u00edtio excele em fornecer restaura\u00e7\u00f5es com superior transpar\u00eancia e correspond\u00eancia de cores, essencial para alcan\u00e7ar uma finalidade de alta qualidade e de aspecto natural. Suas propriedades mec\u00e2nicas asseguram que as restaura\u00e7\u00f5es podem resistir aos estresses funcionais, tornando-a uma escolha preferida para uma ampla gama de aplica\u00e7\u00f5es dent\u00e1rias, incluindo coroas, pontes, entradas, apenas e veneras.<\/span><\/p>\n<p><span style=\"font-size: 14pt;\"><strong>1.Alta estabilidade qu\u00edmica e for\u00e7a de dobramento<\/strong><\/span><br \/>\n<span style=\"font-size: 14pt;\"><strong>2. F\u00e1cil para molhar,prolongar a vida de uso de burros<\/strong><\/span><br \/>\n<span style=\"font-size: 14pt;\"><strong>3.Processo de cristaliza\u00e7\u00e3o simples e r\u00e1pido, menor tempo de opera\u00e7\u00e3o<\/strong><\/span><br \/>\n<span style=\"font-size: 14pt;\"><strong>4.Alto efeito est\u00e9tico de repara\u00e7\u00e3o<\/strong><\/span><\/p>","protected":false},"excerpt":{"rendered":"<p>XANGTECH lithium disilicate offers significant advantages for dental restorations, characterized by its high chemical stability and impressive bending strength, which contribute to the longevity and reliability of the final prosthesis. This material is highly conducive to milling, reducing wear on burs and extending their lifespan, thus optimizing operational efficiency. The crystallization process of lithium disilicate [&hellip;]<\/p>\n","protected":false},"featured_media":2135,"template":"","meta":{"_acf_changed":false},"product_brand":[],"product_cat":[15],"product_tag":[],"class_list":{"0":"post-1833","1":"product","2":"type-product","3":"status-publish","4":"has-post-thumbnail","6":"product_cat-restoration-materials","8":"first","9":"instock","10":"shipping-taxable","11":"product-type-simple"},"acf":[],"_links":{"self":[{"href":"https:\/\/www.dentalxangtech.com\/pt\/wp-json\/wp\/v2\/product\/1833","targetHints":{"allow":["GET"]}}],"collection":[{"href":"https:\/\/www.dentalxangtech.com\/pt\/wp-json\/wp\/v2\/product"}],"about":[{"href":"https:\/\/www.dentalxangtech.com\/pt\/wp-json\/wp\/v2\/types\/product"}],"wp:featuredmedia":[{"embeddable":true,"href":"https:\/\/www.dentalxangtech.com\/pt\/wp-json\/wp\/v2\/media\/2135"}],"wp:attachment":[{"href":"https:\/\/www.dentalxangtech.com\/pt\/wp-json\/wp\/v2\/media?parent=1833"}],"wp:term":[{"taxonomy":"product_brand","embeddable":true,"href":"https:\/\/www.dentalxangtech.com\/pt\/wp-json\/wp\/v2\/product_brand?post=1833"},{"taxonomy":"product_cat","embeddable":true,"href":"https:\/\/www.dentalxangtech.com\/pt\/wp-json\/wp\/v2\/product_cat?post=1833"},{"taxonomy":"product_tag","embeddable":true,"href":"https:\/\/www.dentalxangtech.com\/pt\/wp-json\/wp\/v2\/product_tag?post=1833"}],"curies":[{"name":"wp","href":"https:\/\/api.w.org\/{rel}","templated":true}]}}