{"id":1834,"date":"2024-07-10T10:56:45","date_gmt":"2024-07-10T02:56:45","guid":{"rendered":"https:\/\/www.dentalxangtech.com\/?post_type=product&#038;p=1834"},"modified":"2026-01-27T10:43:16","modified_gmt":"2026-01-27T02:43:16","slug":"xt50-milling-machine","status":"publish","type":"product","link":"https:\/\/www.dentalxangtech.com\/pt\/product\/xt50-milling-machine\/","title":{"rendered":"M\u00e1quina de Millagem Seca XT-50"},"content":{"rendered":"<p><span style=\"font-size: 14pt;\">A m\u00e1quina de molhamento seca XANGTECH XT-50 tem v\u00e1rias caracter\u00edsticas inteligentes, fornecendo-lhe a melhor solu\u00e7\u00e3o dental. Nossa m\u00e1quina de molhamento de zirc\u00f4nia XT-50 est\u00e1 equipada com uma fun\u00e7\u00e3o de recupera\u00e7\u00e3o de energia desactivada. Em caso de emerg\u00eancia dent\u00e1ria ou interrup\u00e7\u00e3o durante a m\u00e1quina, ela pode automaticamente reanudar o processamento, evitando efetivamente trabalho repetitivo que aumenta o tempo de processamento e reduz a efici\u00eancia. XANGTECH XT-50 m\u00e1quina de molhamento de circ\u00f3nia dental&#8217; s sonda de alta precis\u00e3o incorporada permite a calibra\u00e7\u00e3o autom\u00e1tica de um clic do eixo ABXYZ, e detecta automaticamente a vida e usura do bur de molhamento, economizando tempo e simplificando a opera\u00e7\u00e3o. Simplesmente conectar e come\u00e7ar a trabalhar. Al\u00e9m disso, pode cortar materiais dentais verticalmente a 90 graus. Isso permite processamento mais preciso do padr\u00e3o dental ao molhar incisores, ajudando os clientes a fornecer dentes mais realistas. Al\u00e9m disso, seus anchos \u00e2ngulos do eixo B, alcan\u00e7ando 35\u00b0 e -91\u00b0, perfeitamente acomodam implantes de grande \u00e2ngulo. Para conservar materiais dentais e evitar res\u00edduos desnecess\u00e1rios, nossa m\u00e1quina de molhamento dental XT-50 de eixo 5 utiliza um clamp tipo C, melhorando significativamente a utiliza\u00e7\u00e3o de materiais em 20%. A m\u00e1quina de molhamento de laborat\u00f3rio dental XT-50 n\u00e3o \u00e9 apenas altamente eficiente e est\u00e1vel, mas tamb\u00e9m tem velocidades de processamento l\u00edder da ind\u00fastria, incluindo mudan\u00e7a autom\u00e1tica de ferramentas em uma revista de 10 ferramentas e m\u00e1quina de uma \u00fanica coroa em n\u00e3o mais de 13 minutos. XANGTECH XT-50 m\u00e1quina de molhamento de zirc\u00f4nia seca adota uma estrutura integrada de silicone resistente ao p\u00f3 que pode encaixar fortemente nas lacunas do equipamento. N\u00e3o s\u00f3 impede efetivamente a polvere gerada durante o corte de materiais dentais, como <span style=\"color: #00ccff;\"><a style=\"color: #00ccff;\" href=\"https:\/\/www.dentalxangtech.com\/pt\/categoria-produto\/dental-material\/dental-zirconia-block\/\">bloco de zirc\u00f4nia<\/a>,<\/span> de invadir o interior da m\u00e1quina de molhimento, mas tamb\u00e9m reduz o uso de componentes n\u00facleos, prolonga sua vida de servi\u00e7o e reduz os custos de manuten\u00e7\u00e3o subsequentes. Suas muitas caracter\u00edsticas inteligentes, juntamente com nosso servi\u00e7o confi\u00e1vel 24\/7 online ap\u00f3s vendas, que fornece feedback imediato dentro de uma hora de qualquer quest\u00e3o, resolvem todos os problemas dent\u00e1rios para voc\u00ea.<\/span><\/p>\n<p><span style=\"font-size: 18pt;\"><strong>1. Automaticamente retoma o processamento ap\u00f3s interrup\u00e7\u00e3o.\u00a0<\/strong><\/span><\/p>\n<p><span style=\"font-size: 14pt;\"><strong> <img fetchpriority=\"high\" decoding=\"async\" class=\"alignnone size-medium wp-image-4653\" src=\"https:\/\/www.dentalxangtech.com\/wp-content\/uploads\/2024\/07\/1-9-300x172.jpg\" alt=\"M\u00e1quina de Milling XT50\" width=\"300\" height=\"172\" srcset=\"https:\/\/www.dentalxangtech.com\/wp-content\/uploads\/2024\/07\/1-9-300x172.jpg 300w, https:\/\/www.dentalxangtech.com\/wp-content\/uploads\/2024\/07\/1-9-18x10.jpg 18w, https:\/\/www.dentalxangtech.com\/wp-content\/uploads\/2024\/07\/1-9-600x344.jpg 600w, https:\/\/www.dentalxangtech.com\/wp-content\/uploads\/2024\/07\/1-9.jpg 750w\" sizes=\"(max-width: 300px) 100vw, 300px\" \/><\/strong><\/span><\/p>\n<p><span style=\"font-size: 18pt;\"><strong>corte vertical de 2,90 graus para texturas dent\u00e1rias anteriores.<\/strong><\/span><\/p>\n<p><img decoding=\"async\" class=\"alignnone size-medium wp-image-4654\" src=\"https:\/\/www.dentalxangtech.com\/wp-content\/uploads\/2024\/07\/2-10-300x172.jpg\" alt=\"M\u00e1quina de Milling XT50\" width=\"300\" height=\"172\" srcset=\"https:\/\/www.dentalxangtech.com\/wp-content\/uploads\/2024\/07\/2-10-300x172.jpg 300w, https:\/\/www.dentalxangtech.com\/wp-content\/uploads\/2024\/07\/2-10-18x10.jpg 18w, https:\/\/www.dentalxangtech.com\/wp-content\/uploads\/2024\/07\/2-10-600x344.jpg 600w, https:\/\/www.dentalxangtech.com\/wp-content\/uploads\/2024\/07\/2-10.jpg 750w\" sizes=\"(max-width: 300px) 100vw, 300px\" \/><\/p>\n<p><span style=\"font-size: 18pt;\"><strong>3.Eixo B de \u00e2ngulo grande de 35\u00b0 e -91\u00b0para implantes de \u00e2ngulo grande.<\/strong><\/span><\/p>\n<p><img decoding=\"async\" class=\"alignnone size-medium wp-image-4655\" src=\"https:\/\/www.dentalxangtech.com\/wp-content\/uploads\/2024\/07\/3-12-300x172.jpg\" alt=\"M\u00e1quina de Milling XT50\" width=\"300\" height=\"172\" srcset=\"https:\/\/www.dentalxangtech.com\/wp-content\/uploads\/2024\/07\/3-12-300x172.jpg 300w, https:\/\/www.dentalxangtech.com\/wp-content\/uploads\/2024\/07\/3-12-18x10.jpg 18w, https:\/\/www.dentalxangtech.com\/wp-content\/uploads\/2024\/07\/3-12-600x344.jpg 600w, https:\/\/www.dentalxangtech.com\/wp-content\/uploads\/2024\/07\/3-12.jpg 750w\" sizes=\"(max-width: 300px) 100vw, 300px\" \/><br \/>\n<span style=\"font-size: 18pt;\"><strong>A fixa\u00e7\u00e3o do tipo 4.C melhora a utiliza\u00e7\u00e3o de material em 20%.<\/strong><\/span><\/p>\n<p><img loading=\"lazy\" decoding=\"async\" class=\"alignnone size-medium wp-image-4656\" src=\"https:\/\/www.dentalxangtech.com\/wp-content\/uploads\/2024\/07\/4-7-300x172.jpg\" alt=\"M\u00e1quina de Milling XT50\" width=\"300\" height=\"172\" srcset=\"https:\/\/www.dentalxangtech.com\/wp-content\/uploads\/2024\/07\/4-7-300x172.jpg 300w, https:\/\/www.dentalxangtech.com\/wp-content\/uploads\/2024\/07\/4-7-18x10.jpg 18w, https:\/\/www.dentalxangtech.com\/wp-content\/uploads\/2024\/07\/4-7-600x344.jpg 600w, https:\/\/www.dentalxangtech.com\/wp-content\/uploads\/2024\/07\/4-7.jpg 750w\" sizes=\"(max-width: 300px) 100vw, 300px\" \/><\/p>\n<p><span style=\"font-size: 18pt;\"><strong>5.Detec\u00e7\u00e3o e calibra\u00e7\u00e3o autom\u00e1ticadas orelhas de ferramentas do eixo.<\/strong><\/span><\/p>\n<p><img loading=\"lazy\" decoding=\"async\" class=\"alignnone size-medium wp-image-4657\" src=\"https:\/\/www.dentalxangtech.com\/wp-content\/uploads\/2024\/07\/5-6-300x172.jpg\" alt=\"M\u00e1quina de Milling XT50\" width=\"300\" height=\"172\" srcset=\"https:\/\/www.dentalxangtech.com\/wp-content\/uploads\/2024\/07\/5-6-300x172.jpg 300w, https:\/\/www.dentalxangtech.com\/wp-content\/uploads\/2024\/07\/5-6-18x10.jpg 18w, https:\/\/www.dentalxangtech.com\/wp-content\/uploads\/2024\/07\/5-6-600x344.jpg 600w, https:\/\/www.dentalxangtech.com\/wp-content\/uploads\/2024\/07\/5-6.jpg 750w\" sizes=\"(max-width: 300px) 100vw, 300px\" \/><\/p>\n<p><span style=\"font-size: 18pt;\"><strong>mudan\u00e7a autom\u00e1tica de 6,10 ferramentas, processamento de uma \u00fanica coroa \u226413 minutos.<\/strong><\/span><\/p>\n<p><img loading=\"lazy\" decoding=\"async\" class=\"alignnone size-medium wp-image-4658\" src=\"https:\/\/www.dentalxangtech.com\/wp-content\/uploads\/2024\/07\/6-8-300x172.jpg\" alt=\"M\u00e1quina de Milling XT50\" width=\"300\" height=\"172\" srcset=\"https:\/\/www.dentalxangtech.com\/wp-content\/uploads\/2024\/07\/6-8-300x172.jpg 300w, https:\/\/www.dentalxangtech.com\/wp-content\/uploads\/2024\/07\/6-8-18x10.jpg 18w, https:\/\/www.dentalxangtech.com\/wp-content\/uploads\/2024\/07\/6-8-600x344.jpg 600w, https:\/\/www.dentalxangtech.com\/wp-content\/uploads\/2024\/07\/6-8.jpg 750w\" sizes=\"(max-width: 300px) 100vw, 300px\" \/><\/p>\n<p><strong><span style=\"font-size: 18pt;\">7.A estrutura integrada de silicone resistente ao p\u00f3 impede que o p\u00f3 invada o interior do corpo.<\/span><\/strong><\/p>\n<p><img loading=\"lazy\" decoding=\"async\" class=\"alignnone size-medium wp-image-4659\" src=\"https:\/\/www.dentalxangtech.com\/wp-content\/uploads\/2024\/07\/7-300x172.jpg\" alt=\"M\u00e1quina de Milling XT50\" width=\"300\" height=\"172\" srcset=\"https:\/\/www.dentalxangtech.com\/wp-content\/uploads\/2024\/07\/7-300x172.jpg 300w, https:\/\/www.dentalxangtech.com\/wp-content\/uploads\/2024\/07\/7-18x10.jpg 18w, https:\/\/www.dentalxangtech.com\/wp-content\/uploads\/2024\/07\/7-600x344.jpg 600w, https:\/\/www.dentalxangtech.com\/wp-content\/uploads\/2024\/07\/7.jpg 750w\" sizes=\"(max-width: 300px) 100vw, 300px\" \/><\/p>\n<p><strong><span style=\"font-size: 18pt;\">8. A m\u00e1quina com vers\u00e3o otimizada de Hyperdent.<\/span><\/strong><\/p>\n<p><img loading=\"lazy\" decoding=\"async\" class=\"alignnone size-medium wp-image-4660\" src=\"https:\/\/www.dentalxangtech.com\/wp-content\/uploads\/2024\/07\/8-300x172.jpg\" alt=\"M\u00e1quina de Milling XT50\" width=\"300\" height=\"172\" srcset=\"https:\/\/www.dentalxangtech.com\/wp-content\/uploads\/2024\/07\/8-300x172.jpg 300w, https:\/\/www.dentalxangtech.com\/wp-content\/uploads\/2024\/07\/8-18x10.jpg 18w, https:\/\/www.dentalxangtech.com\/wp-content\/uploads\/2024\/07\/8-600x344.jpg 600w, https:\/\/www.dentalxangtech.com\/wp-content\/uploads\/2024\/07\/8.jpg 750w\" sizes=\"(max-width: 300px) 100vw, 300px\" \/><\/p>\n<p style=\"text-align: center;\"><span style=\"font-size: 24pt;\"><strong>Demostra\u00e7\u00e3o de Trabalho<\/strong><\/span><\/p>\n<p><iframe title=\"XANGTECH XT-50 Dental Milling Machine\" width=\"800\" height=\"450\" src=\"https:\/\/www.youtube.com\/embed\/wWUbFP1t8sk?feature=oembed\" frameborder=\"0\" allow=\"accelerometer; autoplay; clipboard-write; encrypted-media; gyroscope; picture-in-picture; web-share\" referrerpolicy=\"strict-origin-when-cross-origin\" allowfullscreen><\/iframe><\/p>","protected":false},"excerpt":{"rendered":"<p>XANGTECH XT-50 dry milling machine has numerous intelligent features, providing you with the best dental solution. Our XT-50 zirconia milling machine is equipped with a power-off recovery function. In the event of a dental emergency or interruption during machining, it can automatically resume processing, effectively avoiding repetitive work that increases processing time and reduces efficiency.XANGTECH [&hellip;]<\/p>\n","protected":false},"featured_media":4640,"template":"","meta":{"_acf_changed":false},"product_brand":[],"product_cat":[76],"product_tag":[],"class_list":{"0":"post-1834","1":"product","2":"type-product","3":"status-publish","4":"has-post-thumbnail","6":"product_cat-dental-milling-machine","8":"first","9":"instock","10":"shipping-taxable","11":"product-type-simple"},"acf":[],"_links":{"self":[{"href":"https:\/\/www.dentalxangtech.com\/pt\/wp-json\/wp\/v2\/product\/1834","targetHints":{"allow":["GET"]}}],"collection":[{"href":"https:\/\/www.dentalxangtech.com\/pt\/wp-json\/wp\/v2\/product"}],"about":[{"href":"https:\/\/www.dentalxangtech.com\/pt\/wp-json\/wp\/v2\/types\/product"}],"wp:featuredmedia":[{"embeddable":true,"href":"https:\/\/www.dentalxangtech.com\/pt\/wp-json\/wp\/v2\/media\/4640"}],"wp:attachment":[{"href":"https:\/\/www.dentalxangtech.com\/pt\/wp-json\/wp\/v2\/media?parent=1834"}],"wp:term":[{"taxonomy":"product_brand","embeddable":true,"href":"https:\/\/www.dentalxangtech.com\/pt\/wp-json\/wp\/v2\/product_brand?post=1834"},{"taxonomy":"product_cat","embeddable":true,"href":"https:\/\/www.dentalxangtech.com\/pt\/wp-json\/wp\/v2\/product_cat?post=1834"},{"taxonomy":"product_tag","embeddable":true,"href":"https:\/\/www.dentalxangtech.com\/pt\/wp-json\/wp\/v2\/product_tag?post=1834"}],"curies":[{"name":"wp","href":"https:\/\/api.w.org\/{rel}","templated":true}]}}