{"id":1835,"date":"2024-07-10T10:58:13","date_gmt":"2024-07-10T02:58:13","guid":{"rendered":"https:\/\/www.dentalxangtech.com\/?post_type=product&#038;p=1835"},"modified":"2025-12-30T15:11:29","modified_gmt":"2025-12-30T07:11:29","slug":"11s-zirconia-sintering-furnace","status":"publish","type":"product","link":"https:\/\/www.dentalxangtech.com\/pt\/product\/11s-zirconia-sintering-furnace\/","title":{"rendered":"forno de sinteriza\u00e7\u00e3o de circ\u00f3nia 11S"},"content":{"rendered":"<p><span style=\"font-size: 14pt;\">O forno de sinteriza\u00e7\u00e3o de circ\u00f3nia XANGTECH 11s \u00e9 a escolha \u00f3ptima para sinteriza\u00e7\u00e3o de dentes dentais. Nosso forno de sinteriza\u00e7\u00e3o de zirc\u00f4nia tem uma c\u00e2mara espacial de di\u00e2metro de 100 mm, facilmente sinterizando 3 camadas de dentes de zirc\u00f4nia. Isso aumenta significativamente a produ\u00e7\u00e3o de processamento de um \u00fanico tiro, reduz os ciclos de sinteriza\u00e7\u00e3o, melhora a efici\u00eancia da produ\u00e7\u00e3o dental e reduz os custos energ\u00e9ticos. 4 elementos de aquecimento silico-molibd\u00eanio de alta puridade com excelente resist\u00eancia \u00e0 oxida\u00e7\u00e3o fornecem aquecimento ao redor. Isto n\u00e3o s\u00f3 assegura uma opera\u00e7\u00e3o est\u00e1vel a longo prazo, reduzindo manuten\u00e7\u00e3o e custos, mas tamb\u00e9m assegura uma distribui\u00e7\u00e3o mais uniforme da temperatura no forno de sinteriza\u00e7\u00e3o, assegurando aquecimento uniforme em todas as partes da <span style=\"color: #00ccff;\"><a style=\"color: #00ccff;\" href=\"https:\/\/www.dentalxangtech.com\/pt\/categoria-produto\/dental-material\/dental-zirconia-block\/\">zirc\u00f4nia<\/a><\/span> dentaria durante a sinteriza\u00e7\u00e3o. Isto efetivamente evita quebrar, deformar e densidade desigual, melhorando significativamente a qualidade e rendimento do produto acabado. O forno de sinteriza\u00e7\u00e3o dental 11s pode alcan\u00e7ar uma temperatura m\u00e1xima de 1650\u00b0C e uma taxa de aquecimento de at\u00e9 100\u00b0C\/minuto, possibilitando sinteriza\u00e7\u00e3o r\u00e1pida e precisa. O melhor de tudo, forno de sinteriza\u00e7\u00e3o dental 11s XANGTECH suporta modos de sinteriza\u00e7\u00e3o r\u00e1pido e lento. Em situa\u00e7\u00f5es de emerg\u00eancia, o modo de sinteriza\u00e7\u00e3o r\u00e1pida pode atender \u00e0s necessidades urgentes do cliente. Para dentes com altos requisitos, materiais especiais ou estruturas complex as, o modo de disparo lento permite que o material seja sinterizado em um gradiente de temperatura est\u00e1vel, resultando em uma estrutura cristal mais densa e uniforme dentro da dentura, aumentando propriedades f\u00edsicas como for\u00e7a e dureza, e prolongando a vida da dentura.<\/span><\/p>\n<p><span style=\"font-size: 14pt;\">Nosso forno de sinteriza\u00e7\u00e3o de zirc\u00f4nia o display intuitivo s permite aos usu\u00e1rios estabelecer f\u00e1cilmente v\u00e1rios par\u00e2metros de sinteriza\u00e7\u00e3o, e a fun\u00e7\u00e3o de an\u00fancio de voz incorporada simplifica significativamente a opera\u00e7\u00e3o. A poderosa plataforma Linux de 32 bits suporta poderosas caracter\u00edsticas de software e atualiza\u00e7\u00f5es futuras. O \u00fanico <span style=\"color: #00ccff;\"><a style=\"color: #00ccff;\" href=\"https:\/\/www.dentalxangtech.com\/pt\/categoria-produto\/dental-material\/dental-zirconia-block\/\">bloco de zirc\u00f4nia<\/a><\/span> a fun\u00e7\u00e3o de pr\u00e9-secagem n\u00e3o s\u00f3 reduz o risco de quebra dent\u00e1ria, mas tamb\u00e9m assegura durabilidade e est\u00e9tica. Durante a opera\u00e7\u00e3o, nosso forno de sinteriza\u00e7\u00e3o de circ\u00f3nia dental n\u00e3o apenas indica o n\u00famero de part\u00edculas sinteradas, mas tamb\u00e9m funciona de armazenamento e an\u00e1lise para assegurar um controle de qualidade abrangente ao longo do processo inteiro.<\/span><\/p>\n<p><span style=\"font-size: 18pt;\"><b>C\u00e1mara de forno de di\u00e2metro de 1.100 mm possibilita sinteriza\u00e7\u00e3o de 3 camadas de dentes.<\/b><\/span><\/p>\n<p><span style=\"font-size: 18pt;\"><b>2.4 Elementos de aquecimento de molibd\u00eanio de sil\u00edcio de alta puridade rodeiam a c\u00e2mara para aquecimento uniforme.<\/b><\/span><\/p>\n<p><span style=\"font-size: 18pt;\"><b>3. Apoia a sinteriza\u00e7\u00e3o r\u00e1pida e lenta.<\/b><\/span><\/p>\n<p><span style=\"font-size: 18pt;\"><b>4. A fun\u00e7\u00e3o de pr\u00e9-secagem do bloco de circ\u00f3nia evita quebra dent\u00e1ria.<\/b><\/span><\/p>\n<p><span style=\"font-size: 18pt;\"><b>5. Indicador de contagem de part\u00edculas sinterada, armazenamento e fun\u00e7\u00f5es de an\u00e1lise.<\/b><\/span><\/p>\n<p style=\"text-align: center;\"><span style=\"font-size: 24pt;\"><strong>Demostra\u00e7\u00e3o de Trabalho<\/strong><\/span><\/p>\n<p><iframe title=\"XANGTECH Dental Zirconia Sintering Furnace\" width=\"800\" height=\"450\" src=\"https:\/\/www.youtube.com\/embed\/NSWjRCcyGPQ?feature=oembed\" frameborder=\"0\" allow=\"accelerometer; autoplay; clipboard-write; encrypted-media; gyroscope; picture-in-picture; web-share\" referrerpolicy=\"strict-origin-when-cross-origin\" allowfullscreen><\/iframe><\/p>\n<p>&nbsp;<\/p>","protected":false},"excerpt":{"rendered":"<p>XANGTECH 11s zirconia sintering furnace is the optimal choice for sintering dental dentures. Our zirconia sintering furnace boasts a spacious 100mm diameter chamber, easily sintering 3 layers stacked zirconia dentures. This significantly increases single-shot processing output, reduces sintering cycles, improves dental production efficiency, and reduces energy costs. 4 high-purity silicon-molybdenum heating elements with excellent oxidation [&hellip;]<\/p>\n","protected":false},"featured_media":2175,"template":"","meta":{"_acf_changed":false},"product_brand":[],"product_cat":[77],"product_tag":[],"class_list":{"0":"post-1835","1":"product","2":"type-product","3":"status-publish","4":"has-post-thumbnail","6":"product_cat-zirconia-sintering-furnace","8":"first","9":"instock","10":"shipping-taxable","11":"product-type-simple"},"acf":[],"_links":{"self":[{"href":"https:\/\/www.dentalxangtech.com\/pt\/wp-json\/wp\/v2\/product\/1835","targetHints":{"allow":["GET"]}}],"collection":[{"href":"https:\/\/www.dentalxangtech.com\/pt\/wp-json\/wp\/v2\/product"}],"about":[{"href":"https:\/\/www.dentalxangtech.com\/pt\/wp-json\/wp\/v2\/types\/product"}],"wp:featuredmedia":[{"embeddable":true,"href":"https:\/\/www.dentalxangtech.com\/pt\/wp-json\/wp\/v2\/media\/2175"}],"wp:attachment":[{"href":"https:\/\/www.dentalxangtech.com\/pt\/wp-json\/wp\/v2\/media?parent=1835"}],"wp:term":[{"taxonomy":"product_brand","embeddable":true,"href":"https:\/\/www.dentalxangtech.com\/pt\/wp-json\/wp\/v2\/product_brand?post=1835"},{"taxonomy":"product_cat","embeddable":true,"href":"https:\/\/www.dentalxangtech.com\/pt\/wp-json\/wp\/v2\/product_cat?post=1835"},{"taxonomy":"product_tag","embeddable":true,"href":"https:\/\/www.dentalxangtech.com\/pt\/wp-json\/wp\/v2\/product_tag?post=1835"}],"curies":[{"name":"wp","href":"https:\/\/api.w.org\/{rel}","templated":true}]}}