{"id":1838,"date":"2024-07-10T11:30:43","date_gmt":"2024-07-10T03:30:43","guid":{"rendered":"https:\/\/www.dentalxangtech.com\/?post_type=product&#038;p=1838"},"modified":"2024-08-09T15:50:20","modified_gmt":"2024-08-09T07:50:20","slug":"press-ingots","status":"publish","type":"product","link":"https:\/\/www.dentalxangtech.com\/pt\/product\/press-ingots\/","title":{"rendered":"Prema ingots"},"content":{"rendered":"<p><span style=\"font-size: 14pt;\">Os ingots da imprensa XANGTECH oferecem in\u00fameras vantagens para restaura\u00e7\u00f5es dent\u00e1rias, proporcionando alta estabilidade qu\u00edmica e for \u00e7a compressiva. Isso assegura que as pr\u00f3teses finais sejam duradouras e confi\u00e1veis, capazes de resistir aos estresses funcionais ao longo do tempo. Os ingots de imprensa s\u00e3o f\u00e1ceis de usar e f\u00e1ceis de trabalhar, reduzindo significativamente os danos de molhimento do bur e, assim, prolongando a dura\u00e7\u00e3o de vida do seu equipamento. <\/span><br \/>\n<span style=\"font-size: 14pt;\">O processamento de ingots de imprensa \u00e9 simples e r\u00e1pido, envolvendo menos passos dent\u00e1rios. Este processo racionalizado aumenta a efici\u00eancia do fluxo de trabalho, permitindo tempos de giro mais r\u00e1pidos e aumentando a produtividade no laborat\u00f3rio dental. O design ligeiro e compacto de ingots de imprensa contribui ainda mais para a facilidade de manejo, tornando-os uma escolha pr\u00e1tica para profissionais dentais. De um ponto de vista est\u00e9tico, os ingots de imprensa fornecem resultados superiores, com excelente transpar\u00eancia e capacidades de combina\u00e7\u00e3o de cores que s\u00e3o cruciais para criar restaura\u00e7\u00f5es com aspecto natural. Eles s\u00e3o adequados para uma ampla gama de aplica\u00e7\u00f5es dent\u00e1rias, incluindo coroas, pontes, entradas, apenas, e veneras, tornando-as uma op\u00e7\u00e3o vers\u00e1til na dentistia restaurativa.<\/span><\/p>\n<p>&nbsp;<\/p>\n<p><span style=\"font-size: 14pt;\"><strong>1. Alta estabilidade qu\u00edmica e for\u00e7a compressiva<\/strong><\/span><br \/>\n<span style=\"font-size: 14pt;\"><strong>2. \u00c9 f\u00e1cil trabalhar com, reduzir o dano da explos\u00e3o de molhimento<\/strong><\/span><br \/>\n<span style=\"font-size: 14pt;\"><strong>3.Processo simples e r\u00e1pido com menos passos dent\u00e1rios<\/strong><\/span><br \/>\n<span style=\"font-size: 14pt;\"><strong>4.Peso ligeiro, compacto e f\u00e1cil de usar<\/strong><\/span><\/p>","protected":false},"excerpt":{"rendered":"<p>XANGTECH press ingots offer numerous advantages for dental restorations, providing high chemical stability and compressive strength. This ensures that the final prosthetics are durable and reliable, capable of withstanding functional stresses over time.Press ingots are user-friendly and easy to work with, significantly reducing milling bur damage and thereby extending the lifespan of your equipment. The [&hellip;]<\/p>\n","protected":false},"featured_media":2138,"template":"","meta":{"_acf_changed":false},"product_brand":[],"product_cat":[15],"product_tag":[],"class_list":{"0":"post-1838","1":"product","2":"type-product","3":"status-publish","4":"has-post-thumbnail","6":"product_cat-restoration-materials","8":"first","9":"instock","10":"shipping-taxable","11":"product-type-simple"},"acf":[],"_links":{"self":[{"href":"https:\/\/www.dentalxangtech.com\/pt\/wp-json\/wp\/v2\/product\/1838","targetHints":{"allow":["GET"]}}],"collection":[{"href":"https:\/\/www.dentalxangtech.com\/pt\/wp-json\/wp\/v2\/product"}],"about":[{"href":"https:\/\/www.dentalxangtech.com\/pt\/wp-json\/wp\/v2\/types\/product"}],"wp:featuredmedia":[{"embeddable":true,"href":"https:\/\/www.dentalxangtech.com\/pt\/wp-json\/wp\/v2\/media\/2138"}],"wp:attachment":[{"href":"https:\/\/www.dentalxangtech.com\/pt\/wp-json\/wp\/v2\/media?parent=1838"}],"wp:term":[{"taxonomy":"product_brand","embeddable":true,"href":"https:\/\/www.dentalxangtech.com\/pt\/wp-json\/wp\/v2\/product_brand?post=1838"},{"taxonomy":"product_cat","embeddable":true,"href":"https:\/\/www.dentalxangtech.com\/pt\/wp-json\/wp\/v2\/product_cat?post=1838"},{"taxonomy":"product_tag","embeddable":true,"href":"https:\/\/www.dentalxangtech.com\/pt\/wp-json\/wp\/v2\/product_tag?post=1838"}],"curies":[{"name":"wp","href":"https:\/\/api.w.org\/{rel}","templated":true}]}}