{"id":1975,"date":"2024-07-16T09:08:42","date_gmt":"2024-07-16T01:08:42","guid":{"rendered":"https:\/\/www.dentalxangtech.com\/?post_type=product&#038;p=1975"},"modified":"2025-03-28T09:18:42","modified_gmt":"2025-03-28T01:18:42","slug":"monolayer-pmma-disc","status":"publish","type":"product","link":"https:\/\/www.dentalxangtech.com\/pt\/product\/monolayer-pmma-disc\/","title":{"rendered":"Disco de pmma Monolayer"},"content":{"rendered":"<p><span style=\"font-size: 14pt;\">Discos PMMA de monocamada XANGTECH s\u00e3o um material indispens\u00e1vel na dentistia contempor\u00e2nea, meticulosamente projetados para fabricar pr\u00f3teses dent\u00e1rias duradouras e confi\u00e1veis. Com sua for \u00e7a \u00f3ptima e dura\u00e7\u00e3o, esses blocos s\u00e3o perfeitamente adequados para uma ampla gama de aplica\u00e7\u00f5es dent\u00e1rias, assegurando desempenho de longa dura\u00e7\u00e3o e satisfa\u00e7\u00e3o do paciente. A biocompatibilidade superior dos discos PMMA garante a seguran\u00e7a e conforto dos pacientes, tornando-os uma escolha ideal para diversos procedimentos restauradores.<\/span><\/p>\n<p><span style=\"font-size: 14pt;\">Uma das caracter\u00edsticas destacadas dos discos PMMA monocamada \u00e9 suas propriedades de cores est\u00e1veis, que permitem aos profissionais dent\u00e1rios alcan\u00e7ar excelentes resultados est\u00e9ticos. Esses blocos coincidem estreitamente com a apar\u00eancia natural dos dentes, proporcionando aos pacientes restaura\u00e7\u00f5es que se misturam sem problemas com a dentifica\u00e7\u00e3o existente. Al\u00e9m disso, discos monocamadas PMMA oferecem resist\u00eancia excepcional \u00e0 abra\u00e7\u00e3o, o que contribui para sua longevidade e resist\u00eancia no ambiente oral. A facilidade de processar discos PMMA monocamada aumenta tanto a efici\u00eancia quanto a precis\u00e3o no laborat\u00f3rio dental. Isso facilita a cria\u00e7\u00e3o de restaura\u00e7\u00f5es de alta qualidade, de coroas e pontes a dentes e outras pr\u00f3teses.<\/span><\/p>\n<p>&nbsp;<\/p>\n<p><span style=\"font-size: 14pt;\"><strong>1. For\u00e7a e rigidez apropriadas para uso dental<\/strong><\/span><br \/>\n<span style=\"font-size: 14pt;\"><strong>2. Boa biocompatibilidade<\/strong><\/span><br \/>\n<span style=\"font-size: 14pt;\"><strong>3. Cor est\u00e1vel, pode alcan\u00e7ar efeito est\u00e9tico ideal<\/strong><\/span><br \/>\n<span style=\"font-size: 14pt;\"><strong>4. Boa resist\u00eancia \u00e0 abra\u00e7\u00e3o, processamento f\u00e1cil<\/strong><\/span><\/p>","protected":false},"excerpt":{"rendered":"<p>XANGTECH monolayer PMMA Discs are an indispensable material in contemporary dentistry, meticulously designed to fabricate durable and reliable dental prosthetics. With their optimal strength and toughness, these blocks are perfectly suited for a wide range of dental applications, ensuring long-lasting performance and patient satisfaction. The superior biocompatibility of PMMA discs guarantees patient safety and comfort, [&hellip;]<\/p>\n","protected":false},"featured_media":3747,"template":"","meta":{"_acf_changed":false},"product_brand":[],"product_cat":[61],"product_tag":[],"class_list":{"0":"post-1975","1":"product","2":"type-product","3":"status-publish","4":"has-post-thumbnail","6":"product_cat-monolayer-pmma-disc","8":"first","9":"instock","10":"shipping-taxable","11":"product-type-simple"},"acf":[],"_links":{"self":[{"href":"https:\/\/www.dentalxangtech.com\/pt\/wp-json\/wp\/v2\/product\/1975","targetHints":{"allow":["GET"]}}],"collection":[{"href":"https:\/\/www.dentalxangtech.com\/pt\/wp-json\/wp\/v2\/product"}],"about":[{"href":"https:\/\/www.dentalxangtech.com\/pt\/wp-json\/wp\/v2\/types\/product"}],"wp:featuredmedia":[{"embeddable":true,"href":"https:\/\/www.dentalxangtech.com\/pt\/wp-json\/wp\/v2\/media\/3747"}],"wp:attachment":[{"href":"https:\/\/www.dentalxangtech.com\/pt\/wp-json\/wp\/v2\/media?parent=1975"}],"wp:term":[{"taxonomy":"product_brand","embeddable":true,"href":"https:\/\/www.dentalxangtech.com\/pt\/wp-json\/wp\/v2\/product_brand?post=1975"},{"taxonomy":"product_cat","embeddable":true,"href":"https:\/\/www.dentalxangtech.com\/pt\/wp-json\/wp\/v2\/product_cat?post=1975"},{"taxonomy":"product_tag","embeddable":true,"href":"https:\/\/www.dentalxangtech.com\/pt\/wp-json\/wp\/v2\/product_tag?post=1975"}],"curies":[{"name":"wp","href":"https:\/\/api.w.org\/{rel}","templated":true}]}}