{"id":1976,"date":"2024-07-16T09:09:33","date_gmt":"2024-07-16T01:09:33","guid":{"rendered":"https:\/\/www.dentalxangtech.com\/?post_type=product&#038;p=1976"},"modified":"2024-09-27T11:00:41","modified_gmt":"2024-09-27T03:00:41","slug":"multilayer-pmma-disc","status":"publish","type":"product","link":"https:\/\/www.dentalxangtech.com\/pt\/product\/multilayer-pmma-disc\/","title":{"rendered":"Disco multicamada de pmma"},"content":{"rendered":"<p><span style=\"font-size: 14pt;\">O disco XANGTECH com m\u00faltiplas camadas de pmma proporciona in\u00fameros benef\u00edcios que os tornam um material preferido para restaura\u00e7\u00f5es dent\u00e1rias. Uma das vantagens prim\u00e1rias \u00e9 sua natureza ligeira, o que garante que elas n\u00e3o cargam a boca, aumentando significativamente o conforto e a conformidade dos pacientes. Os pacientes podem gozar de suas atividades di\u00e1rias sem o desconforto frequentemente associado a materiais dent\u00e1rios mais pesados. A estrutura inovadora multicamada de discos PMMA multicamada contribui para sua durabilidade excepcional. Essa caracter\u00edstica de design os torna mais resistentes ao uso e l\u00e1grima, assegurando que restaura\u00e7\u00f5es dent\u00e1rias feitas de discos PMMA multicamadas possam resistir aos rigores de uso di\u00e1rio. Essa durabilidade se traduz em pr\u00f3teses dent\u00e1rias mais duradouras, reduzindo a necessidade de substitui\u00e7\u00f5es frequentes e fornecendo aos pacientes solu\u00e7\u00f5es confi\u00e1veis e a longo prazo.<\/span><br \/>\n<span style=\"font-size: 14pt;\">Outro benef\u00edcio significativo dos discos PMMA multicamadas \u00e9 sua estabilidade de cores a longo prazo. Contrariamente a alguns materiais que podem desaparecer ou descolorar ao longo do tempo, discos PMMA de v\u00e1rias camadas mant\u00eam seu apelo est\u00e9tico, assegurando que restaura\u00e7\u00f5es pare\u00e7am naturais e atraentes por anos. Essa estabilidade \u00e9 crucial para a satisfa\u00e7\u00e3o dos pacientes, pois garante que seu trabalho dental permanece visualmente agrad\u00e1vel e se mistura sem problemas com seus dentes naturais. Discos PMMA de v\u00e1rias camadas tamb\u00e9m s\u00e3o incrivelmente vers\u00e1tiis, adequados para uma ampla gama de restaura\u00e7\u00f5es dent\u00e1rias. Se usados para coroas, pontes, dentes ou restaura\u00e7\u00f5es tempor\u00e1rias, discos PMMA de v\u00e1rias camadas fornecem resultados consistentes e de alta qualidade. Essa versatilidade os torna um recurso valioso em qualquer laborat\u00f3rio dental, permitindo aos profissionais dentais atender \u00e0s diversas necessidades de seus pacientes com um \u00fanico material confi\u00e1vel.<\/span><\/p>\n<p>&nbsp;<\/p>\n<p><span style=\"font-size: 14pt;\"><strong>1. Peso ligeiro e nenhum fardo para a boca.<\/strong><\/span><br \/>\n<span style=\"font-size: 14pt;\"><strong>2. A estrutura multicamada \u00e9 mais duradoura<\/strong><\/span><br \/>\n<span style=\"font-size: 14pt;\"><strong>3. Estabilidade de cores a longo prazo para evitar desaparecer.<\/strong><\/span><br \/>\n<span style=\"font-size: 14pt;\"><strong>4. Pode ser usado para v\u00e1rias restaura\u00e7\u00f5es dent\u00e1rias<\/strong><\/span><\/p>","protected":false},"excerpt":{"rendered":"<p>Espessura: 10-25 mm<br \/>\nCor: VITA 16 cores<br \/>\nM\u00f3dulo da Elasticidade: 100MP<br \/>\nDensidade: 1,35-1,45g\/cm \u00b3<br \/>\nHardness: 85-90 (Hardness Shore\uff09<br \/>\nFor\u00e7a de inclina\u00e7\u00e3o: 88 MPa<\/p>","protected":false},"featured_media":2629,"template":"","meta":{"_acf_changed":false},"product_brand":[],"product_cat":[60],"product_tag":[],"class_list":{"0":"post-1976","1":"product","2":"type-product","3":"status-publish","4":"has-post-thumbnail","6":"product_cat-multilayer-pmma-disc","8":"first","9":"instock","10":"shipping-taxable","11":"product-type-simple"},"acf":[],"_links":{"self":[{"href":"https:\/\/www.dentalxangtech.com\/pt\/wp-json\/wp\/v2\/product\/1976","targetHints":{"allow":["GET"]}}],"collection":[{"href":"https:\/\/www.dentalxangtech.com\/pt\/wp-json\/wp\/v2\/product"}],"about":[{"href":"https:\/\/www.dentalxangtech.com\/pt\/wp-json\/wp\/v2\/types\/product"}],"wp:featuredmedia":[{"embeddable":true,"href":"https:\/\/www.dentalxangtech.com\/pt\/wp-json\/wp\/v2\/media\/2629"}],"wp:attachment":[{"href":"https:\/\/www.dentalxangtech.com\/pt\/wp-json\/wp\/v2\/media?parent=1976"}],"wp:term":[{"taxonomy":"product_brand","embeddable":true,"href":"https:\/\/www.dentalxangtech.com\/pt\/wp-json\/wp\/v2\/product_brand?post=1976"},{"taxonomy":"product_cat","embeddable":true,"href":"https:\/\/www.dentalxangtech.com\/pt\/wp-json\/wp\/v2\/product_cat?post=1976"},{"taxonomy":"product_tag","embeddable":true,"href":"https:\/\/www.dentalxangtech.com\/pt\/wp-json\/wp\/v2\/product_tag?post=1976"}],"curies":[{"name":"wp","href":"https:\/\/api.w.org\/{rel}","templated":true}]}}