{"id":1977,"date":"2024-07-17T10:46:49","date_gmt":"2024-07-17T02:46:49","guid":{"rendered":"https:\/\/www.dentalxangtech.com\/?post_type=product&#038;p=1977"},"modified":"2025-03-28T10:31:04","modified_gmt":"2025-03-28T02:31:04","slug":"dental-wax-block","status":"publish","type":"product","link":"https:\/\/www.dentalxangtech.com\/pt\/product\/dental-wax-block\/","title":{"rendered":"Bloco de cera dental"},"content":{"rendered":"<p><span style=\"font-size: 14pt;\">Bloco de cera XANGTECH, uma solu\u00e7\u00e3o moderna meticulosamente projetada para elevar seus processos de artesanato e industrial. atrav\u00e9s de uma t\u00e9cnica de processamento especializada, reduz drasticamente a deforma\u00e7\u00e3o durante o tratamento, assegurando estabilidade e precis\u00e3o n\u00e3o comparadas em cada aplica\u00e7\u00e3o. Contrariamente aos materiais convencionais de cera, nosso produto tem um alto ponto de derreter, tornando-o impervioso \u00e0s altas temperaturas geradas durante a fundi\u00e7\u00e3o. Isso significa que voc\u00ea pode confiar em resultados consistentes e de alta qualidade sem o risco de derreter ou comprometer a integridade de seu trabalho.<\/span><br \/>\n<span style=\"font-size: 14pt;\">Al\u00e9m de suas propriedades t\u00e9rmicas robustas, ela apresenta caracter\u00edsticas antiest\u00e1ticas destacadas. Essas propriedades n\u00e3o s\u00f3 facilitam o processamento mais suave, mas tamb\u00e9m tornam o material excepcionalmente f\u00e1cil de limpar, reduzindo significativamente o tempo e o esfor\u00e7o de manuten\u00e7\u00e3o. Se voc\u00ea estiver est\u00e3o envolvidos em complexos detalhes ou fabricos em grande escala,o bloco de cera XANGTECH oferece uma solu\u00e7\u00e3o confi\u00e1vel e eficiente que aumenta a produtividade e proporciona resultados superiores. Confia no bloco de cera XANGTECH para satisfazer as exig\u00eancias de seus projetos mais desafiantes com facilidade e confiabilidade excepcional.<\/span><\/p>\n<p>&nbsp;<\/p>\n<p><span style=\"font-size: 14pt;\"><strong>1. Ap\u00f3s um processo especial, a deforma\u00e7\u00e3o durante o processamento \u00e9 muito reduzida.<\/strong><\/span><\/p>\n<p><span style=\"font-size: 14pt;\"><strong>2. Alto ponto de fundi\u00e7\u00e3o n\u00e3o derreter\u00e1 no processo de molhimento devido \u00e0 alta temperatura.<\/strong><\/span><\/p>\n<p><span style=\"font-size: 14pt;\"><strong>3. Excelentes propriedades anti-est\u00e1ticas, f\u00e1cil de processar e limpar.<\/strong><\/span><\/p>\n<div style=\"width: 800px;\" class=\"wp-video\"><video class=\"wp-video-shortcode\" id=\"video-1977-1\" width=\"800\" height=\"450\" preload=\"metadata\" controls=\"controls\"><source type=\"video\/mp4\" src=\"https:\/\/www.dentalxangtech.com\/wp-content\/uploads\/2024\/07\/wax-block-1.mp4?_=1\" \/><a href=\"https:\/\/www.dentalxangtech.com\/wp-content\/uploads\/2024\/07\/wax-block-1.mp4\">https:\/\/www.dentalxangtech.com\/wp-content\/uploads\/2024\/07\/wax-block-1.mp4<\/a><\/video><\/div>","protected":false},"excerpt":{"rendered":"<p>XANGTECH wax block, a cutting-edge solution meticulously engineered to elevate your crafting and industrial processes. Through a specialized processing technique, it dramatically reduces deformation during handling, ensuring unparalleled stability and precision in every application. Unlike conventional wax materials, our product boasts a high melting point, making it impervious to the high temperatures generated during milling. [&hellip;]<\/p>\n","protected":false},"featured_media":3703,"template":"","meta":{"_acf_changed":false},"product_brand":[],"product_cat":[48],"product_tag":[],"class_list":{"0":"post-1977","1":"product","2":"type-product","3":"status-publish","4":"has-post-thumbnail","6":"product_cat-wax-block","8":"first","9":"instock","10":"shipping-taxable","11":"product-type-simple"},"acf":[],"_links":{"self":[{"href":"https:\/\/www.dentalxangtech.com\/pt\/wp-json\/wp\/v2\/product\/1977","targetHints":{"allow":["GET"]}}],"collection":[{"href":"https:\/\/www.dentalxangtech.com\/pt\/wp-json\/wp\/v2\/product"}],"about":[{"href":"https:\/\/www.dentalxangtech.com\/pt\/wp-json\/wp\/v2\/types\/product"}],"wp:featuredmedia":[{"embeddable":true,"href":"https:\/\/www.dentalxangtech.com\/pt\/wp-json\/wp\/v2\/media\/3703"}],"wp:attachment":[{"href":"https:\/\/www.dentalxangtech.com\/pt\/wp-json\/wp\/v2\/media?parent=1977"}],"wp:term":[{"taxonomy":"product_brand","embeddable":true,"href":"https:\/\/www.dentalxangtech.com\/pt\/wp-json\/wp\/v2\/product_brand?post=1977"},{"taxonomy":"product_cat","embeddable":true,"href":"https:\/\/www.dentalxangtech.com\/pt\/wp-json\/wp\/v2\/product_cat?post=1977"},{"taxonomy":"product_tag","embeddable":true,"href":"https:\/\/www.dentalxangtech.com\/pt\/wp-json\/wp\/v2\/product_tag?post=1977"}],"curies":[{"name":"wp","href":"https:\/\/api.w.org\/{rel}","templated":true}]}}