{"id":1978,"date":"2024-07-17T10:47:46","date_gmt":"2024-07-17T02:47:46","guid":{"rendered":"https:\/\/www.dentalxangtech.com\/?post_type=product&#038;p=1978"},"modified":"2024-08-26T16:59:50","modified_gmt":"2024-08-26T08:59:50","slug":"dental-peek-block","status":"publish","type":"product","link":"https:\/\/www.dentalxangtech.com\/pt\/product\/dental-peek-block\/","title":{"rendered":"Bloco de olhar dental"},"content":{"rendered":"<p><span style=\"font-size: 14pt;\">Bloco XANGTECH PEEK, um material dent\u00e1rio revolucion\u00e1rio meticulosamente projetado para cumprir os altos padr\u00f5es da dentistia modern a. Renovado por suas propriedades mec\u00e2nicas excelentes e resist\u00eancia qu\u00edmica superior, o bloco XANGTECH PEEK assegura durabilidade e biocompatibilidade, tornando-o ideal para uma ampla gama de aplica\u00e7\u00f5es dent\u00e1rias, incluindo coroas, pontes e abutimentos.<\/span><\/p>\n<p><span style=\"font-size: 14pt;\">Uma das caracter\u00edsticas mais not\u00e1veis do bloco PEEK XangTech \u00e9 sua compatibilidade com aplica\u00e7\u00f5es de v\u00e1cuo ultra alto, tornando-o um dos poucos materiais dent\u00e1rios capazes de manter integridade estrutural e desempenho em condi\u00e7\u00f5es t\u00e3o exigentes. Al\u00e9m disso, permanece excepcionalmente est\u00e1vel em altas temperaturas, assegurando confiabilidade consistente durante os processos de molhimento e fabrica\u00e7\u00e3o. O bloco XANGTECH PEEK \u00e9 projetado para proporcionar precis\u00e3o e estabilidade n\u00e3o comparadas, facilitando a cria\u00e7\u00e3o de restaura\u00e7\u00f5es dent\u00e1rias altamente precisas e duradouras. Escolha o bloco XANGTECH PEEK para solu\u00e7\u00f5es dent\u00e1rias inovadoras, confi\u00e1veis e superiores que melhorem os resultados do paciente e estabelecem novos padr\u00f5es no cuidado dental.<\/span><\/p>\n<p>&nbsp;<\/p>\n<p><span style=\"font-size: 14pt;\"><strong>1. Excelentes propriedades mec\u00e2nicas e resist\u00eancia qu\u00edmica<\/strong><\/span><br \/>\n<span style=\"font-size: 14pt;\"><strong>2. Larga gama de aplica\u00e7\u00f5es<\/strong><\/span><br \/>\n<span style=\"font-size: 14pt;\"><strong>3. Um dos poucos materiais compat\u00edveis com aplica\u00e7\u00f5es de v\u00e1cuo ultra alto<\/strong><\/span><br \/>\n<span style=\"font-size: 14pt;\"><strong>4. Podem permanecer est\u00e1veis em altas temperaturas<\/strong><\/span><\/p>","protected":false},"excerpt":{"rendered":"<p>XANGTECH PEEK block, a revolutionary dental material meticulously engineered to meet the high standards of modern dentistry. Renowned for its outstanding mechanical properties and superior chemical resistance, the XANGTECH PEEK block ensures long-lasting durability and biocompatibility, making it ideal for a wide range of dental applications, including crowns, bridges, and abutments. One of the most [&hellip;]<\/p>\n","protected":false},"featured_media":2322,"template":"","meta":{"_acf_changed":false},"product_brand":[],"product_cat":[47],"product_tag":[],"class_list":{"0":"post-1978","1":"product","2":"type-product","3":"status-publish","4":"has-post-thumbnail","6":"product_cat-peek-block","8":"first","9":"instock","10":"shipping-taxable","11":"product-type-simple"},"acf":[],"_links":{"self":[{"href":"https:\/\/www.dentalxangtech.com\/pt\/wp-json\/wp\/v2\/product\/1978","targetHints":{"allow":["GET"]}}],"collection":[{"href":"https:\/\/www.dentalxangtech.com\/pt\/wp-json\/wp\/v2\/product"}],"about":[{"href":"https:\/\/www.dentalxangtech.com\/pt\/wp-json\/wp\/v2\/types\/product"}],"wp:featuredmedia":[{"embeddable":true,"href":"https:\/\/www.dentalxangtech.com\/pt\/wp-json\/wp\/v2\/media\/2322"}],"wp:attachment":[{"href":"https:\/\/www.dentalxangtech.com\/pt\/wp-json\/wp\/v2\/media?parent=1978"}],"wp:term":[{"taxonomy":"product_brand","embeddable":true,"href":"https:\/\/www.dentalxangtech.com\/pt\/wp-json\/wp\/v2\/product_brand?post=1978"},{"taxonomy":"product_cat","embeddable":true,"href":"https:\/\/www.dentalxangtech.com\/pt\/wp-json\/wp\/v2\/product_cat?post=1978"},{"taxonomy":"product_tag","embeddable":true,"href":"https:\/\/www.dentalxangtech.com\/pt\/wp-json\/wp\/v2\/product_tag?post=1978"}],"curies":[{"name":"wp","href":"https:\/\/api.w.org\/{rel}","templated":true}]}}