{"id":2168,"date":"2024-07-31T09:50:28","date_gmt":"2024-07-31T01:50:28","guid":{"rendered":"http\/\/www.dentalxangtech.com\/?post_type=product&#038;p=2168"},"modified":"2024-08-08T11:10:51","modified_gmt":"2024-08-08T03:10:51","slug":"press-furnace","status":"publish","type":"product","link":"https:\/\/www.dentalxangtech.com\/pt\/product\/press-furnace\/","title":{"rendered":"Forno de imprensa"},"content":{"rendered":"<p><span style=\"font-size: 14pt;\">forno de imprensa XANGTECH, projetado para aumentar o desempenho e a confiabilidade em laborat\u00f3rios dent\u00e1rios e cl\u00ednicas. Esse forno avan\u00e7ado destaca sua capacidade de funcionar sem a necessidade de ar comprimido, simplificando tanto a instala\u00e7\u00e3o como a manuten\u00e7\u00e3o. Ao eliminar a necessidade de ar comprimido, n\u00e3o s\u00f3 reduz a complexidade operacional, mas tamb\u00e9m assegura resultados consistentemente excelentes em v\u00e1rias aplica\u00e7\u00f5es. O forno \u00e9 projetado para baixa manuten\u00e7\u00e3o, traduzindo-se em custos reduzidos de manuten\u00e7\u00e3o e tempo m\u00ednimo de descanso. Sua robust a constru\u00e7\u00e3o garante precis\u00e3o de alta borda, o que \u00e9 crucial para alcan\u00e7ar trabalho dental detalhado e preciso, mantendo tamb\u00e9m uma baixa probabilidade de falha de garantir desempenho confi\u00e1vel ao longo do tempo.<\/span><\/p>\n<p><span style=\"font-size: 14pt;\">A versatilidade est\u00e1 no cora\u00e7\u00e3o do nosso forno de imprensa, pois est\u00e1 equipado para lidar com fun\u00e7\u00f5es de press \u00e3o e porcelana. Essa dualidade torna-a um ativo inestim\u00e1vel em qualquer pr\u00e1tica dental, capaz de acomodar uma variedade de procedimentos e materiais. O design inovador do forno fornece uma funcionalidade abrangente ao mesmo tempo que mant\u00e9m a efici\u00eancia, oferecendo uma integra\u00e7\u00e3o sem problemas em qualquer fluxo de trabalho. Com suas caracter\u00edsticas avan\u00e7adas, incluindo precis\u00e3o excepcional e necessidades reduzidas de manuten\u00e7\u00e3o, este forno de imprensa \u00e9 projetado para satisfazer as exig\u00eancias evoluintes das pr\u00e1ticas dent\u00e1rias modernas, assegurando resultados superiores e aumentando a produtividade em cada aplica\u00e7\u00e3o.<\/span><\/p>\n<p>&nbsp;<\/p>\n<p><span style=\"font-size: 14pt;\"><strong>1. N\u00e3o h\u00e1 necessidade de ar comprimido, excelentes resultados<\/strong><\/span><br \/>\n<span style=\"font-size: 14pt;\"><strong>2. Baixo custo de manuten\u00e7\u00e3o.<\/strong><\/span><br \/>\n<span style=\"font-size: 14pt;\"><strong>3. Precisi\u00e3o de alta borda e baixa probabilidade de fracasso.<\/strong><\/span><br \/>\n<span style=\"font-size: 14pt;\"><strong>4. A imprensa e a porcelana funcionam<\/strong><\/span><\/p>","protected":false},"excerpt":{"rendered":"<p>XANGTECH press furnace, designed to elevate performance and reliability in dental laboratories and clinics. This advanced furnace stands out for its ability to operate without the need for compressed air, simplifying both setup and maintenance. By eliminating the need for compressed air, it not only reduces operational complexity but also ensures consistently excellent results across [&hellip;]<\/p>\n","protected":false},"featured_media":2178,"template":"","meta":{"_acf_changed":false},"product_brand":[],"product_cat":[67,15],"product_tag":[],"class_list":{"0":"post-2168","1":"product","2":"type-product","3":"status-publish","4":"has-post-thumbnail","6":"product_cat-grinder-stone","7":"product_cat-restoration-materials","9":"first","10":"instock","11":"shipping-taxable","12":"product-type-simple"},"acf":[],"_links":{"self":[{"href":"https:\/\/www.dentalxangtech.com\/pt\/wp-json\/wp\/v2\/product\/2168","targetHints":{"allow":["GET"]}}],"collection":[{"href":"https:\/\/www.dentalxangtech.com\/pt\/wp-json\/wp\/v2\/product"}],"about":[{"href":"https:\/\/www.dentalxangtech.com\/pt\/wp-json\/wp\/v2\/types\/product"}],"wp:featuredmedia":[{"embeddable":true,"href":"https:\/\/www.dentalxangtech.com\/pt\/wp-json\/wp\/v2\/media\/2178"}],"wp:attachment":[{"href":"https:\/\/www.dentalxangtech.com\/pt\/wp-json\/wp\/v2\/media?parent=2168"}],"wp:term":[{"taxonomy":"product_brand","embeddable":true,"href":"https:\/\/www.dentalxangtech.com\/pt\/wp-json\/wp\/v2\/product_brand?post=2168"},{"taxonomy":"product_cat","embeddable":true,"href":"https:\/\/www.dentalxangtech.com\/pt\/wp-json\/wp\/v2\/product_cat?post=2168"},{"taxonomy":"product_tag","embeddable":true,"href":"https:\/\/www.dentalxangtech.com\/pt\/wp-json\/wp\/v2\/product_tag?post=2168"}],"curies":[{"name":"wp","href":"https:\/\/api.w.org\/{rel}","templated":true}]}}