{"id":2181,"date":"2024-07-31T09:53:43","date_gmt":"2024-07-31T01:53:43","guid":{"rendered":"http\/\/www.dentalxangtech.com\/?post_type=product&#038;p=2181"},"modified":"2024-08-08T11:08:51","modified_gmt":"2024-08-08T03:08:51","slug":"porcelain-furnace","status":"publish","type":"product","link":"https:\/\/www.dentalxangtech.com\/pt\/product\/porcelain-furnace\/","title":{"rendered":"forno de porcelana"},"content":{"rendered":"<p><span style=\"font-size: 14pt;\">XANGTECH forno avan\u00e7ado de porcelana, projetado especificamente para laborat\u00f3rios dent\u00e1rios e cl\u00ednicas. Este dispositivo de \u00faltima tecnologia combina um design compacto com funcionalidade excepcional, tornando-o o menor forno de cer\u00e2mica de sua classe. As caracter\u00edsticas chave incluem ajuste autom\u00e1tico de alta qualidade da temperatura, mantendo uma margem de erro dentro de \/- 1\u00b0C, e calibra\u00e7\u00e3o autom\u00e1tica antes de cada uso para desempenho consistente. O forno tamb\u00e9m oferece uma opera\u00e7\u00e3o suave e sem nervos gra\u00e7as a sua precis\u00e3o motorizadora, e inclui uma espiral de quartz duradoura para distribui\u00e7\u00e3o eficiente de calor. A conectividade USB facilita a facilidade de integra\u00e7\u00e3o com programas de servi\u00e7o de PC, e o forno tem 99 programas personalizados ao lado de op\u00e7\u00f5es integradas, oferecendo flexibilidade n\u00e3o concordada.<\/span><\/p>\n<p><span style=\"font-size: 14pt;\">Confiado em profissionais dent\u00e1rios em todo o mundo, nosso forno de porcelana exemplifica confiabilidade, inova\u00e7\u00e3o e opera\u00e7\u00e3o amig\u00e1vel ao usu\u00e1rio. Seu tamanho compacto permite que ele se encaixe sem problemas em qualquer espa\u00e7o de trabalho, enquanto indicadores claros de estado mant\u00eam os usu\u00e1rios informados de seu estado operacional. Designado para aumentar a produtividade, este forno \u00e9 uma ferramenta indispens\u00e1vel para pr\u00e1ticas dent\u00e1rias modernas. Com sua tecnologia moderna e robust a constru\u00e7\u00e3o, nosso forno de porcelana estabelece um novo padr\u00e3o em equipamento dental, assegurando resultados precisos, consistentes e eficientes cada vez.<\/span><\/p>\n<p>&nbsp;<\/p>\n<p><span style=\"font-size: 14pt;\"><strong>1. Fun\u00e7\u00e3o de ajuste autom\u00e1tico de alta qualidade de temperatura<\/strong><\/span><br \/>\n<span style=\"font-size: 14pt;\"><strong>2. \u00c9 f\u00e1cil operar com pequeno tamanho<\/strong><\/span><br \/>\n<span style=\"font-size: 14pt;\"><strong>3.Motor de precis\u00e3o, movimento livre e suave e sem agita\u00e7\u00e3o.<\/strong><\/span><br \/>\n<span style=\"font-size: 14pt;\"><strong>4.Calibra\u00e7\u00e3o autom\u00e1tica da temperatura antes de cada processo de torrada.<\/strong><\/span><br \/>\n<span style=\"font-size: 14pt;\"><strong>Porto 5.USB para conex\u00e3o f\u00e1cil com o programa de servi\u00e7o PC.<\/strong><\/span><br \/>\n<span style=\"font-size: 14pt;\"><strong>6,99 programas personalizados e programas integrados.<\/strong><\/span><br \/>\n<span style=\"font-size: 14pt;\"><strong>indica\u00e7\u00e3o do estado 7.<\/strong><\/span><\/p>","protected":false},"excerpt":{"rendered":"<p>XANGTECH advanced porcelain furnace, designed specifically for dental laboratories and clinics. This state-of-the-art device combines a compact design with exceptional functionality, making it the smallest ceramic furnace in its class. Key features include high-quality temperature automatic adjustment, maintaining an error margin within +\/- 1\u00b0C, and automatic calibration before each use for consistent performance. The furnace [&hellip;]<\/p>\n","protected":false},"featured_media":2169,"template":"","meta":{"_acf_changed":false},"product_brand":[],"product_cat":[66],"product_tag":[],"class_list":{"0":"post-2181","1":"product","2":"type-product","3":"status-publish","4":"has-post-thumbnail","6":"product_cat-glaze-paste","8":"first","9":"instock","10":"shipping-taxable","11":"product-type-simple"},"acf":[],"_links":{"self":[{"href":"https:\/\/www.dentalxangtech.com\/pt\/wp-json\/wp\/v2\/product\/2181","targetHints":{"allow":["GET"]}}],"collection":[{"href":"https:\/\/www.dentalxangtech.com\/pt\/wp-json\/wp\/v2\/product"}],"about":[{"href":"https:\/\/www.dentalxangtech.com\/pt\/wp-json\/wp\/v2\/types\/product"}],"wp:featuredmedia":[{"embeddable":true,"href":"https:\/\/www.dentalxangtech.com\/pt\/wp-json\/wp\/v2\/media\/2169"}],"wp:attachment":[{"href":"https:\/\/www.dentalxangtech.com\/pt\/wp-json\/wp\/v2\/media?parent=2181"}],"wp:term":[{"taxonomy":"product_brand","embeddable":true,"href":"https:\/\/www.dentalxangtech.com\/pt\/wp-json\/wp\/v2\/product_brand?post=2181"},{"taxonomy":"product_cat","embeddable":true,"href":"https:\/\/www.dentalxangtech.com\/pt\/wp-json\/wp\/v2\/product_cat?post=2181"},{"taxonomy":"product_tag","embeddable":true,"href":"https:\/\/www.dentalxangtech.com\/pt\/wp-json\/wp\/v2\/product_tag?post=2181"}],"curies":[{"name":"wp","href":"https:\/\/api.w.org\/{rel}","templated":true}]}}