{"id":2215,"date":"2024-08-05T14:21:46","date_gmt":"2024-08-05T06:21:46","guid":{"rendered":"http\/\/www.dentalxangtech.com\/?post_type=product&#038;p=2215"},"modified":"2024-08-08T11:06:52","modified_gmt":"2024-08-08T03:06:52","slug":"3d-scanner","status":"publish","type":"product","link":"https:\/\/www.dentalxangtech.com\/pt\/product\/3d-scanner\/","title":{"rendered":"Scanner 3D"},"content":{"rendered":"<p><span style=\"font-size: 14pt;\">O scanner XANGTECH 3d redefini efici\u00eancia e precis\u00e3o no mundo da tecnologia dental. Engineering with a lightning-fast scanning engine and sophisticated software algorithms, this device can scan a complete single crown in less than 20 seconds with remarkable accuracy, achieving precision up to 8 microns. Essa velocidade sem precedentes e aten\u00e7\u00e3o meticulosa aos detalhes n\u00e3o s\u00f3 racionalizam seu fluxo de trabalho mas tamb\u00e9m aumentam significativamente a produtividade, permitindo aos profissionais dent\u00e1rios alcan\u00e7ar mais em um per\u00edodo de tempo mais curto. Al\u00e9m de suas impressionantes capacidades de scanning, nosso scanner oferece versatilidade n\u00e3o comparada sendo compat\u00edvel com qualquer software de design. Isso significa que voc\u00ea tem a liberdade de integrar nosso esc\u00e2ner sem problemas no seu fluxo de trabalho existente, usando as ferramentas e software com os quais voc\u00ea se sente mais confort\u00e1vel, sem limita\u00e7\u00f5es. Essa compatibilidade assegura que voc\u00ea pode manter seus processos de design preferidos ao mesmo tempo que se beneficia do desempenho superior do nosso esc\u00e2ner.<\/span><br \/>\n<span style=\"font-size: 14pt;\">Al\u00e9m disso, o scanner est\u00e1 equipado com uma caracter\u00edstica inovadora de scanning de textura. Essa capacidade avan\u00e7ada permite capturar e projetar produtos com maior detalhe e complexidade, levando a resultados de qualidade superior. Se voc\u00ea est\u00e1 trabalhando em restaura\u00e7\u00f5es dent\u00e1rias complexas ou pr\u00f3teses detalhadas, a caracter\u00edstica de escaneamento de textura fornece a profundidade e precis\u00e3o necess\u00e1rias para alcan\u00e7ar resultados excelentes. Al\u00e9m de sua capacidade t\u00e9cnica, nosso esc\u00e2ner \u00e9 projetado com experi\u00eancia de usu\u00e1rio em mente. Ela se orgulha de uma interface intuitiva e de uma opera\u00e7\u00e3o amig\u00e1vel para o usu\u00e1rio, assegurando que mesmo aqueles novos para o scanner digital podem alcan\u00e7ar resultados profissionais rapidamente e facilmente. O design compacto e ergon\u00f4mico aumenta ainda mais a facilidade de uso, tornando-o uma adi\u00e7\u00e3o pr\u00e1tica a qualquer laborat\u00f3rio dental ou cl\u00ednica.<\/span><\/p>\n<p>&nbsp;<\/p>\n<p><span style=\"font-size: 14pt;\"><strong>1,20 segundos de escaneamento ultra-r\u00e1pido de uma coroa completa<\/strong><\/span><br \/>\n<span style=\"font-size: 14pt;\"><strong>2,8 microns de precis\u00e3o<\/strong><\/span><br \/>\n<span style=\"font-size: 14pt;\"><strong>3. Pode projetar em qualquer software<\/strong><\/span><br \/>\n<span style=\"font-size: 14pt;\"><strong>4.Fun\u00e7\u00e3o de escaneamento de textura<\/strong><\/span><\/p>","protected":false},"excerpt":{"rendered":"<p>XANGTECH 3d scanner redefines efficiency and precision in the world of dental technology. Engineered with a lightning-fast scanning engine and sophisticated software algorithms, this device can scan a complete single crown in under 20 seconds with remarkable accuracy, achieving precision up to 8 microns. This unprecedented speed and meticulous attention to detail not only streamline [&hellip;]<\/p>\n","protected":false},"featured_media":2216,"template":"","meta":{"_acf_changed":false},"product_brand":[],"product_cat":[68],"product_tag":[],"class_list":{"0":"post-2215","1":"product","2":"type-product","3":"status-publish","4":"has-post-thumbnail","6":"product_cat-3d-scanner","8":"first","9":"instock","10":"shipping-taxable","11":"product-type-simple"},"acf":[],"_links":{"self":[{"href":"https:\/\/www.dentalxangtech.com\/pt\/wp-json\/wp\/v2\/product\/2215","targetHints":{"allow":["GET"]}}],"collection":[{"href":"https:\/\/www.dentalxangtech.com\/pt\/wp-json\/wp\/v2\/product"}],"about":[{"href":"https:\/\/www.dentalxangtech.com\/pt\/wp-json\/wp\/v2\/types\/product"}],"wp:featuredmedia":[{"embeddable":true,"href":"https:\/\/www.dentalxangtech.com\/pt\/wp-json\/wp\/v2\/media\/2216"}],"wp:attachment":[{"href":"https:\/\/www.dentalxangtech.com\/pt\/wp-json\/wp\/v2\/media?parent=2215"}],"wp:term":[{"taxonomy":"product_brand","embeddable":true,"href":"https:\/\/www.dentalxangtech.com\/pt\/wp-json\/wp\/v2\/product_brand?post=2215"},{"taxonomy":"product_cat","embeddable":true,"href":"https:\/\/www.dentalxangtech.com\/pt\/wp-json\/wp\/v2\/product_cat?post=2215"},{"taxonomy":"product_tag","embeddable":true,"href":"https:\/\/www.dentalxangtech.com\/pt\/wp-json\/wp\/v2\/product_tag?post=2215"}],"curies":[{"name":"wp","href":"https:\/\/api.w.org\/{rel}","templated":true}]}}