{"id":2219,"date":"2024-08-05T14:58:34","date_gmt":"2024-08-05T06:58:34","guid":{"rendered":"http\/\/www.dentalxangtech.com\/?post_type=product&#038;p=2219"},"modified":"2024-08-12T16:10:40","modified_gmt":"2024-08-12T08:10:40","slug":"intraoral-scanner","status":"publish","type":"product","link":"https:\/\/www.dentalxangtech.com\/pt\/product\/intraoral-scanner\/","title":{"rendered":"Scanner intraoral"},"content":{"rendered":"<p><span style=\"font-size: 14pt;\">O scanner intraoral XANGTECH \u00e9 meticulosamente projetado para redefinir precis\u00e3o e efici\u00eancia nas pr\u00e1ticas dent\u00e1rias, oferecendo uma s\u00e9rie de caracter\u00edsticas que atendem \u00e0s necessidades da dentistia modern a. Um dos principais pontos destacados \u00e9 a capacidade de ajustamento do corpo de escaneo, que assegura precis\u00e3o operacional e integra\u00e7\u00e3o sem problemas com impress\u00f5es digitais. Essa caracter\u00edstica garante uma adequa\u00e7\u00e3o perfeita para restaura\u00e7\u00f5es dent\u00e1rias, minimizando erros e melhorando os resultados dos pacientes. O sistema integrado de relat\u00f3rios de sa\u00fade gera automaticamente relat\u00f3rios de sa\u00fade abrangentes, fornecendo informa\u00e7\u00f5es detalhadas sobre o paciente&#8217; a sa\u00fade oral. Essa funcionalidade n\u00e3o s\u00f3 ajuda a planejar tratamento mais informado, mas tamb\u00e9m aumenta a comunica\u00e7\u00e3o e confian\u00e7a dos pacientes. Al\u00e9m disso, a caracter\u00edstica de verifica\u00e7\u00e3o da oclus\u00e3o permite avalia\u00e7\u00e3o precisa das mand\u00edbulas superiores e inferiores, assegurando rela\u00e7\u00f5es \u00f3ptimas de mordida e funcionalidade das pr\u00f3teses dent\u00e1rias.<\/span><br \/>\n<span style=\"font-size: 14pt;\">As imagens de alta resolu\u00e7\u00e3o capturadas pelo scanner intraoral podem ser ligadas de forma uniforme aos arquivos de caso, oferecendo documenta\u00e7\u00e3o detalhada e facilitando melhor comunica\u00e7\u00e3o com colegas e laborat\u00f3rios dent\u00e1rios. O scanner intraoral a sele\u00e7\u00e3o aut\u00f3noma de \u00e1reas de escaneamento permite capturar dados focados e eficientes, enquanto a fun\u00e7\u00e3o de bloqueio de vis\u00e3o ajuda a confirmar se todos os dados necess\u00e1rios foram exatamente escaneados, evitando qualquer supervis\u00e3o. Engineering for convenience, our intraoral scanner is calibration-free, eliminating the need for regular maintenance and ensuring consistent performance. O aquecimento espont\u00e2neo e a tecnologia anti-nevoeiro sem vento asseguram que o esc\u00e2ner intraoral permanece operacional em diversas condi\u00e7\u00f5es, proporcionando desempenho de alta qualidade e sem interrup\u00e7\u00e3o. Com seu conjunto completo de caracter\u00edsticas, nosso scanner intraoral avan\u00e7ado \u00e9 a ferramenta m\u00e1xima para melhorar a precis\u00e3o, efici\u00eancia e cuidado dos pacientes em qualquer pr\u00e1tica dental.<\/span><\/p>\n<p>&nbsp;<\/p>\n<p><span style=\"font-size: 14pt;\"><strong>1. A an\u00e1lise da correspond\u00eancia do corpo assegura a precis\u00e3o operacional<\/strong><\/span><br \/>\n<span style=\"font-size: 14pt;\"><strong>2.O sistema de relat\u00f3rios de sa\u00fade gera automaticamente relat\u00f3rios de sa\u00fade<\/strong><\/span><br \/>\n<span style=\"font-size: 14pt;\"><strong>3. O controle da oclus\u00e3o pode verificar as mand\u00edbulas superiores e inferiores<\/strong><\/span><br \/>\n<span style=\"font-size: 14pt;\"><strong>3. As imagens de alta resolu\u00e7\u00e3o podem ser usadas como anexos de casos.<\/strong><\/span><br \/>\n<span style=\"font-size: 14pt;\"><strong>4. Sele\u00e7\u00e3o aut\u00f3noma da \u00e1rea de escaneamento<\/strong><\/span><br \/>\n<span style=\"font-size: 14pt;\"><strong>5. O bloqueio de vis\u00e3o ajuda a confirmar se os dados s\u00e3o escaneados ou n\u00e3o.<\/strong><\/span><br \/>\n<span style=\"font-size: 14pt;\"><strong>sem calibra\u00e7\u00e3o<\/strong><\/span><br \/>\n<span style=\"font-size: 14pt;\"><strong>7. aquecimento espont\u00e2neo e nevoeiro sem vento<\/strong><\/span><\/p>","protected":false},"excerpt":{"rendered":"<p>XANGTECH Intraoral scanner is meticulously designed to redefine precision and efficiency in dental practices, offering a host of features that cater to the needs of modern dentistry. One of the key highlights is the scan body matching capability, which ensures operational accuracy and seamless integration with digital impressions. This feature guarantees a perfect fit for [&hellip;]<\/p>\n","protected":false},"featured_media":2220,"template":"","meta":{"_acf_changed":false},"product_brand":[],"product_cat":[69],"product_tag":[],"class_list":{"0":"post-2219","1":"product","2":"type-product","3":"status-publish","4":"has-post-thumbnail","6":"product_cat-intraoral-scanner","8":"first","9":"instock","10":"shipping-taxable","11":"product-type-simple"},"acf":[],"_links":{"self":[{"href":"https:\/\/www.dentalxangtech.com\/pt\/wp-json\/wp\/v2\/product\/2219","targetHints":{"allow":["GET"]}}],"collection":[{"href":"https:\/\/www.dentalxangtech.com\/pt\/wp-json\/wp\/v2\/product"}],"about":[{"href":"https:\/\/www.dentalxangtech.com\/pt\/wp-json\/wp\/v2\/types\/product"}],"wp:featuredmedia":[{"embeddable":true,"href":"https:\/\/www.dentalxangtech.com\/pt\/wp-json\/wp\/v2\/media\/2220"}],"wp:attachment":[{"href":"https:\/\/www.dentalxangtech.com\/pt\/wp-json\/wp\/v2\/media?parent=2219"}],"wp:term":[{"taxonomy":"product_brand","embeddable":true,"href":"https:\/\/www.dentalxangtech.com\/pt\/wp-json\/wp\/v2\/product_brand?post=2219"},{"taxonomy":"product_cat","embeddable":true,"href":"https:\/\/www.dentalxangtech.com\/pt\/wp-json\/wp\/v2\/product_cat?post=2219"},{"taxonomy":"product_tag","embeddable":true,"href":"https:\/\/www.dentalxangtech.com\/pt\/wp-json\/wp\/v2\/product_tag?post=2219"}],"curies":[{"name":"wp","href":"https:\/\/api.w.org\/{rel}","templated":true}]}}