{"id":2341,"date":"2024-08-29T17:05:27","date_gmt":"2024-08-29T09:05:27","guid":{"rendered":"http\/\/www.dentalxangtech.com\/?post_type=product&#038;p=2341"},"modified":"2024-08-29T17:07:06","modified_gmt":"2024-08-29T09:07:06","slug":"rx-8y-milling-machine","status":"publish","type":"product","link":"https:\/\/www.dentalxangtech.com\/pt\/product\/rx-8y-milling-machine\/","title":{"rendered":"RX-8Y Milling Machine"},"content":{"rendered":"<p><span style=\"font-size: 14pt;\">A m\u00e1quina de molhimento dental XANGTECH RX-8Y destaca-se como uma solu\u00e7\u00e3o avan\u00e7ada na ind\u00fastria dental, projetada para satisfazer as exigentes necessidades tanto do lado da cadeira como do laborat\u00f3rio. Sua tecnologia avan\u00e7ada de corte de liga\u00e7\u00e3o de 5 eixos permite moldar precis\u00e3o de \u00e2ngulo grande, assegurando alta precis\u00e3o em restaura\u00e7\u00f5es dent\u00e1rias complexas. O que separa esta m\u00e1quina \u00e9 sua capacidade de processar at\u00e9 8 materiais diferentes simultaneamente, oferecendo versatilidade n\u00e3o comparada para v\u00e1rias aplica\u00e7\u00f5es dent\u00e1rias.<\/span><\/p>\n<p><span style=\"font-size: 14pt;\">A experi\u00eancia do usu\u00e1rio \u00e9 refor\u00e7ada com uma grande interface de tela-toque inteligente e actualizada, fornecendo uma opera\u00e7\u00e3o intuitiva que racionaliza o fluxo de trabalho, permitindo aos profissionais dent\u00e1rios focar no que fazem melhor \u2013 prestando excelentes cuidados. O sistema integrado de monitoramento do n\u00edvel de \u00e1gua, parejado com um sistema de \u00e1gua circulante autom\u00e1tico, garante um desempenho consistente mantendo condi\u00e7\u00f5es \u00f3ptimas de funcionamento, contribuindo ainda mais para a m\u00e1quina&#8217; \u00e9 confiabilidade. Para profissionais dentais buscando uma mistura de precis\u00e3o, velocidade e versatilidade, a m\u00e1quina de molhamento dental XANGTECH \u00e9 uma ferramenta indispens\u00e1vel, prometindo elevar a qualidade do trabalho dental com suas caracter\u00edsticas mais atuais e um desempenho robusto.<\/span><\/p>\n<p><strong><span style=\"font-size: 14pt;\">corte de liga\u00e7\u00e3o de 1.5 eixos, molhimento fino de \u00e2ngulo grande, adequado para processamento r\u00e1pido do lado da cadeira<\/span><\/strong><br \/>\n<strong><span style=\"font-size: 14pt;\">2. Aplicable a uma variedade de materiais, pode processar v\u00e1rios blocos de materiais comuns e bases pr\u00e9-fabricadas, pode acomodar at \u00e9 8 materiais ao mesmo tempo<\/span><\/strong><br \/>\n<strong><span style=\"font-size: 14pt;\">3. Uma tela grande inteligente, uma tela de toque inteligente \u00e9 mais conveniente<\/span><\/strong><br \/>\n<strong><span style=\"font-size: 14pt;\">4. Monitoriza\u00e7\u00e3o integrada do n\u00edvel da \u00e1gua, sistema de circula\u00e7\u00e3o autom\u00e1tica da \u00e1gua, controle integrado do n\u00edvel da \u00e1gua, alta precis\u00e3o<\/span><\/strong><\/p>","protected":false},"excerpt":{"rendered":"<p>The XANGTECH dental RX-8Y milling machine stands out as a cutting-edge solution in the dental industry, designed to meet the demanding needs of both chairside and laboratory environments. Its advanced 5-axis linkage cutting technology enables large-angle precision grinding, ensuring high accuracy in complex dental restorations. What sets this machine apart is its capability to process [&hellip;]<\/p>\n","protected":false},"featured_media":2342,"template":"","meta":{"_acf_changed":false},"product_brand":[],"product_cat":[15],"product_tag":[],"class_list":{"0":"post-2341","1":"product","2":"type-product","3":"status-publish","4":"has-post-thumbnail","6":"product_cat-restoration-materials","8":"first","9":"instock","10":"shipping-taxable","11":"product-type-simple"},"acf":[],"_links":{"self":[{"href":"https:\/\/www.dentalxangtech.com\/pt\/wp-json\/wp\/v2\/product\/2341","targetHints":{"allow":["GET"]}}],"collection":[{"href":"https:\/\/www.dentalxangtech.com\/pt\/wp-json\/wp\/v2\/product"}],"about":[{"href":"https:\/\/www.dentalxangtech.com\/pt\/wp-json\/wp\/v2\/types\/product"}],"wp:featuredmedia":[{"embeddable":true,"href":"https:\/\/www.dentalxangtech.com\/pt\/wp-json\/wp\/v2\/media\/2342"}],"wp:attachment":[{"href":"https:\/\/www.dentalxangtech.com\/pt\/wp-json\/wp\/v2\/media?parent=2341"}],"wp:term":[{"taxonomy":"product_brand","embeddable":true,"href":"https:\/\/www.dentalxangtech.com\/pt\/wp-json\/wp\/v2\/product_brand?post=2341"},{"taxonomy":"product_cat","embeddable":true,"href":"https:\/\/www.dentalxangtech.com\/pt\/wp-json\/wp\/v2\/product_cat?post=2341"},{"taxonomy":"product_tag","embeddable":true,"href":"https:\/\/www.dentalxangtech.com\/pt\/wp-json\/wp\/v2\/product_tag?post=2341"}],"curies":[{"name":"wp","href":"https:\/\/api.w.org\/{rel}","templated":true}]}}