{"id":2699,"date":"2024-10-28T17:24:18","date_gmt":"2024-10-28T09:24:18","guid":{"rendered":"http\/\/www.dentalxangtech.com\/?post_type=product&#038;p=2699"},"modified":"2025-03-29T16:33:15","modified_gmt":"2025-03-29T08:33:15","slug":"dental-titanium-block","status":"publish","type":"product","link":"https:\/\/www.dentalxangtech.com\/pt\/product\/dental-titanium-block\/","title":{"rendered":"Bloco de Tit\u00e2nio Dental"},"content":{"rendered":"<p>Os blocos dentais de tit\u00e2nio XANGTECH s\u00e3o para materiais duradouros, biocompat\u00edveis e altamente est\u00e1veis em restaura\u00e7\u00f5es dentais. Conhecidos por suas propriedades mec\u00e2nicas excepcionais, os blocos dentais de tit\u00e2nio fornecem solu\u00e7\u00f5es tanto para restaura\u00e7\u00f5es pr\u00f3teses como apoiadas por implantes. Os benef\u00edcios inerentes do tit\u00e2nio, como resist\u00eancia \u00e0 corros\u00e3o, composi\u00e7\u00e3o ligeira e compatibilidade com tecido biol\u00f3gico, tornam estes blocos altamente adequados para uma variedade de procedimentos restaurativos, incluindo coroas, pontes e estruturas complex as de implantes. Com melhores capacidades de molhamento de precis\u00e3o, esses blocos podem ser adaptados para encaixar pacientes individuais, assegurando o m\u00e1ximo conforto, durabilidade e apelo est\u00e9tico. Engineering to resist the rigors of daily mastication, titanium\u2019s strength and resilience make it particularly valuable for restorations that experience high stress. Os blocos dentais de tit\u00e2nio mant\u00eam a integridade estrutural sob carga pesada, resistindo fraturas, desgaste e deforma\u00e7\u00e3o mesmo ap\u00f3s anos de uso. Com um n\u00edvel excepcionalmente elevado de biocompatibilidade, o tit\u00e2nio minimiza o risco de rea\u00e7\u00f5es adversas, como inflama\u00e7\u00e3o ou respostas al\u00e9rgicas. Isso assegura conforto e seguran\u00e7a para os pacientes, promovendo a bem sucedida osseointegra\u00e7\u00e3o nos implantes e aumentando a taxa de sucesso das restaura\u00e7\u00f5es a longo prazo.<\/p>\n<p>Ideal para coroas anteriores e posteriores, blocos de tit\u00e2nio oferecem durabilidade a longo prazo e excelente est\u00e9tica. Sua for \u00e7a e sua natureza ligeira os tornam adequados para pontes, reduzindo a tens\u00e3o dos dentes de suporte ao mesmo tempo que asseguram a estabilidade. E, perfeito para proteses fixas ou remov\u00edveis apoiadas por implantes, a biocompatibilidade do tit\u00e2nio assegura uma integra\u00e7\u00e3o segura com o osso mand\u00edbula, apoiando tanto a est\u00e9tica como a fun\u00e7\u00e3o. O que \u00e9 mais \u00fatil em restaura\u00e7\u00f5es de arco completo e multiunidades que requerem tanto durabilidade quanto precis\u00e3o para uma restaura\u00e7\u00e3o altamente natural e funcional.<\/p>\n<p>Os blocos de tit\u00e2nio t\u00eam enormes vantagens sobre outros materiais dent\u00e1rios. O bloco de circ\u00f3nia, enquanto forte, \u00e9 propenso a quebrar ou quebrar sob press\u00e3o extrema, especialmente em pacientes com bruxismo. Al\u00e9m disso, com o tempo, pode desenvolver microcracks que podem comprometer a integridade estrutural. O disilicado de l\u00edtio \u00e9 mais suave e mais adequado a aplica\u00e7\u00f5es est\u00e9ticas e de baixo estresse como incisores em vez de \u00e1reas de mastiga\u00e7\u00e3o de alto estresse. Tamb\u00e9m \u00e9 mais propenso a usar e menos duradouro sob press\u00e3o pesada ou repetida. PMMA, por outro lado, \u00e9 um material de pl\u00e1stico que falta de for \u00e7a e rigidez necess\u00e1rias para solu\u00e7\u00f5es dent\u00e1rias permanentes e \u00e9 principalmente usado para restaura\u00e7\u00f5es tempor\u00e1rias. Al\u00e9m disso, \u00e9 propenso a usar e tintar sob mastiga\u00e7\u00e3o freq\u00fcente, tornando-o inadequado para uso a longo prazo<\/p>\n<p><strong>1. Adequado para aplica\u00e7\u00f5es dent\u00e1rias a longo prazo<\/strong><\/p>\n<p><strong>2. N\u00e3o t\u00f3xico, h<\/strong><strong>ipoalerg\u00eanico e seguro para todos os pacientes<\/strong><\/p>\n<p><strong>3.Resist\u00eancia superior \u00e0 corros\u00e3o e boa resist\u00eancia ao calor<\/strong><\/p>\n<p><strong>4.Excelente for\u00e7a, biocompatibilidade e resist\u00eancia \u00e0 corros\u00e3o<\/strong><\/p>\n<div style=\"width: 800px;\" class=\"wp-video\"><video class=\"wp-video-shortcode\" id=\"video-2699-1\" width=\"800\" height=\"450\" preload=\"metadata\" controls=\"controls\"><source type=\"video\/mp4\" src=\"https:\/\/www.dentalxangtech.com\/wp-content\/uploads\/2024\/10\/titanium-block.mp4?_=1\" \/><a href=\"https:\/\/www.dentalxangtech.com\/wp-content\/uploads\/2024\/10\/titanium-block.mp4\">https:\/\/www.dentalxangtech.com\/wp-content\/uploads\/2024\/10\/titanium-block.mp4<\/a><\/video><\/div>","protected":false},"excerpt":{"rendered":"<p>XANGTECH dental titanium blocks is for durable, biocompatible, and highly stable materials in dental restorations. Known for their exceptional mechanical properties, dental titanium blocks provide solutions for both prosthetic and implant-supported restorations. The inherent benefits of titanium, such as resistance to corrosion, lightweight composition, and compatibility with biological tissue, make these blocks highly suitable for [&hellip;]<\/p>\n","protected":false},"featured_media":3760,"template":"","meta":{"_acf_changed":false},"product_brand":[],"product_cat":[15,46],"product_tag":[],"class_list":{"0":"post-2699","1":"product","2":"type-product","3":"status-publish","4":"has-post-thumbnail","6":"product_cat-restoration-materials","7":"product_cat-titanium-block","9":"first","10":"instock","11":"shipping-taxable","12":"product-type-simple"},"acf":[],"_links":{"self":[{"href":"https:\/\/www.dentalxangtech.com\/pt\/wp-json\/wp\/v2\/product\/2699","targetHints":{"allow":["GET"]}}],"collection":[{"href":"https:\/\/www.dentalxangtech.com\/pt\/wp-json\/wp\/v2\/product"}],"about":[{"href":"https:\/\/www.dentalxangtech.com\/pt\/wp-json\/wp\/v2\/types\/product"}],"wp:featuredmedia":[{"embeddable":true,"href":"https:\/\/www.dentalxangtech.com\/pt\/wp-json\/wp\/v2\/media\/3760"}],"wp:attachment":[{"href":"https:\/\/www.dentalxangtech.com\/pt\/wp-json\/wp\/v2\/media?parent=2699"}],"wp:term":[{"taxonomy":"product_brand","embeddable":true,"href":"https:\/\/www.dentalxangtech.com\/pt\/wp-json\/wp\/v2\/product_brand?post=2699"},{"taxonomy":"product_cat","embeddable":true,"href":"https:\/\/www.dentalxangtech.com\/pt\/wp-json\/wp\/v2\/product_cat?post=2699"},{"taxonomy":"product_tag","embeddable":true,"href":"https:\/\/www.dentalxangtech.com\/pt\/wp-json\/wp\/v2\/product_tag?post=2699"}],"curies":[{"name":"wp","href":"https:\/\/api.w.org\/{rel}","templated":true}]}}