{"id":2787,"date":"2024-11-09T17:09:03","date_gmt":"2024-11-09T09:09:03","guid":{"rendered":"http\/\/www.dentalxangtech.com\/?post_type=product&#038;p=2787"},"modified":"2024-11-09T17:09:03","modified_gmt":"2024-11-09T09:09:03","slug":"sirona-cerec-ht-plus-white-dental-zirconia-block","status":"publish","type":"product","link":"https:\/\/www.dentalxangtech.com\/pt\/product\/sirona-cerec-ht-plus-white-dental-zirconia-block\/","title":{"rendered":"Sirona Cerec HT Plus White Dental Zirconia Block"},"content":{"rendered":"<p>XANGTECH Sirona Cerec HT Plus White dental zirconia block \u00e9 feito para durabilidade superior, apelo est\u00e9tico e precis\u00e3o, tornando-a uma escolha excepcional tanto para profissionais dentais como para pacientes buscando restaura\u00e7\u00f5es confi\u00e1veis e de alta qualidade. Esses blocos s\u00e3o especificamente projetados com um alto grau de resist\u00eancia \u00e0s manchas, assegurando que restaura\u00e7\u00f5es dent\u00e1rias mant\u00eam sua apar\u00eancia natural ao longo do tempo, mesmo com exposi\u00e7\u00e3o regular a alimentos e bebidas. Isto \u00e9 especialmente valioso para pacientes que procuram evitar a quest\u00e3o comum da descolora\u00e7\u00e3o que pode afetar outros materiais dent\u00e1rios. Fabricados usando tecnologia de press\u00e3o isost\u00e1tica fria avan\u00e7ada, nossos blocos de circ\u00f4nia branca Sirona Cerec HT Plus possuem uma estrutura densa e duradoura que sustenta uma vida de servi\u00e7o prolongada. Esse processo refor\u00e7a a estabilidade interna e a for \u00e7a do material, permitindo-o resistir melhor ao uso di\u00e1rio e a l\u00e1grima, tornando-o uma solu\u00e7\u00e3o confi\u00e1vel para pacientes que precisam de restaura\u00e7\u00f5es duradouras e a longo prazo. Os blocos tamb\u00e9m boam-se de uma raz\u00e3o de for \u00e7a-peso impressionante, tornando-os ideales para pacientes com necessidades especiais de for\u00e7a, como aqueles com bruxismo ou aqueles que precisam de um suporte robusto para coroas molares ou pontes.<\/p>\n<p>Com um perfil de for \u00e7a maior, \u00e9 ideal para pacientes com necessidades de for\u00e7a especiais, como aqueles que experimentam bruxismo (molhamento de dentes) ou requerem restaura\u00e7\u00f5es robust as na regi\u00e3o posterior onde for\u00e7as de mordida s\u00e3o maiores. Enquanto muitos blocos de zirc\u00f4nia oferecem alta for \u00e7a, suas propriedades de for\u00e7a v\u00e3o mais longe para satisfazer demandas espec\u00edficas de maior durabilidade e suporte, superando muitos blocos de zirc\u00f4nia padr\u00e3o em casos desafiadores. Ela o formato de s \u00e9 projetado para compatibilidade \u00f3ptima com m\u00e1quinas de molhamento dental Sirona de alta velocidade, permitindo processamento mais r\u00e1pido e eficiente. Esse benef\u00edcio \u00e9 especialmente \u00fatil em laborat\u00f3rios dent\u00e1rios e cl\u00ednicas de alta demanda, onde o tempo de retorno \u00e9 essencial. Ao molhar mais facilmente e com menos uso em burros de molhimento, esses blocos ajudam a reduzir os custos gerais de processamento e o tempo, tornando-a uma escolha mais eficiente em compara\u00e7\u00e3o com outros blocos de zirc\u00f4nia que podem levar mais tempo ou requerem passos adicionais.<\/p>","protected":false},"excerpt":{"rendered":"<p>XANGTECH Sirona Cerec HT Plus White dental zirconia block is crafted for superior durability, aesthetic appeal, and precision, making it an exceptional choice for both dental professionals and patients seeking reliable, high-quality restorations. These blocks are specifically designed with a high degree of stain resistance, ensuring that dental restorations maintain their natural appearance over time, [&hellip;]<\/p>\n","protected":false},"featured_media":2788,"template":"","meta":{"_acf_changed":false},"product_brand":[],"product_cat":[53],"product_tag":[],"class_list":{"0":"post-2787","1":"product","2":"type-product","3":"status-publish","4":"has-post-thumbnail","6":"product_cat-white-zirconia-block","8":"first","9":"instock","10":"shipping-taxable","11":"product-type-simple"},"acf":[],"_links":{"self":[{"href":"https:\/\/www.dentalxangtech.com\/pt\/wp-json\/wp\/v2\/product\/2787","targetHints":{"allow":["GET"]}}],"collection":[{"href":"https:\/\/www.dentalxangtech.com\/pt\/wp-json\/wp\/v2\/product"}],"about":[{"href":"https:\/\/www.dentalxangtech.com\/pt\/wp-json\/wp\/v2\/types\/product"}],"wp:featuredmedia":[{"embeddable":true,"href":"https:\/\/www.dentalxangtech.com\/pt\/wp-json\/wp\/v2\/media\/2788"}],"wp:attachment":[{"href":"https:\/\/www.dentalxangtech.com\/pt\/wp-json\/wp\/v2\/media?parent=2787"}],"wp:term":[{"taxonomy":"product_brand","embeddable":true,"href":"https:\/\/www.dentalxangtech.com\/pt\/wp-json\/wp\/v2\/product_brand?post=2787"},{"taxonomy":"product_cat","embeddable":true,"href":"https:\/\/www.dentalxangtech.com\/pt\/wp-json\/wp\/v2\/product_cat?post=2787"},{"taxonomy":"product_tag","embeddable":true,"href":"https:\/\/www.dentalxangtech.com\/pt\/wp-json\/wp\/v2\/product_tag?post=2787"}],"curies":[{"name":"wp","href":"https:\/\/api.w.org\/{rel}","templated":true}]}}