{"id":2835,"date":"2024-11-14T10:46:22","date_gmt":"2024-11-14T02:46:22","guid":{"rendered":"http\/\/www.dentalxangtech.com\/product\/sirona-cerec-ht-plus-white-dental-zirconia-block-2\/"},"modified":"2024-11-15T17:37:37","modified_gmt":"2024-11-15T09:37:37","slug":"sirona-cerec-3d-pro-zirconia-block","status":"publish","type":"product","link":"https:\/\/www.dentalxangtech.com\/pt\/product\/sirona-cerec-3d-pro-zirconia-block\/","title":{"rendered":"Sirona Cerec 3D Pro Zirconia Block"},"content":{"rendered":"<p>XANGTECH&#8217; s Sirona Cerec 3D Pro zirconia block representa um novo padr\u00e3o em materiais dent\u00e1rios restaurativos, feito para cl\u00ednicos que buscam resultados de alta qualidade com m\u00e1xima efici\u00eancia. Com sua inovadora tecnologia multicamada 3D, o bloco oferece um gradiente natural de transpar\u00eancia e cor que reflete a apar\u00eancia de dentes reais, alcan\u00e7ando uma est\u00e9tica not\u00e1vel como a vida. Cada camada dentro do bloco de zirc\u00f4nia \u00e9 projetada para refletir as varia\u00e7\u00f5es naturais de cor encontradas no enamel e dentista, permitindo aos dentistas criar restaura\u00e7\u00f5es que se integram sem problemas no sorriso do paciente. Constru\u00edda com circ\u00f4nia de alta for \u00e7a, \u00e9 excepcionalmente duradoura, tornando-a ideal tanto para coroas de uma unidade como para pr\u00f3teses multiunidades maiores como pontes. A resili\u00eancia do material assegura que ele pode resistir ao uso di\u00e1rio e l\u00e1grimas, mantendo sua cor e transpar\u00eancia ao longo do tempo, aumentando a satisfa\u00e7\u00e3o do paciente e confian\u00e7a na qualidade de seu cuidado dental. A compatibilidade com os sistemas CAD\/CAM da Sirona a distingue ainda mais como uma ferramenta poderosa para fluxos de trabalho racionalizados em pr\u00e1ticas dent\u00e1rias modern a s. Ao integrar-se com o sistema, o bloco 3D Pro zirconia permite uma molhadura eficiente ao lado da cadeira, o que pode reduzir a necessidade de m\u00faltiplas visitas de pacientes e permitir restaura\u00e7\u00f5es do mesmo dia em muitos casos. Essa solu\u00e7\u00e3o de poupan\u00e7a de tempo proporciona aos dentistas e t\u00e9cnicos dent\u00e1rios a precis\u00e3o necess\u00e1ria para casos complexos, oferecendo aos pacientes uma experi\u00eancia mais r\u00e1pida e confort\u00e1vel.<\/p>\n<p>Ao contr\u00e1rio da circ\u00f4nia tradicional, oferece transpar\u00eancia adaptativa que aumenta a difus\u00e3o da luz para um brilho not\u00e1vel como a vida. Essa propriedade \u00fanica permite restaura\u00e7\u00f5es que capturam e refletem a luz de uma forma natural, particularmente ben\u00e9fica para restaura\u00e7\u00f5es anteriores onde est\u00e9tica \u00e9 crucial. O que mais, gra\u00e7as \u00e0 sua composi\u00e7\u00e3o de part\u00edculas refinada, este bloco de zirc\u00f4nia \u00e9 projetado para ser gentil em oposi\u00e7\u00e3o \u00e0 dentifica\u00e7\u00e3o, reduzindo o uso enquanto mant\u00e9m sua pr\u00f3pria durabilidade. Essa caracter\u00edstica sustenta a sa\u00fade oral a longo prazo preservando os dentes naturais ao redor, tornando-a uma escolha excelente para reabilita\u00e7\u00f5es de boca inteira. Ela oferece baixa condutividade t\u00e9rmica, o que minimiza a sensibilidade \u00e0 temperatura para os pacientes uma vez que a restaura\u00e7\u00e3o est\u00e1 instalada. Este atributo torna o bloco particularmente confort\u00e1vel para pacientes que, de outro modo, podem experimentar desconforto com alimentos quentes ou frios e bebidas. E, com uma textura de superf\u00edcie especialmente otimizada, ajuda a assegurar que restaura\u00e7\u00f5es permane\u00e7am seguras, mesmo em \u00e1reas de alta carga, oferecendo confian\u00e7a aos pacientes na longevidade de seu trabalho dental. Essa consist\u00eancia pode reduzir a necessidade de ajustes e ajudar os pacientes a gozar de uma experi\u00eancia mais r\u00e1pida e confort\u00e1vel de ajuste.<\/p>","protected":false},"excerpt":{"rendered":"<p>XANGTECH&#8217;s Sirona Cerec 3D Pro zirconia block represents a new standard in restorative dental materials, crafted for clinicians who seek high-quality outcomes with maximum efficiency. With its innovative 3D multilayer technology, the block offers a natural gradient in translucency and color that mirrors the appearance of real teeth, achieving a remarkably lifelike esthetic. Each layer [&hellip;]<\/p>\n","protected":false},"featured_media":2844,"template":"","meta":{"_acf_changed":false},"product_brand":[],"product_cat":[43],"product_tag":[],"class_list":{"0":"post-2835","1":"product","2":"type-product","3":"status-publish","4":"has-post-thumbnail","6":"product_cat-zirconia-block","8":"first","9":"instock","10":"shipping-taxable","11":"product-type-simple"},"acf":[],"_links":{"self":[{"href":"https:\/\/www.dentalxangtech.com\/pt\/wp-json\/wp\/v2\/product\/2835","targetHints":{"allow":["GET"]}}],"collection":[{"href":"https:\/\/www.dentalxangtech.com\/pt\/wp-json\/wp\/v2\/product"}],"about":[{"href":"https:\/\/www.dentalxangtech.com\/pt\/wp-json\/wp\/v2\/types\/product"}],"wp:featuredmedia":[{"embeddable":true,"href":"https:\/\/www.dentalxangtech.com\/pt\/wp-json\/wp\/v2\/media\/2844"}],"wp:attachment":[{"href":"https:\/\/www.dentalxangtech.com\/pt\/wp-json\/wp\/v2\/media?parent=2835"}],"wp:term":[{"taxonomy":"product_brand","embeddable":true,"href":"https:\/\/www.dentalxangtech.com\/pt\/wp-json\/wp\/v2\/product_brand?post=2835"},{"taxonomy":"product_cat","embeddable":true,"href":"https:\/\/www.dentalxangtech.com\/pt\/wp-json\/wp\/v2\/product_cat?post=2835"},{"taxonomy":"product_tag","embeddable":true,"href":"https:\/\/www.dentalxangtech.com\/pt\/wp-json\/wp\/v2\/product_tag?post=2835"}],"curies":[{"name":"wp","href":"https:\/\/api.w.org\/{rel}","templated":true}]}}