{"id":2850,"date":"2024-11-15T11:29:02","date_gmt":"2024-11-15T03:29:02","guid":{"rendered":"http\/\/www.dentalxangtech.com\/product\/sirona-cerec-ht-plus-white-dental-zirconia-block-2-2\/"},"modified":"2024-11-15T17:59:56","modified_gmt":"2024-11-15T09:59:56","slug":"sirona-cerec-sht-multilayer-zirconia-block","status":"publish","type":"product","link":"https:\/\/www.dentalxangtech.com\/pt\/product\/sirona-cerec-sht-multilayer-zirconia-block\/","title":{"rendered":"Sirona Cerec SHT Multilayer Zirconia Block"},"content":{"rendered":"<p>XANGTECH&#8217; s Sirona Cerec SHT bloco de zirc\u00f4nia multicamada \u00e9 um material de avan\u00e7o projetado para satisfazer a crescente demanda de restaura\u00e7\u00f5es dent\u00e1rias de alta qualidade e de aspecto natural que priorizam tanto a durabilidade como a est\u00e9tica. Com tecnologia avan\u00e7ada de Super High Translucency (SHT), esses blocos de zirc\u00f4nia replicam as complexas transi\u00e7\u00f5es de cores encontradas em dentes naturais, oferecendo um gradiente multicamada que se muda suavemente de um n\u00facleo denso para uma superf\u00edcie altamente transl\u00facida semelhante a um enamel. Este projeto inovador n\u00e3o s\u00f3 atinge resultados excepcionais como a vida, mas tamb\u00e9m reduz a necessidade de sombra e colora\u00e7\u00e3o adicionais, poupa tempo e aumentar a efici\u00eancia no laborat\u00f3rio ou cl\u00ednica dental. Desenvolvido para uma gama de restaura\u00e7\u00f5es dent\u00e1rias, incluindo coronas, pontes e estruturas suportadas por implantes, ele fornece a for \u00e7a e resist\u00eancia necess\u00e1rias tanto para aplica\u00e7\u00f5es anteriores como posteriores. Os blocos mant\u00eam resist\u00eancia excepcional \u00e0 fratura, assegurando restaura\u00e7\u00f5es que podem resistir \u00e0s press\u00f5es do uso di\u00e1rio sem comprometer a est\u00e9tica. Al\u00e9m disso, as propriedades de transpar\u00eancia do material e os gradientes de cores naturais minimizam o risco de descolora\u00e7\u00e3o, aumentando a longevidade e atratividade de cada restaura\u00e7\u00e3o. Combinando facilidade de uso com alta precis\u00e3o, alinha-se com fluxos de trabalho digitais modernos. Essa compatibilidade permite aos dentistas e t\u00e9cnicos projetar e produzir restaura\u00e7\u00f5es de uma forma racionalizada e rentavelmente eficaz ao mesmo tempo que oferecem resultados previs\u00edveis e bonitos que cumpram os exatos padr\u00f5es dos pacientes. Com isso, os profissionais dentais podem fornecer com confian\u00e7a restaura\u00e7\u00f5es que elevam tanto a fun\u00e7\u00e3o como a est\u00e9tica, assegurando a satisfa\u00e7\u00e3o do paciente e o desempenho de longa dura\u00e7\u00e3o.<\/p>\n<p>Ele se separa de outros tipos de blocos de zirc\u00f4nia atrav\u00e9s de sua mistura \u00fanica de transi\u00e7\u00f5es de cores multicamadas, transpar\u00eancia e for\u00e7a inerente. Contrariamente aos blocos padr\u00e3o de zirc\u00f4nia, que muitas vezes dependem de color a \u00e7\u00e3o adicional ou camadas para alcan\u00e7ar uma apar\u00eancia realista, \u00e9 feito com camadas pr\u00e9-sombras que refletem a progress\u00e3o natural da cor da dentina para o enamel. Este gradiente de cores cuidadosamente calibrado elimina a necessidade de passos adicionais para adicionar profundidade e tono, tornando o processo de fabrica\u00e7\u00e3o mais r\u00e1pido, mais eficiente e mais confi\u00e1vel. Para t\u00e9cnicos dent\u00e1rios e cl\u00ednicos, essa caracter\u00edstica reduz o tempo e simplifica o fluxo de trabalho, ao mesmo tempo assegurando que cada restaura\u00e7\u00e3o alcan\u00e7a um resultado consistentemente de alta qualidade, como a vida. Muitos blocos de zirc\u00f4nia no mercado tendem a comprometer entre for\u00e7a e transpar\u00eancia, com op\u00e7\u00f5es tipicamente inclinadas em dire\u00e7\u00e3o a uma for\u00e7a maior, mas resultando em uma finalidade mais opaca, menos est\u00e9tica, ou escolher uma transpar\u00eancia refor\u00e7ada que possa enfraquecer a durabilidade. \u00c9 projetado para resolver esta quest\u00e3o alcan\u00e7ando um equil\u00edbrio que melhora ambos os atributos. atrav\u00e9s da tecnologia da Super Alta Transplu\u00eancia (SHT), fornece um n\u00edvel natural de translu\u00eancia sem sacrificar a resist\u00eancia \u00e0 fratura necess\u00e1ria para restaura\u00e7\u00f5es em \u00e1reas de alta estresse da boca, como molares e pontes. Essa dualidade significa que o material pode ser usado com confian\u00e7a para restaura\u00e7\u00f5es anteriores, onde a est\u00e9tica \u00e9 crucial, bem como em aplica\u00e7\u00f5es posteriores, onde a durabilidade \u00e9 chave. Al\u00e9m disso, racionaliza os processos de design e molhimento, facilitando para os profissionais dentais a fabrica\u00e7\u00e3o de restaura\u00e7\u00f5es precisas e bonitas, reduzindo custos e tempos de processamento. O IT oferece assim uma vantagem n\u00e3o comparada sobre op\u00e7\u00f5es convencionais de zirc\u00f4nia, permitindo laborat\u00f3rios dent\u00e1rios e cl\u00ednicas realizar restaura\u00e7\u00f5es que n\u00e3o s\u00f3 aumentam a confian\u00e7a dos pacientes com est\u00e9tica natural, mas tamb\u00e9m asseguram satisfa\u00e7\u00e3o a longo prazo com restaura\u00e7\u00f5es constru\u00eddas para suportar uso di\u00e1rio.<\/p>","protected":false},"excerpt":{"rendered":"<p>XANGTECH&#8217;s Sirona Cerec SHT multilayer zirconia block is a cutting-edge material designed to meet the growing demand for high-quality, natural-looking dental restorations that prioritize both durability and aesthetics. With advanced Super High Translucency (SHT) technology, these zirconia blocks replicate the complex color transitions found in natural teeth, offering a multilayered gradient that smoothly shifts from [&hellip;]<\/p>\n","protected":false},"featured_media":2869,"template":"","meta":{"_acf_changed":false},"product_brand":[],"product_cat":[43],"product_tag":[],"class_list":{"0":"post-2850","1":"product","2":"type-product","3":"status-publish","4":"has-post-thumbnail","6":"product_cat-zirconia-block","8":"first","9":"instock","10":"shipping-taxable","11":"product-type-simple"},"acf":[],"_links":{"self":[{"href":"https:\/\/www.dentalxangtech.com\/pt\/wp-json\/wp\/v2\/product\/2850","targetHints":{"allow":["GET"]}}],"collection":[{"href":"https:\/\/www.dentalxangtech.com\/pt\/wp-json\/wp\/v2\/product"}],"about":[{"href":"https:\/\/www.dentalxangtech.com\/pt\/wp-json\/wp\/v2\/types\/product"}],"wp:featuredmedia":[{"embeddable":true,"href":"https:\/\/www.dentalxangtech.com\/pt\/wp-json\/wp\/v2\/media\/2869"}],"wp:attachment":[{"href":"https:\/\/www.dentalxangtech.com\/pt\/wp-json\/wp\/v2\/media?parent=2850"}],"wp:term":[{"taxonomy":"product_brand","embeddable":true,"href":"https:\/\/www.dentalxangtech.com\/pt\/wp-json\/wp\/v2\/product_brand?post=2850"},{"taxonomy":"product_cat","embeddable":true,"href":"https:\/\/www.dentalxangtech.com\/pt\/wp-json\/wp\/v2\/product_cat?post=2850"},{"taxonomy":"product_tag","embeddable":true,"href":"https:\/\/www.dentalxangtech.com\/pt\/wp-json\/wp\/v2\/product_tag?post=2850"}],"curies":[{"name":"wp","href":"https:\/\/api.w.org\/{rel}","templated":true}]}}