{"id":3009,"date":"2024-11-21T11:48:08","date_gmt":"2024-11-21T03:48:08","guid":{"rendered":"http\/\/www.dentalxangtech.com\/?post_type=product&#038;p=3009"},"modified":"2024-11-26T15:17:20","modified_gmt":"2024-11-26T07:17:20","slug":"super-translucent-plus-white-zirconia-block","status":"publish","type":"product","link":"https:\/\/www.dentalxangtech.com\/pt\/product\/super-translucent-plus-white-zirconia-block\/","title":{"rendered":"Super Transl\u00facido Plus Bloco de Zirc\u00f4nia Branca"},"content":{"rendered":"<p><span style=\"font-family: arial, helvetica, sans-serif; font-size: 12pt;\">Os blocos de zirc\u00f4nia super transl\u00facidos e brancos do XANGTECH s \u00e3o especialmente projetados para imitar a cor natural e a transl\u00facida dos dentes, tornando-os uma escolha preferida em laborat\u00f3rios dent\u00e1rios em todo o mundo. Trabalhados usando t\u00e9cnicas avan\u00e7adas de processamento de mat\u00e9rias-primas e fabrica\u00e7\u00e3o moderna, esses blocos oferecem transpar\u00eancia n\u00e3o comparada em compara\u00e7\u00e3o com materiais dentais tradicionais, assegurando est\u00e9tica como a vida em restaura\u00e7\u00f5es de toda cer\u00e2mica. Esses blocos de zirc\u00f4nia boam-se de excelente compatibilidade e condutividade t\u00e9rmica ultra baixa, proporcionando desempenho confi\u00e1vel em v\u00e1rias aplica\u00e7\u00f5es. Enhanced by state-of-the-art pre-sintered technology and cold isostatic pressing, they feature moderate hardness for precise, effortless cutting, making them ideal for creating crowns, bridges, and other dental prosthetics. Designado para restaurar a forma, fun\u00e7\u00e3o e beleza dos dentes, combina alta for\u00e7a e durabilidade com melhor transpar\u00eancia, alcan\u00e7ando uma apar\u00eancia mais pr\u00f3xima aos dentes naturais. Confia em XANGTECH para restaura\u00e7\u00f5es que fornecem qualidade excepcional, est\u00e9tica e confiabilidade.<\/span><\/p>\n<p><span style=\"font-family: arial, helvetica, sans-serif; font-size: 12pt;\">Ele se separa de outros blocos de zirc\u00f4nia, fornecendo uma combina\u00e7\u00e3o excepcional de transpar\u00eancia refor\u00e7ada, for\u00e7a superior e capacidades avan\u00e7adas de processamento. Contrariamente \u00e0 circ\u00f4nia tradicional, que muitas vezes prioriza for\u00e7a ou transpar\u00eancia, este bloco alcan\u00e7a um equil\u00edbrio \u00f3ptimo, oferecendo tanto durabilidade como est\u00e9tica como vida que imitam estreitamente a apar\u00eancia dos dentes naturais. Sua translu\u00eancia superior reduz o aspecto denso e opaco t\u00edpico de materiais de zirc\u00f4nia mais antigos, tornando-o uma escolha ideal para coroas anteriores, veneras e outras restaura\u00e7\u00f5es onde a transmiss\u00e3o natural de luz \u00e9 essencial. Al\u00e9m da est\u00e9tica, os blocos de zirc\u00f4nia do XANGTECH fornecem propriedades mec\u00e2nicas excelentes, incluindo alta for\u00e7a e dureza moderada, assegurando corte preciso e eficiente durante a fabrica\u00e7\u00e3o. Os blocos s\u00e3o fabricados usando tecnologia pr\u00e9-sinterada de \u00faltima tecnologia e press\u00e3o isost\u00e1tica fria, resultando em densidade uniforme e qualidade consistente, superando a zirc\u00f4nia tradicional em desempenho e facilidade de uso. Com condutividade t\u00e9rmica ultra baixa para melhorar o conforto e a biocompatibilidade dos pacientes para aplica\u00e7\u00f5es dent\u00e1rias seguras e a longo prazo, eles oferecem um n\u00edvel de confiabilidade que os profissionais podem confiar. <\/span><\/p>\n<ol>\n<li><strong>Personaliz\u00e1vel para coincidir com a cor dos dentes humanos o mais pr\u00f3ximo poss\u00edvel<\/strong><\/li>\n<li><strong>Transparen\u00e7a superior<\/strong><\/li>\n<li><strong>Aplicado amplamente a todos os sistemas CAM CAD<\/strong><\/li>\n<li><strong>N\u00e3o irritante, confi\u00e1vel<\/strong><\/li>\n<\/ol>","protected":false},"excerpt":{"rendered":"<p>XANGTECH\u2019s super translucent plus white zirconia blocks are expertly engineered to mimic the natural color and translucency of teeth, making them a preferred choice in dental laboratories worldwide. Crafted using advanced raw material processing and cutting-edge manufacturing techniques, these blocks offer unparalleled transparency compared to traditional dental materials, ensuring lifelike aesthetics in all-ceramic restorations. These [&hellip;]<\/p>\n","protected":false},"featured_media":3010,"template":"","meta":{"_acf_changed":false},"product_brand":[],"product_cat":[53],"product_tag":[],"class_list":{"0":"post-3009","1":"product","2":"type-product","3":"status-publish","4":"has-post-thumbnail","6":"product_cat-white-zirconia-block","8":"first","9":"instock","10":"shipping-taxable","11":"product-type-simple"},"acf":[],"_links":{"self":[{"href":"https:\/\/www.dentalxangtech.com\/pt\/wp-json\/wp\/v2\/product\/3009","targetHints":{"allow":["GET"]}}],"collection":[{"href":"https:\/\/www.dentalxangtech.com\/pt\/wp-json\/wp\/v2\/product"}],"about":[{"href":"https:\/\/www.dentalxangtech.com\/pt\/wp-json\/wp\/v2\/types\/product"}],"wp:featuredmedia":[{"embeddable":true,"href":"https:\/\/www.dentalxangtech.com\/pt\/wp-json\/wp\/v2\/media\/3010"}],"wp:attachment":[{"href":"https:\/\/www.dentalxangtech.com\/pt\/wp-json\/wp\/v2\/media?parent=3009"}],"wp:term":[{"taxonomy":"product_brand","embeddable":true,"href":"https:\/\/www.dentalxangtech.com\/pt\/wp-json\/wp\/v2\/product_brand?post=3009"},{"taxonomy":"product_cat","embeddable":true,"href":"https:\/\/www.dentalxangtech.com\/pt\/wp-json\/wp\/v2\/product_cat?post=3009"},{"taxonomy":"product_tag","embeddable":true,"href":"https:\/\/www.dentalxangtech.com\/pt\/wp-json\/wp\/v2\/product_tag?post=3009"}],"curies":[{"name":"wp","href":"https:\/\/api.w.org\/{rel}","templated":true}]}}