{"id":3014,"date":"2024-11-21T14:52:02","date_gmt":"2024-11-21T06:52:02","guid":{"rendered":"http\/\/www.dentalxangtech.com\/?post_type=product&#038;p=3014"},"modified":"2024-12-23T10:00:53","modified_gmt":"2024-12-23T02:00:53","slug":"4d-multilayer-zirconia-block","status":"publish","type":"product","link":"https:\/\/www.dentalxangtech.com\/pt\/product\/4d-multilayer-zirconia-block\/","title":{"rendered":"Bloque 4D de Zirconia Multilayer"},"content":{"rendered":"<p><span style=\"font-family: arial, helvetica, sans-serif; font-size: 14pt;\">XANGTECH 4D Multilayer Zirconia Block, projetado com os \u00faltimos avan\u00e7os, este produto inovador aumenta significativamente a permeabilidade da zirconia enquanto mant\u00e9m sua famosa for\u00e7a e durabilidade. Comparado \u00e0s gera\u00e7\u00f5es anteriores, nosso bloco de circ\u00f4nia mais recente tem um design novo que fornece desempenho excepcional e resultados superiores. A constru\u00e7\u00e3o de blocos de zirc\u00f4nia multicamadas 4D assegura uma mistura inofensiva de transpar\u00eancia e robusteza, tornando-a uma escolha ideal para uma ampla gama de aplica\u00e7\u00f5es dent\u00e1rias. Se voc\u00ea est\u00e1 fazendo coroas, pontes ou outras restaura\u00e7\u00f5es, o bloco de circ\u00f4nia 4D de XANGTECH oferece precis\u00e3o e confiabilidade n\u00e3o comparadas.<\/span><\/p>\n<p><span style=\"font-family: arial, helvetica, sans-serif; font-size: 14pt;\">Nosso \u00faltimo bloco de zirc\u00f4nia apresenta um design sofisticado e multicamada que oferece melhorias not\u00e1veis no desempenho e apelo est\u00e9tico em compara\u00e7\u00e3o com blocos tradicionais de zirc\u00f4nia. A tecnologia de bloqueio de zirc\u00f4nia multicapa 4D assegura um equil\u00edbrio perfeito de transpar\u00eancia e robusteza, tornando-a a escolha \u00f3ptima para criar restaura\u00e7\u00f5es dent\u00e1rias precisas e naturais, incluindo coroas, pontes e veneras.<\/span><\/p>\n<p><span style=\"font-family: arial, helvetica, sans-serif; font-size: 14pt;\">Comparado aos blocos tradicionais de zirc\u00f4nia, XANGTECH&#8217; a \u00faltima inova\u00e7\u00e3o fornece resultados superiores com melhor desempenho e apelo est\u00e9tico. Seja para restaura\u00e7\u00f5es de um \u00fanico dente ou casos dent\u00e1rios complexos, o Bloco de Zirconia Multilayer 4D estabelece um novo padr\u00e3o, fornecendo o equil\u00edbrio perfeito de funcionalidade e beleza para a dentistia moderna.<\/span><\/p>\n<p><span style=\"font-family: arial, helvetica, sans-serif; font-size: 14pt;\"><strong>1. Mais camadas de processo de transi\u00e7\u00e3o de cores mais completas<br \/>\n2. Alta transpar\u00eancia e cor branca do produto acabado<br \/>\n3. Alta for\u00e7a para prolongar a vida de servi\u00e7o do produto acabado<\/strong><\/span><\/p>\n<div style=\"width: 800px;\" class=\"wp-video\"><video class=\"wp-video-shortcode\" id=\"video-3014-1\" width=\"800\" height=\"450\" preload=\"metadata\" controls=\"controls\"><source type=\"video\/mp4\" src=\"https:\/\/www.dentalxangtech.com\/wp-content\/uploads\/2024\/11\/12\u670823\u65e5.mp4?_=1\" \/><a href=\"https:\/\/www.dentalxangtech.com\/wp-content\/uploads\/2024\/11\/12\u670823\u65e5.mp4\">https:\/\/www.dentalxangtech.com\/wp-content\/uploads\/2024\/11\/12\u670823\u65e5.mp4<\/a><\/video><\/div>","protected":false},"excerpt":{"rendered":"<p>XANGTECH 4D Multilayer Zirconia Block,engineered with the latest advancements, this groundbreaking product significantly enhances the permeability of zirconia while maintaining its renowned strength and durability. Compared to previous generations, our newest zirconia block boasts a novel design that delivers exceptional performance and superior results.The 4D multilayer zirconia block construction ensures a seamless blend of translucency [&hellip;]<\/p>\n","protected":false},"featured_media":3346,"template":"","meta":{"_acf_changed":false},"product_brand":[],"product_cat":[51],"product_tag":[],"class_list":{"0":"post-3014","1":"product","2":"type-product","3":"status-publish","4":"has-post-thumbnail","6":"product_cat-multilayer-zirconia-blcok","8":"first","9":"instock","10":"shipping-taxable","11":"product-type-simple"},"acf":[],"_links":{"self":[{"href":"https:\/\/www.dentalxangtech.com\/pt\/wp-json\/wp\/v2\/product\/3014","targetHints":{"allow":["GET"]}}],"collection":[{"href":"https:\/\/www.dentalxangtech.com\/pt\/wp-json\/wp\/v2\/product"}],"about":[{"href":"https:\/\/www.dentalxangtech.com\/pt\/wp-json\/wp\/v2\/types\/product"}],"wp:featuredmedia":[{"embeddable":true,"href":"https:\/\/www.dentalxangtech.com\/pt\/wp-json\/wp\/v2\/media\/3346"}],"wp:attachment":[{"href":"https:\/\/www.dentalxangtech.com\/pt\/wp-json\/wp\/v2\/media?parent=3014"}],"wp:term":[{"taxonomy":"product_brand","embeddable":true,"href":"https:\/\/www.dentalxangtech.com\/pt\/wp-json\/wp\/v2\/product_brand?post=3014"},{"taxonomy":"product_cat","embeddable":true,"href":"https:\/\/www.dentalxangtech.com\/pt\/wp-json\/wp\/v2\/product_cat?post=3014"},{"taxonomy":"product_tag","embeddable":true,"href":"https:\/\/www.dentalxangtech.com\/pt\/wp-json\/wp\/v2\/product_tag?post=3014"}],"curies":[{"name":"wp","href":"https:\/\/api.w.org\/{rel}","templated":true}]}}