{"id":3160,"date":"2024-11-27T14:56:20","date_gmt":"2024-11-27T06:56:20","guid":{"rendered":"http\/\/www.dentalxangtech.com\/?post_type=product&#038;p=3160"},"modified":"2024-12-24T15:32:24","modified_gmt":"2024-12-24T07:32:24","slug":"unshaded-3d-pro-multilayer-zirconia-block","status":"publish","type":"product","link":"https:\/\/www.dentalxangtech.com\/pt\/product\/unshaded-3d-pro-multilayer-zirconia-block\/","title":{"rendered":"Bloco de circ\u00f3nia multicamada 3D Pro sem sombra"},"content":{"rendered":"<p><span style=\"font-family: arial, helvetica, sans-serif; font-size: 14pt;\">Bloco de zirc\u00f4nia 3D sem sombra tem alta for\u00e7a e pode resistir a v\u00e1rios estresses como for\u00e7as de mordida na boca. Suas propriedades de alta for\u00e7a fazem com que ela tenha boa estabilidade e confiabilidade quando usada como material de restaura\u00e7\u00e3o dental. Embora a pr\u00f3pria zirc\u00f4nia sem cor tenha uma certa apar\u00eancia branca, sua est\u00e9tica \u00e9 relativamente baixa em compara\u00e7\u00e3o com a cor dos dentes naturais. Em alguns pacientes com altos requisitos est\u00e9ticos, o tratamento de cores pode ser necess\u00e1rio para melhor corresponder \u00e0 cor dos dentes ao redor.<\/span><\/p>\n<p><span style=\"font-family: arial, helvetica, sans-serif; font-size: 14pt;\">Bloco de zirc\u00f4nia 3D sem sombra \u00e9 compar\u00e1vel ao bloco de zirc\u00f4nia colorido em for\u00e7a, e bloco de zirc\u00f4nia 3D sem sombra tem estabilidade semelhante ao bloco de zirc\u00f4nia colorido em propriedades f\u00edsicas e qu\u00edmicas b\u00e1sicas. Embora os blocos de zirc\u00f4nia 3D n\u00e3o coloridos tenham um baixo grau de concord\u00e2ncia com a cor dos dentes naturais devido a sua cor \u00fanica, color a \u00e7\u00e3o pode fazer a cor do bloco de zirc\u00f4nia mais pr\u00f3xima aos dentes naturais, melhorando assim o efeito est\u00e9tico ap\u00f3s restaura\u00e7\u00e3o. Por exemplo, introduzindo um fluido colorante, a cor dos blocos de zirc\u00f4nio pode estar muito perto da cor dos dentes naturais.<\/span><\/p>\n<p><span style=\"font-family: arial, helvetica, sans-serif; font-size: 14pt;\">A zirc\u00f4nia 3D incolorada tem um importante valor de aplica\u00e7\u00e3o na restaura\u00e7\u00e3o dental. Embora sua est\u00e9tica seja relativamente baixa, \u00e9 compar\u00e1vel \u00e0 circonia colorida na estabilidade de desempenho, e at\u00e9 tem vantagens em alguns aspectos.<\/span><\/p>\n<ol>\n<li><span style=\"font-size: 14pt; font-family: arial, helvetica, sans-serif;\">Materiais-primas de alta qualidade<\/span><\/li>\n<li><span style=\"font-size: 14pt; font-family: arial, helvetica, sans-serif;\">Resist\u00eancia excepcional ao envelhecimento<\/span><\/li>\n<li><span style=\"font-size: 14pt; font-family: arial, helvetica, sans-serif;\">Estabilidade maior da carga de fratura<\/span><\/li>\n<\/ol>","protected":false},"excerpt":{"rendered":"<p>Unshaded 3D zirconia block has high strength and can withstand various stresses such as bite forces in the mouth. Its high strength properties make it have good stability and reliability when used as a dental restoration material. Although unshaded zirconia itself has a certain white appearance, its aesthetics is relatively low compared to the color [&hellip;]<\/p>\n","protected":false},"featured_media":3161,"template":"","meta":{"_acf_changed":false},"product_brand":[],"product_cat":[51],"product_tag":[],"class_list":{"0":"post-3160","1":"product","2":"type-product","3":"status-publish","4":"has-post-thumbnail","6":"product_cat-multilayer-zirconia-blcok","8":"first","9":"instock","10":"shipping-taxable","11":"product-type-simple"},"acf":[],"_links":{"self":[{"href":"https:\/\/www.dentalxangtech.com\/pt\/wp-json\/wp\/v2\/product\/3160","targetHints":{"allow":["GET"]}}],"collection":[{"href":"https:\/\/www.dentalxangtech.com\/pt\/wp-json\/wp\/v2\/product"}],"about":[{"href":"https:\/\/www.dentalxangtech.com\/pt\/wp-json\/wp\/v2\/types\/product"}],"wp:featuredmedia":[{"embeddable":true,"href":"https:\/\/www.dentalxangtech.com\/pt\/wp-json\/wp\/v2\/media\/3161"}],"wp:attachment":[{"href":"https:\/\/www.dentalxangtech.com\/pt\/wp-json\/wp\/v2\/media?parent=3160"}],"wp:term":[{"taxonomy":"product_brand","embeddable":true,"href":"https:\/\/www.dentalxangtech.com\/pt\/wp-json\/wp\/v2\/product_brand?post=3160"},{"taxonomy":"product_cat","embeddable":true,"href":"https:\/\/www.dentalxangtech.com\/pt\/wp-json\/wp\/v2\/product_cat?post=3160"},{"taxonomy":"product_tag","embeddable":true,"href":"https:\/\/www.dentalxangtech.com\/pt\/wp-json\/wp\/v2\/product_tag?post=3160"}],"curies":[{"name":"wp","href":"https:\/\/api.w.org\/{rel}","templated":true}]}}