{"id":3167,"date":"2024-11-27T16:18:38","date_gmt":"2024-11-27T08:18:38","guid":{"rendered":"http\/\/www.dentalxangtech.com\/?post_type=product&#038;p=3167"},"modified":"2024-12-11T14:32:22","modified_gmt":"2024-12-11T06:32:22","slug":"unshaded-4d-multilayer-zirconia-block","status":"publish","type":"product","link":"https:\/\/www.dentalxangtech.com\/pt\/product\/unshaded-4d-multilayer-zirconia-block\/","title":{"rendered":"Bloco de circ\u00f3nia multicamada 4D sem sombra"},"content":{"rendered":"<p>XANGTECH bloco de zirc\u00f4nia multicamada de 4D sem corte representa o pico de materiais restauradores dent\u00e1rios, combinando tecnologia avan\u00e7ada com est\u00e9tica n\u00e3o combinada. Designado especificamente para restaura\u00e7\u00f5es dos dentes da frente, este bloco de zirc\u00f4nia proporciona um equil\u00edbrio perfeito de apar\u00eancia natural, integra\u00e7\u00e3o sem fios e desempenho excepcional. Com sua inovadora pilha de cinco camadas e tecnologia de gradiente de cores de nove camadas, o bloco zirc\u00f4nico replica a beleza dos dentes naturais com precis\u00e3o not\u00e1vel. As transi\u00e7\u00f5es de cores s\u00e3o completamente n\u00e3o camadas, assegurando um gradiente suave e harmonioso que melhora a qualidade de vida de cada restaura\u00e7\u00e3o. Isso faz com que seja uma escolha ideal para alcan\u00e7ar restaura\u00e7\u00f5es que s\u00e3o indistingu\u00edveis da denti\u00e7\u00e3o natural.<\/p>\n<p>Uma caracter\u00edstica destacada do bloco de zirc\u00f4nia multicamada de XANGTECH sem corte \u00e9 sua versatilidade em fluxos de trabalho de alta efici\u00eancia. Sua compatibilidade com t\u00e9cnicas de sinteriza\u00e7\u00e3o r\u00e1pida permite aos profissionais dentais produzir resultados impressionantes em menos tempo, atendendo \u00e0s exig\u00eancias das pr\u00e1ticas dent\u00e1rias modernas sem comprometer a qualidade ou durabilidade. Meticulosamente projetado para apelo est\u00e9tico e integridade estrutural, este bloco de circ\u00f4nia oferece estabilidade confi\u00e1vel e desempenho superior. Seu design sem parafuso proporciona flexibilidade aos t\u00e9cnicos dent\u00e1rios, permitindo-lhes personalizar restaura\u00e7\u00f5es para satisfazer as necessidades individuais dos pacientes, mantendo resultados naturais e de tipo de vida. Se voc\u00ea est\u00e1 fazendo coroas, veneras ou pontes para a regi\u00e3o anterior, ele fornece a solu\u00e7\u00e3o perfeita. Elevar sua pr\u00e1tica dental com um material que incorpora a combina\u00e7\u00e3o ideal de beleza, efici\u00eancia e confiabilidade.<\/p>\n<p>1. Larga gama de aplica\u00e7\u00f5es<br \/>\n2. Transi\u00e7\u00e3o de cores sem camada<br \/>\n3. Nove camadas de transi\u00e7\u00e3o de cores<br \/>\n4. Pode ser aplicada \u00e0 tecnologia de sinteriza\u00e7\u00e3o r\u00e1pida<\/p>","protected":false},"excerpt":{"rendered":"<p>XANGTECH unshaded 4D multilayer zirconia block represents the pinnacle of dental restorative materials, combining cutting-edge technology with unmatched aesthetics. Designed specifically for front teeth restorations, this zirconia block provides a perfect balance of natural appearance, seamless integration, and exceptional performance. With its innovative five-layer stacking and nine-layer color gradient technology, the zirconia block replicates the [&hellip;]<\/p>\n","protected":false},"featured_media":3346,"template":"","meta":{"_acf_changed":false},"product_brand":[],"product_cat":[51],"product_tag":[],"class_list":{"0":"post-3167","1":"product","2":"type-product","3":"status-publish","4":"has-post-thumbnail","6":"product_cat-multilayer-zirconia-blcok","8":"first","9":"instock","10":"shipping-taxable","11":"product-type-simple"},"acf":[],"_links":{"self":[{"href":"https:\/\/www.dentalxangtech.com\/pt\/wp-json\/wp\/v2\/product\/3167","targetHints":{"allow":["GET"]}}],"collection":[{"href":"https:\/\/www.dentalxangtech.com\/pt\/wp-json\/wp\/v2\/product"}],"about":[{"href":"https:\/\/www.dentalxangtech.com\/pt\/wp-json\/wp\/v2\/types\/product"}],"wp:featuredmedia":[{"embeddable":true,"href":"https:\/\/www.dentalxangtech.com\/pt\/wp-json\/wp\/v2\/media\/3346"}],"wp:attachment":[{"href":"https:\/\/www.dentalxangtech.com\/pt\/wp-json\/wp\/v2\/media?parent=3167"}],"wp:term":[{"taxonomy":"product_brand","embeddable":true,"href":"https:\/\/www.dentalxangtech.com\/pt\/wp-json\/wp\/v2\/product_brand?post=3167"},{"taxonomy":"product_cat","embeddable":true,"href":"https:\/\/www.dentalxangtech.com\/pt\/wp-json\/wp\/v2\/product_cat?post=3167"},{"taxonomy":"product_tag","embeddable":true,"href":"https:\/\/www.dentalxangtech.com\/pt\/wp-json\/wp\/v2\/product_tag?post=3167"}],"curies":[{"name":"wp","href":"https:\/\/api.w.org\/{rel}","templated":true}]}}