{"id":3179,"date":"2024-11-28T16:06:47","date_gmt":"2024-11-28T08:06:47","guid":{"rendered":"http\/\/www.dentalxangtech.com\/?post_type=product&#038;p=3179"},"modified":"2024-11-28T16:18:32","modified_gmt":"2024-11-28T08:18:32","slug":"roland-zirconia-milling-bur","status":"publish","type":"product","link":"https:\/\/www.dentalxangtech.com\/pt\/product\/roland-zirconia-milling-bur\/","title":{"rendered":"Roland Zirconia Milling Bur"},"content":{"rendered":"<p><span style=\"font-family: arial, helvetica, sans-serif; font-size: 14pt;\">Os burros de molhamento de zirc\u00f4nia Roland s\u00e3o amplamente utilizados em restaura\u00e7\u00f5es dent\u00e1rias, especialmente no processamento de materiais de zirc\u00f4nia. O revestimento de diamantes e o revestimento de carbono como diamantes usado nestes buros lhes d\u00e3o uma long a vida de servi\u00e7o e mant\u00ea-los afiados mesmo em condi\u00e7\u00f5es de trabalho de alta intensidade. O corte de precis\u00e3o dessas bursas assegura corte preciso de materiais de zirc\u00f4nia, reduz danos t\u00e9rmicos durante o processamento e assegura a suavidade e fineza da superf\u00edcie de restaura\u00e7\u00e3o.<\/span><\/p>\n<p><span style=\"font-family: arial, helvetica, sans-serif; font-size: 14pt;\">XANGTECH Roland zirconia milling burs pode funcionar estabilizado a altas velocidades e press\u00f5es, proporcionando desempenho eficiente de corte. Mesmo quando processam materiais r\u00edgidos de zirc\u00f4nia, eles podem manter um processo de corte suave, reduzindo danos t\u00e9rmicos e rupturas de superf\u00edcie.<\/span><\/p>\n<p><span style=\"font-family: arial, helvetica, sans-serif; font-size: 14pt;\">XANGTECH Roland milling burs s\u00e3o 100% compat\u00edveis com DWX-52D\/DWX-52DCi\/DWX-42W.<\/span><\/p>\n<p><span style=\"font-family: arial, helvetica, sans-serif; font-size: 14pt;\">XANGTECH Roland dental milling burs are high quality burs with extremely high wear resistance. O bur revestido pelo DLC pode perfurar 150 a 200 unidades de coroa de circ\u00f3nia. O buro revestido de diamante pode fabricar 400 a 500 unidades de coroa de circ\u00f3nia.<\/span><\/p>\n<ol>\n<li><span style=\"font-family: arial, helvetica, sans-serif; font-size: 14pt;\">Super resistente ao uso<\/span><\/li>\n<li><span style=\"font-family: arial, helvetica, sans-serif; font-size: 14pt;\">Alta precis\u00e3o<\/span><\/li>\n<li><span style=\"font-family: arial, helvetica, sans-serif; font-size: 14pt;\"><span style=\"font-family: arial, helvetica, sans-serif; font-size: 14pt;\">100% compat\u00edvel com o sistema Cad Cam<\/span><\/span><div style=\"width: 800px;\" class=\"wp-video\"><video class=\"wp-video-shortcode\" id=\"video-3179-1\" width=\"800\" height=\"450\" preload=\"metadata\" controls=\"controls\"><source type=\"video\/mp4\" src=\"https:\/\/www.dentalxangtech.com\/wp-content\/uploads\/2024\/11\/11\u670828\u65e5.mp4?_=1\" \/><a href=\"https:\/\/www.dentalxangtech.com\/wp-content\/uploads\/2024\/11\/11\u670828\u65e5.mp4\">https:\/\/www.dentalxangtech.com\/wp-content\/uploads\/2024\/11\/11\u670828\u65e5.mp4<\/a><\/video><\/div><\/li>\n<\/ol>","protected":false},"excerpt":{"rendered":"<p>Roland zirconia milling burs are widely used in dental restorations, especially in the processing of zirconia materials. The diamond coating and diamond-like carbon coating used on these burs give them a long service life and keep them sharp even under high-intensity working conditions. The precision cutting of these burs ensures accurate cutting on zirconia materials, [&hellip;]<\/p>\n","protected":false},"featured_media":3181,"template":"","meta":{"_acf_changed":false},"product_brand":[],"product_cat":[57],"product_tag":[],"class_list":{"0":"post-3179","1":"product","2":"type-product","3":"status-publish","4":"has-post-thumbnail","6":"product_cat-zirconia-milling-bur","8":"first","9":"instock","10":"shipping-taxable","11":"product-type-simple"},"acf":[],"_links":{"self":[{"href":"https:\/\/www.dentalxangtech.com\/pt\/wp-json\/wp\/v2\/product\/3179","targetHints":{"allow":["GET"]}}],"collection":[{"href":"https:\/\/www.dentalxangtech.com\/pt\/wp-json\/wp\/v2\/product"}],"about":[{"href":"https:\/\/www.dentalxangtech.com\/pt\/wp-json\/wp\/v2\/types\/product"}],"wp:featuredmedia":[{"embeddable":true,"href":"https:\/\/www.dentalxangtech.com\/pt\/wp-json\/wp\/v2\/media\/3181"}],"wp:attachment":[{"href":"https:\/\/www.dentalxangtech.com\/pt\/wp-json\/wp\/v2\/media?parent=3179"}],"wp:term":[{"taxonomy":"product_brand","embeddable":true,"href":"https:\/\/www.dentalxangtech.com\/pt\/wp-json\/wp\/v2\/product_brand?post=3179"},{"taxonomy":"product_cat","embeddable":true,"href":"https:\/\/www.dentalxangtech.com\/pt\/wp-json\/wp\/v2\/product_cat?post=3179"},{"taxonomy":"product_tag","embeddable":true,"href":"https:\/\/www.dentalxangtech.com\/pt\/wp-json\/wp\/v2\/product_tag?post=3179"}],"curies":[{"name":"wp","href":"https:\/\/api.w.org\/{rel}","templated":true}]}}