{"id":3196,"date":"2024-11-28T17:18:25","date_gmt":"2024-11-28T09:18:25","guid":{"rendered":"http\/\/www.dentalxangtech.com\/?post_type=product&#038;p=3196"},"modified":"2024-11-29T16:03:30","modified_gmt":"2024-11-29T08:03:30","slug":"mcxl-milling-bur","status":"publish","type":"product","link":"https:\/\/www.dentalxangtech.com\/pt\/product\/mcxl-milling-bur\/","title":{"rendered":"MCXL Milling Bur"},"content":{"rendered":"<p>XANGTECH dental mcxl milling bur \u00e9 uma ferramenta de avan\u00e7o projetada para satisfazer as exig\u00eancias rigorosas da modern dental milling. Engineering for precision, durability, and efficiency, this milling bur is a reliable choice for dental professionals seeking high-quality results. Se voc\u00ea estiver construindo coroas, pontes, veneras, ou interiores, ele assegura um desempenho superior e uma integra\u00e7\u00e3o sem problemas com sistemas de molhimento MCXL. Fazido de carbido de tungst\u00eanio de pr\u00e9mio, \u00e9 projetado para resistir a uso intenso, processando at\u00e9 25-35 unidades dent\u00e1rias por buro. Essa durabilidade assegura desempenho consistente, mesmo em ambientes de alta demanda. A ponta de ponta ultra-aguda possibilita molhimento de alta precis\u00e3o, fornecendo restaura\u00e7\u00f5es com detalhes complexos e um encaixo perfeito. Essa precis\u00e3o reduz os remakes e assegura a satisfa\u00e7\u00e3o do paciente. Designado com a conveni\u00eancia do usu\u00e1rio em mente, \u00e9 f\u00e1cil instalar, substituir e manter, reduzindo o tempo de descanso da m\u00e1quina e melhorando a efici\u00eancia do fluxo de trabalho em laborat\u00f3rios dent\u00e1rios e cl\u00ednicas. Sua habilidade de produzir molhamento mais r\u00e1pido sem comprometer a qualidade garante que os profissionais dent\u00e1rios podem manter a produtividade ao mesmo tempo que cumprem os altos padr\u00f5es da dentistia restauradora moderna.<\/p>\n<p>O corte de precis\u00e3o tamb\u00e9m reduz os res\u00edduos materiais, tornando-os n\u00e3o s \u00f3 ecol\u00f3gicos, mas tamb\u00e9m ecol\u00f3gicos. Ao otimizar o uso de material e racionalizar os processos de produ\u00e7\u00e3o, contribui para uma abordagem eficiente e sustent\u00e1vel para a restaura\u00e7\u00e3o dental. Apoiado pela reputa\u00e7\u00e3o da XANGTECH para inova\u00e7\u00e3o e qualidade, este buro de molhimento \u00e9 um testemunho da dedica\u00e7\u00e3o da empresa ao avan\u00e7o do campo da tecnologia dental. Se criar restaura\u00e7\u00f5es permanentes ou solu\u00e7\u00f5es tempor\u00e1rias, os profissionais dent\u00e1rios podem confiar nela para produzir resultados consistentes e de alta qualidade que aumentem a satisfa\u00e7\u00e3o dos pacientes e elevem os padr\u00f5es de cuidado. Essa ferramenta \u00e9 uma adi\u00e7\u00e3o indispens\u00e1vel a qualquer pr\u00e1tica dental buscando precis\u00e3o, confiabilidade e excel\u00eancia na molagem CAD\/CAM.<\/p>\n<p>1. Pode processar 25-35 coroas de vidro de cer\u00e2mica<br \/>\n2. Alta precis\u00e3o e desempenho est\u00e1vel<br \/>\n3. \u00c9 f\u00e1cil operar<br \/>\n4. Longa vida de servi\u00e7o<\/p>","protected":false},"excerpt":{"rendered":"<p>XANGTECH dental mcxl milling bur is a cutting-edge tool designed to meet the rigorous demands of modern dental milling. Engineered for precision, durability, and efficiency, this milling bur is a reliable choice for dental professionals seeking high-quality results. Whether you&#8217;re crafting crowns, bridges, veneers, or inlays, it ensures superior performance and seamless integration with MCXL [&hellip;]<\/p>\n","protected":false},"featured_media":3198,"template":"","meta":{"_acf_changed":false},"product_brand":[],"product_cat":[56],"product_tag":[],"class_list":{"0":"post-3196","1":"product","2":"type-product","3":"status-publish","4":"has-post-thumbnail","6":"product_cat-ceramic-glass-milling-bur","8":"first","9":"instock","10":"shipping-taxable","11":"product-type-simple"},"acf":[],"_links":{"self":[{"href":"https:\/\/www.dentalxangtech.com\/pt\/wp-json\/wp\/v2\/product\/3196","targetHints":{"allow":["GET"]}}],"collection":[{"href":"https:\/\/www.dentalxangtech.com\/pt\/wp-json\/wp\/v2\/product"}],"about":[{"href":"https:\/\/www.dentalxangtech.com\/pt\/wp-json\/wp\/v2\/types\/product"}],"wp:featuredmedia":[{"embeddable":true,"href":"https:\/\/www.dentalxangtech.com\/pt\/wp-json\/wp\/v2\/media\/3198"}],"wp:attachment":[{"href":"https:\/\/www.dentalxangtech.com\/pt\/wp-json\/wp\/v2\/media?parent=3196"}],"wp:term":[{"taxonomy":"product_brand","embeddable":true,"href":"https:\/\/www.dentalxangtech.com\/pt\/wp-json\/wp\/v2\/product_brand?post=3196"},{"taxonomy":"product_cat","embeddable":true,"href":"https:\/\/www.dentalxangtech.com\/pt\/wp-json\/wp\/v2\/product_cat?post=3196"},{"taxonomy":"product_tag","embeddable":true,"href":"https:\/\/www.dentalxangtech.com\/pt\/wp-json\/wp\/v2\/product_tag?post=3196"}],"curies":[{"name":"wp","href":"https:\/\/api.w.org\/{rel}","templated":true}]}}