{"id":3204,"date":"2024-11-29T15:55:49","date_gmt":"2024-11-29T07:55:49","guid":{"rendered":"http\/\/www.dentalxangtech.com\/?post_type=product&#038;p=3204"},"modified":"2024-11-29T15:55:49","modified_gmt":"2024-11-29T07:55:49","slug":"roland-pmma-milling-bur","status":"publish","type":"product","link":"https:\/\/www.dentalxangtech.com\/pt\/product\/roland-pmma-milling-bur\/","title":{"rendered":"Roland PMMA Milling Bur"},"content":{"rendered":"<p><span style=\"font-family: arial, helvetica, sans-serif; font-size: 14pt;\">XANGTECH Roland PMMA molher burs s\u00e3o ferramentas de grava\u00e7\u00e3o projetadas especificamente para materiais de resina (como PMMA, resina composta, etc.), e geralmente usadas para processar materiais de resina em m\u00e1quinas de grava\u00e7\u00e3o CNC ou equipamento CAD\/CAM. O burro de molhimento \u00e9 projetado para produzir uma superf\u00edcie lissa na PMMA, o que \u00e9 essencial para aplica\u00e7\u00f5es dent\u00e1rias onde a apar\u00eancia, conforto e aptid\u00e3o s\u00e3o importantes. A superf\u00edcie suave reduz a necessidade de passos adicionais de termina\u00e7\u00e3o e proporciona um resultado de alta qualidade que est\u00e1 pronto para uso ou processamento adicional.<\/span><\/p>\n<p><span style=\"font-family: arial, helvetica, sans-serif; font-size: 14pt;\">PMMA \u00e9 sens\u00edvel ao calor, e a acumula\u00e7\u00e3o excessiva de calor durante a molhada pode levar a deforma\u00e7\u00e3o ou quebra de material. Os burros de molhamento de Xangtech Roland s\u00e3o projetados para minimizar a gera\u00e7\u00e3o de calor durante o corte, assegurando que o material permanece intacto e n\u00e3o prejudicado.<\/span><\/p>\n<p><span style=\"font-family: arial, helvetica, sans-serif; font-size: 14pt;\">Os burros de molhimento Roland PMMA s \u00e3o projetados para trabalhar com m\u00e1quinas de molhimento dental de Roland, como a s\u00e9rie DWX (por exemplo, DWX-4, DWX-52DC), que s\u00e3o popular e s em laborat\u00f3rios dent\u00e1rios e cl\u00ednicas. Os burs s \u00e3o projetados para funcionar sem problemas com o software e o sistema de controle da m\u00e1quina, assegurando desempenho eficiente e confi\u00e1vel.<\/span><\/p>\n<p><span style=\"font-family: arial, helvetica, sans-serif; font-size: 14pt;\">Os burros de molhamento de Roland PMMA se integram sem problemas nos fluxos digitais de trabalho dental, ajudando t\u00e9cnicos a mudar do design de CAD para o produto final com esfor\u00e7o m\u00ednimo. Essa integra\u00e7\u00e3o acelera todo o processo de restaura\u00e7\u00e3o.<\/span><\/p>\n<div style=\"width: 800px;\" class=\"wp-video\"><video class=\"wp-video-shortcode\" id=\"video-3204-1\" width=\"800\" height=\"450\" preload=\"metadata\" controls=\"controls\"><source type=\"video\/mp4\" src=\"https:\/\/www.dentalxangtech.com\/wp-content\/uploads\/2024\/11\/roland-pmma-bur-video.mp4?_=1\" \/><a href=\"https:\/\/www.dentalxangtech.com\/wp-content\/uploads\/2024\/11\/roland-pmma-bur-video.mp4\">https:\/\/www.dentalxangtech.com\/wp-content\/uploads\/2024\/11\/roland-pmma-bur-video.mp4<\/a><\/video><\/div>","protected":false},"excerpt":{"rendered":"<p>XANGTECH Roland PMMA milling burs are engraving tools designed specifically for resin materials (such as PMMA, composite resin, etc.), and are usually used to process resin materials in CNC engraving machines or CAD\/CAM equipment. The milling bur is engineered to produce a smooth surface finish on PMMA, which is essential for dental applications where appearance, [&hellip;]<\/p>\n","protected":false},"featured_media":3216,"template":"","meta":{"_acf_changed":false},"product_brand":[],"product_cat":[55],"product_tag":[],"class_list":{"0":"post-3204","1":"product","2":"type-product","3":"status-publish","4":"has-post-thumbnail","6":"product_cat-pmma-milling-bur","8":"first","9":"instock","10":"shipping-taxable","11":"product-type-simple"},"acf":[],"_links":{"self":[{"href":"https:\/\/www.dentalxangtech.com\/pt\/wp-json\/wp\/v2\/product\/3204","targetHints":{"allow":["GET"]}}],"collection":[{"href":"https:\/\/www.dentalxangtech.com\/pt\/wp-json\/wp\/v2\/product"}],"about":[{"href":"https:\/\/www.dentalxangtech.com\/pt\/wp-json\/wp\/v2\/types\/product"}],"wp:featuredmedia":[{"embeddable":true,"href":"https:\/\/www.dentalxangtech.com\/pt\/wp-json\/wp\/v2\/media\/3216"}],"wp:attachment":[{"href":"https:\/\/www.dentalxangtech.com\/pt\/wp-json\/wp\/v2\/media?parent=3204"}],"wp:term":[{"taxonomy":"product_brand","embeddable":true,"href":"https:\/\/www.dentalxangtech.com\/pt\/wp-json\/wp\/v2\/product_brand?post=3204"},{"taxonomy":"product_cat","embeddable":true,"href":"https:\/\/www.dentalxangtech.com\/pt\/wp-json\/wp\/v2\/product_cat?post=3204"},{"taxonomy":"product_tag","embeddable":true,"href":"https:\/\/www.dentalxangtech.com\/pt\/wp-json\/wp\/v2\/product_tag?post=3204"}],"curies":[{"name":"wp","href":"https:\/\/api.w.org\/{rel}","templated":true}]}}