{"id":3228,"date":"2024-12-02T15:45:49","date_gmt":"2024-12-02T07:45:49","guid":{"rendered":"http\/\/www.dentalxangtech.com\/?post_type=product&#038;p=3228"},"modified":"2024-12-02T15:45:49","modified_gmt":"2024-12-02T07:45:49","slug":"roland-wet-milling-bur","status":"publish","type":"product","link":"https:\/\/www.dentalxangtech.com\/pt\/product\/roland-wet-milling-bur\/","title":{"rendered":"Roland Wet Milling Bur"},"content":{"rendered":"<p><span style=\"font-family: arial, helvetica, sans-serif; font-size: 14pt;\">Burgas de molhamento molhado de Roland fornecem precis\u00e3o, efici\u00eancia e fini\u00e7\u00e3o excepcional da superf\u00edcie, tornando-as um componente essencial de Roland&#8217; s sistemas CAD\/CAM dent\u00e1rios, particularmente as m\u00e1quinas de molhamento de s \u00e9ries DWX. Designado para sistemas de molhamento h\u00famido, pode dissipar eficientemente o calor em ambiente de corte h\u00famido, reduzir a acumula\u00e7\u00e3o de calor durante o corte, e evitar que o material se sobrecarregue ou quebra. A combina\u00e7\u00e3o de molhamento h\u00famido e burros elaborados com precis\u00e3o reduz significativamente o risco de ruptura ou quebra de materiais fr\u00e1geis como cer\u00e2mica e disilicados de l\u00edtio.<\/span><\/p>\n<p><span style=\"font-family: arial, helvetica, sans-serif; font-size: 14pt;\">Os burros de molho molhado de rolando s\u00e3o feitos de carbodo de tungst\u00eanio para resist\u00eancia ao uso e desempenho de corte. Elas produzem uma superf\u00edcie lissa e polida, minimizando a necessidade de polimento p\u00f3s-molhado, alcan\u00e7ando a alta transpar\u00eancia e apar\u00eancia natural necess\u00e1rias para restaura\u00e7\u00f5es de disilicado de l\u00edtio, assegurando que restaura\u00e7\u00f5es satisfa\u00e7am tanto os requisitos est\u00e9ticos quanto funcionais.<\/span><\/p>\n<p><span style=\"font-family: arial, helvetica, sans-serif; font-size: 14pt;\">Os burros de molho molhado de Roland s\u00e3o usados para molhar coroas, pontes, veneras, interiores e sobrepostos em cer\u00e2mica disilicada de l\u00edtio. Ideal para restaura\u00e7\u00f5es anteriores e posteriores onde for \u00e7a e est\u00e9tica s\u00e3o cr\u00edticas<\/span><\/p>\n<div style=\"width: 800px;\" class=\"wp-video\"><video class=\"wp-video-shortcode\" id=\"video-3228-1\" width=\"800\" height=\"450\" preload=\"metadata\" controls=\"controls\"><source type=\"video\/mp4\" src=\"https:\/\/www.dentalxangtech.com\/wp-content\/uploads\/2024\/12\/Roland-wet-1.mp4?_=1\" \/><a href=\"https:\/\/www.dentalxangtech.com\/wp-content\/uploads\/2024\/12\/Roland-wet-1.mp4\">https:\/\/www.dentalxangtech.com\/wp-content\/uploads\/2024\/12\/Roland-wet-1.mp4<\/a><\/video><\/div>\n<p>&nbsp;<\/p>","protected":false},"excerpt":{"rendered":"<p>Roland wet milling burs deliver precision, efficiency, and exceptional surface finish, making them an essential component of Roland&#8217;s dental CAD\/CAM systems, particularly the DWX series milling machines. Designed for wet milling systems, it can efficiently dissipate heat in wet cutting environment, reduce heat accumulation during cutting, and prevent material from overheating or cracking. The combination [&hellip;]<\/p>\n","protected":false},"featured_media":3233,"template":"","meta":{"_acf_changed":false},"product_brand":[],"product_cat":[56],"product_tag":[],"class_list":{"0":"post-3228","1":"product","2":"type-product","3":"status-publish","4":"has-post-thumbnail","6":"product_cat-ceramic-glass-milling-bur","8":"first","9":"instock","10":"shipping-taxable","11":"product-type-simple"},"acf":[],"_links":{"self":[{"href":"https:\/\/www.dentalxangtech.com\/pt\/wp-json\/wp\/v2\/product\/3228","targetHints":{"allow":["GET"]}}],"collection":[{"href":"https:\/\/www.dentalxangtech.com\/pt\/wp-json\/wp\/v2\/product"}],"about":[{"href":"https:\/\/www.dentalxangtech.com\/pt\/wp-json\/wp\/v2\/types\/product"}],"wp:featuredmedia":[{"embeddable":true,"href":"https:\/\/www.dentalxangtech.com\/pt\/wp-json\/wp\/v2\/media\/3233"}],"wp:attachment":[{"href":"https:\/\/www.dentalxangtech.com\/pt\/wp-json\/wp\/v2\/media?parent=3228"}],"wp:term":[{"taxonomy":"product_brand","embeddable":true,"href":"https:\/\/www.dentalxangtech.com\/pt\/wp-json\/wp\/v2\/product_brand?post=3228"},{"taxonomy":"product_cat","embeddable":true,"href":"https:\/\/www.dentalxangtech.com\/pt\/wp-json\/wp\/v2\/product_cat?post=3228"},{"taxonomy":"product_tag","embeddable":true,"href":"https:\/\/www.dentalxangtech.com\/pt\/wp-json\/wp\/v2\/product_tag?post=3228"}],"curies":[{"name":"wp","href":"https:\/\/api.w.org\/{rel}","templated":true}]}}