{"id":3241,"date":"2024-12-02T17:15:48","date_gmt":"2024-12-02T09:15:48","guid":{"rendered":"http\/\/www.dentalxangtech.com\/?post_type=product&#038;p=3241"},"modified":"2024-12-02T17:15:48","modified_gmt":"2024-12-02T09:15:48","slug":"zirkonzahn-milling-bur","status":"publish","type":"product","link":"https:\/\/www.dentalxangtech.com\/pt\/product\/zirkonzahn-milling-bur\/","title":{"rendered":"Zirconium Milling Bur"},"content":{"rendered":"<p><span style=\"font-family: arial, helvetica, sans-serif; font-size: 14pt;\">Zirkonzahn M1wet milling burs s\u00e3o ferramentas de corte de alto desempenho projetadas para processar materiais de cer\u00e2mica de vidro. Eles s\u00e3o amplamente utilizados em sistemas CAD\/CAM dent\u00e1rios para fabricar restaura\u00e7\u00f5es dent\u00e1rias como coroas de cer\u00e2mica, veneras, entradas, etc. Ela \u00e9 projetada especificamente para o sistema de molhimento h\u00famido Zirkonzahn M1 para assegurar uma coopera\u00e7\u00e3o sem problemas, melhorar a estabilidade e efici\u00eancia do processamento. Quando usado com o refrigerante, pode reduzir a temperatura durante o processo de molhimento, reduzir os danos t\u00e9rmicos e prolongar a vida de servi\u00e7o das explos\u00f5es.<\/span><\/p>\n<p><span style=\"font-family: arial, helvetica, sans-serif; font-size: 14pt;\">Os buros de molhamento h\u00famido de Zirkonzahn M1 podem molhar exatamente materiais de cer\u00e2mica de vidro, reduzir quebra\u00e7os e colapso de bordo durante o processo de molhamento, e assegurar a integridade e for\u00e7a da restaura\u00e7\u00e3o. Os burs podem manter resultados consistentes de corte durante uso a longo prazo, melhorando eficazmente a efici\u00eancia do trabalho. Em um ambiente de molhimento h\u00famido, as bura\u00e7as podem manter uma temperatura de molhimento baixa para evitar danos t\u00e9rmicos. Designado especificamente para Zirkonzahn s sistema CAD\/CAM e equipamento de molhimento h\u00famido, \u00e9 adequado para processamento de restaura\u00e7\u00e3o dental de alta precis\u00e3o, multifuncional, e pode otimizar efeitos de molhimento e precis\u00e3o de processamento.<\/span><\/p>\n<div style=\"width: 800px;\" class=\"wp-video\"><video class=\"wp-video-shortcode\" id=\"video-3241-1\" width=\"800\" height=\"450\" preload=\"metadata\" controls=\"controls\"><source type=\"video\/mp4\" src=\"https:\/\/www.dentalxangtech.com\/wp-content\/uploads\/2024\/12\/Zirkonzahn-Emax-milling-bur-video.mp4?_=1\" \/><a href=\"https:\/\/www.dentalxangtech.com\/wp-content\/uploads\/2024\/12\/Zirkonzahn-Emax-milling-bur-video.mp4\">https:\/\/www.dentalxangtech.com\/wp-content\/uploads\/2024\/12\/Zirkonzahn-Emax-milling-bur-video.mp4<\/a><\/video><\/div>","protected":false},"excerpt":{"rendered":"<p>Zirkonzahn M1wet milling burs are high-performance cutting tools designed for processing glass ceramic materials. They are widely used in dental CAD\/CAM systems for manufacturing dental restorations such as all-ceramic crowns, veneers, inlays, etc. It is designed specifically for the Zirkonzahn M1 wet milling system to ensure seamless cooperation, improve processing stability and efficiency. When used [&hellip;]<\/p>\n","protected":false},"featured_media":3244,"template":"","meta":{"_acf_changed":false},"product_brand":[],"product_cat":[56],"product_tag":[],"class_list":{"0":"post-3241","1":"product","2":"type-product","3":"status-publish","4":"has-post-thumbnail","6":"product_cat-ceramic-glass-milling-bur","8":"first","9":"instock","10":"shipping-taxable","11":"product-type-simple"},"acf":[],"_links":{"self":[{"href":"https:\/\/www.dentalxangtech.com\/pt\/wp-json\/wp\/v2\/product\/3241","targetHints":{"allow":["GET"]}}],"collection":[{"href":"https:\/\/www.dentalxangtech.com\/pt\/wp-json\/wp\/v2\/product"}],"about":[{"href":"https:\/\/www.dentalxangtech.com\/pt\/wp-json\/wp\/v2\/types\/product"}],"wp:featuredmedia":[{"embeddable":true,"href":"https:\/\/www.dentalxangtech.com\/pt\/wp-json\/wp\/v2\/media\/3244"}],"wp:attachment":[{"href":"https:\/\/www.dentalxangtech.com\/pt\/wp-json\/wp\/v2\/media?parent=3241"}],"wp:term":[{"taxonomy":"product_brand","embeddable":true,"href":"https:\/\/www.dentalxangtech.com\/pt\/wp-json\/wp\/v2\/product_brand?post=3241"},{"taxonomy":"product_cat","embeddable":true,"href":"https:\/\/www.dentalxangtech.com\/pt\/wp-json\/wp\/v2\/product_cat?post=3241"},{"taxonomy":"product_tag","embeddable":true,"href":"https:\/\/www.dentalxangtech.com\/pt\/wp-json\/wp\/v2\/product_tag?post=3241"}],"curies":[{"name":"wp","href":"https:\/\/api.w.org\/{rel}","templated":true}]}}