{"id":3258,"date":"2024-12-03T17:05:57","date_gmt":"2024-12-03T09:05:57","guid":{"rendered":"http\/\/www.dentalxangtech.com\/?post_type=product&#038;p=3258"},"modified":"2024-12-03T17:05:57","modified_gmt":"2024-12-03T09:05:57","slug":"amann-girrbach-milling-bur","status":"publish","type":"product","link":"https:\/\/www.dentalxangtech.com\/pt\/product\/amann-girrbach-milling-bur\/","title":{"rendered":"Amann Girrbach Milling Bur"},"content":{"rendered":"<p><span style=\"font-family: arial, helvetica, sans-serif; font-size: 14pt;\">XANGTECH Amann Girrbach zirconia milling burs undergo rigorous quality testing to ensure that each bur meets high quality standards, thus providing stable and reliable tools for dental restoration work. Amann Girrbach zirconia milling burs can be well matched with the common CAD\/CAM machining systems on the market, providing convenience for the digital dental restoration process and improving the efficiency and accuracy of dental production.<\/span><\/p>\n<p><span style=\"font-family: arial, helvetica, sans-serif; font-size: 14pt;\">Amann Girrbach zirconia milling bur usa revestimento de diamante ou carbono tipo diamante que lhe d\u00e1 excelente dureza, resist\u00eancia ao uso e resist\u00eancia \u00e0 corros\u00e3o para assegurar que \u00e9 suficiente para lidar com materiais de alta for\u00e7a. Amann Girrbach zirconia milling burs s\u00e3o ideales para construir coroas de zirconia de alta qualidade, pontes, interiores e apenas. Desenvolvidos para resist\u00eancia ao uso, esses burros mant\u00eam sua afilidade e desempenho cortando mesmo sob elevadas cargas de trabalho. Amann Girrbach zirconia milling burs s\u00e3o projetados para integra\u00e7\u00e3o sem problemas com sistemas Amann Girrbach, assegurando resultados \u00f3timos.<\/span><\/p>\n<div style=\"width: 800px;\" class=\"wp-video\"><video class=\"wp-video-shortcode\" id=\"video-3258-1\" width=\"800\" height=\"450\" preload=\"metadata\" controls=\"controls\"><source type=\"video\/mp4\" src=\"https:\/\/www.dentalxangtech.com\/wp-content\/uploads\/2024\/12\/amann-zirconia-bur-video.mp4?_=1\" \/><a href=\"https:\/\/www.dentalxangtech.com\/wp-content\/uploads\/2024\/12\/amann-zirconia-bur-video.mp4\">https:\/\/www.dentalxangtech.com\/wp-content\/uploads\/2024\/12\/amann-zirconia-bur-video.mp4<\/a><\/video><\/div>","protected":false},"excerpt":{"rendered":"<p>XANGTECH Amann Girrbach zirconia milling burs undergo rigorous quality testing to ensure that each bur meets high quality standards, thus providing stable and reliable tools for dental restoration work. Amann Girrbach zirconia milling burs can be well matched with the common CAD\/CAM machining systems on the market, providing convenience for the digital dental restoration process [&hellip;]<\/p>\n","protected":false},"featured_media":3261,"template":"","meta":{"_acf_changed":false},"product_brand":[],"product_cat":[57],"product_tag":[],"class_list":{"0":"post-3258","1":"product","2":"type-product","3":"status-publish","4":"has-post-thumbnail","6":"product_cat-zirconia-milling-bur","8":"first","9":"instock","10":"shipping-taxable","11":"product-type-simple"},"acf":[],"_links":{"self":[{"href":"https:\/\/www.dentalxangtech.com\/pt\/wp-json\/wp\/v2\/product\/3258","targetHints":{"allow":["GET"]}}],"collection":[{"href":"https:\/\/www.dentalxangtech.com\/pt\/wp-json\/wp\/v2\/product"}],"about":[{"href":"https:\/\/www.dentalxangtech.com\/pt\/wp-json\/wp\/v2\/types\/product"}],"wp:featuredmedia":[{"embeddable":true,"href":"https:\/\/www.dentalxangtech.com\/pt\/wp-json\/wp\/v2\/media\/3261"}],"wp:attachment":[{"href":"https:\/\/www.dentalxangtech.com\/pt\/wp-json\/wp\/v2\/media?parent=3258"}],"wp:term":[{"taxonomy":"product_brand","embeddable":true,"href":"https:\/\/www.dentalxangtech.com\/pt\/wp-json\/wp\/v2\/product_brand?post=3258"},{"taxonomy":"product_cat","embeddable":true,"href":"https:\/\/www.dentalxangtech.com\/pt\/wp-json\/wp\/v2\/product_cat?post=3258"},{"taxonomy":"product_tag","embeddable":true,"href":"https:\/\/www.dentalxangtech.com\/pt\/wp-json\/wp\/v2\/product_tag?post=3258"}],"curies":[{"name":"wp","href":"https:\/\/api.w.org\/{rel}","templated":true}]}}