{"id":3273,"date":"2024-12-04T16:20:52","date_gmt":"2024-12-04T08:20:52","guid":{"rendered":"http\/\/www.dentalxangtech.com\/?post_type=product&#038;p=3273"},"modified":"2024-12-04T16:20:52","modified_gmt":"2024-12-04T08:20:52","slug":"yenadent-milling-bur","status":"publish","type":"product","link":"https:\/\/www.dentalxangtech.com\/pt\/product\/yenadent-milling-bur\/","title":{"rendered":"Yenadent Milling Bur"},"content":{"rendered":"<p><span style=\"font-family: arial, helvetica, sans-serif; font-size: 14pt;\">Burgas de molhamento de ianadente s\u00e3o feitas de materiais prim\u00e1rios como carbodo de tungst\u00eanio, diamante e a\u00e7o. Esses materiais s\u00e3o altamente duradouros e podem resistir \u00e0s rota\u00e7\u00f5es de alta velocidade necess\u00e1rias durante as opera\u00e7\u00f5es de molhamento dental e corte. Burgas de molhamento de ianadente s\u00e3o projetadas para proporcionar a\u00e7\u00e3o de corte precisa, assegurando vibra\u00e7\u00e3o m\u00ednima e precis\u00e3o superior. Isso \u00e9 essencial para alcan\u00e7ar um perfeito encaixo em restaura\u00e7\u00f5es dent\u00e1rias, especialmente no trabalho de coroa e ponte.<\/span><br \/>\n<span style=\"font-family: arial, helvetica, sans-serif; font-size: 14pt;\">Os burros de molhimento de ianadente s\u00e3o compat\u00edveis com uma vasta gama de m\u00e1quinas de molhimento usadas em laborat\u00f3rios dent\u00e1rios e cl\u00ednicas, incluindo sistemas de molhimento de design assistido por computador (CAD). Ergonomia \u00e9 uma considera\u00e7\u00e3o fundamental no design de buracos de molhimento de Yenadent. Suas caixas s\u00e3o projetadas para facilidade de manejo e para encaixar seguramente nos peda\u00e7os dent\u00e1rios mais comumente usados. Isso assegura o controle de precis\u00e3o durante a molhadura e reduz a fadiga das m\u00e3os durante procedimentos prolongados.<\/span><br \/>\n<span style=\"font-family: arial, helvetica, sans-serif; font-size: 14pt;\">O buro de molhamento de ianadente \u00e9 adequado para diversas opera\u00e7\u00f5es dent\u00e1rias, com \u00eanfase especial na universalidade e adaptabilidade, e \u00e9 capaz de lidar com uma vasta gama de materiais dent\u00e1rios como porcelana, resina composta, liga de metal, resina, liga de cobalto-cromo, etc. O design de tratamento de superf\u00edcie dos cortadores de molhamento dent\u00e1rio de ianadente reduz a acumula\u00e7\u00e3o de terra e \u00e9 f\u00e1cil de limpar ap\u00f3s uso para mant\u00ea-las em boa condi\u00e7\u00e3o de trabalho.<\/span><\/p>\n<div style=\"width: 800px;\" class=\"wp-video\"><video class=\"wp-video-shortcode\" id=\"video-3273-1\" width=\"800\" height=\"450\" preload=\"metadata\" controls=\"controls\"><source type=\"video\/mp4\" src=\"https:\/\/www.dentalxangtech.com\/wp-content\/uploads\/2024\/12\/yenadent-metal-bur-video.mp4?_=1\" \/><a href=\"https:\/\/www.dentalxangtech.com\/wp-content\/uploads\/2024\/12\/yenadent-metal-bur-video.mp4\">https:\/\/www.dentalxangtech.com\/wp-content\/uploads\/2024\/12\/yenadent-metal-bur-video.mp4<\/a><\/video><\/div>","protected":false},"excerpt":{"rendered":"<p>Yenadent milling burs are made from premium materials like tungsten carbide, diamond, and steel. These materials are highly durable and can withstand the high-speed rotations required during dental milling and cutting operations.Yenadent milling burs are designed to provide precise cutting action, ensuring minimal vibration and superior accuracy. This is essential for achieving a perfect fit [&hellip;]<\/p>\n","protected":false},"featured_media":3274,"template":"","meta":{"_acf_changed":false},"product_brand":[],"product_cat":[54],"product_tag":[],"class_list":{"0":"post-3273","1":"product","2":"type-product","3":"status-publish","4":"has-post-thumbnail","6":"product_cat-metal-milling-bur","8":"first","9":"instock","10":"shipping-taxable","11":"product-type-simple"},"acf":[],"_links":{"self":[{"href":"https:\/\/www.dentalxangtech.com\/pt\/wp-json\/wp\/v2\/product\/3273","targetHints":{"allow":["GET"]}}],"collection":[{"href":"https:\/\/www.dentalxangtech.com\/pt\/wp-json\/wp\/v2\/product"}],"about":[{"href":"https:\/\/www.dentalxangtech.com\/pt\/wp-json\/wp\/v2\/types\/product"}],"wp:featuredmedia":[{"embeddable":true,"href":"https:\/\/www.dentalxangtech.com\/pt\/wp-json\/wp\/v2\/media\/3274"}],"wp:attachment":[{"href":"https:\/\/www.dentalxangtech.com\/pt\/wp-json\/wp\/v2\/media?parent=3273"}],"wp:term":[{"taxonomy":"product_brand","embeddable":true,"href":"https:\/\/www.dentalxangtech.com\/pt\/wp-json\/wp\/v2\/product_brand?post=3273"},{"taxonomy":"product_cat","embeddable":true,"href":"https:\/\/www.dentalxangtech.com\/pt\/wp-json\/wp\/v2\/product_cat?post=3273"},{"taxonomy":"product_tag","embeddable":true,"href":"https:\/\/www.dentalxangtech.com\/pt\/wp-json\/wp\/v2\/product_tag?post=3273"}],"curies":[{"name":"wp","href":"https:\/\/api.w.org\/{rel}","templated":true}]}}