{"id":3286,"date":"2024-12-04T16:56:29","date_gmt":"2024-12-04T08:56:29","guid":{"rendered":"http\/\/www.dentalxangtech.com\/?post_type=product&#038;p=3286"},"modified":"2024-12-04T16:56:29","modified_gmt":"2024-12-04T08:56:29","slug":"vhf-milling-bur","status":"publish","type":"product","link":"https:\/\/www.dentalxangtech.com\/pt\/product\/vhf-milling-bur\/","title":{"rendered":"VHF molhamento bur"},"content":{"rendered":"<p><span style=\"font-family: arial, helvetica, sans-serif; font-size: 14pt;\">VHF molhamento bur \u00e9 adequado para VHF&#8217; s sistemas de molhimento (como K5, R5, etc.), e \u00e9 altamente compat\u00edvel com VHF&#8217; s sistemas de hardware e software, assegurando desempenho eficiente de molhamento e resultados precisos. Ela fornece alta precis\u00e3o, alto desempenho e longa vida de servi\u00e7o, e \u00e9 particularmente adequada para o processamento de restaura\u00e7\u00f5es dent\u00e1rias complexas e materiais duros.<\/span><br \/>\n<span style=\"font-family: arial, helvetica, sans-serif; font-size: 14pt;\">VHF&#8217; o projeto de cortador de molhimento foca em corte de alta precis\u00e3o e eficiente, usando materiais de alta qualidade (como revestimento de diamantes) e tem geometria otimizada para assegurar que permanece aguda durante molhimento de alta velocidade e alta carga. VHF K5 Milling Bur \u00e9 adequado para uma variedade de materiais como Zirconia, Emax, liga de cobalto-cromo, liga de tit\u00e2nio, etc., e pode fornecer fina superf\u00edcie fina e processamento de alta precis\u00e3o.<\/span><br \/>\n<span style=\"font-family: arial, helvetica, sans-serif; font-size: 14pt;\">VHF K5 milling bur combinado com VHF K5 Milling Machine&#8217; a tecnologia de molhamento de 5 eixos pode proporcionar uma precis\u00e3o e flexibilidade de processamento extremamente elevadas, especialmente para restaura\u00e7\u00f5es com formas complexas, profundidades e estruturas internas. A combina\u00e7\u00e3o perfeita com equipamento de VHF permite que ele desempenhe o melhor durante o perfeito processamento. Os cortadores de molhamento VHF s\u00e3o idealmente adequados para produ\u00e7\u00e3o de alto volume, especialmente quando \u00e9 necess\u00e1ria uma m\u00e1quina eficiente e precisa, como a fabrica\u00e7\u00e3o de rotina de restaura\u00e7\u00e3o em laborat\u00f3rios dent\u00e1rios ou a produ\u00e7\u00e3o padronizada de restaura\u00e7\u00e3o de implantes.<\/span><\/p>\n<div style=\"width: 800px;\" class=\"wp-video\"><video class=\"wp-video-shortcode\" id=\"video-3286-1\" width=\"800\" height=\"450\" preload=\"metadata\" controls=\"controls\"><source type=\"video\/mp4\" src=\"https:\/\/www.dentalxangtech.com\/wp-content\/uploads\/2024\/12\/VHF-k5-burs-video.mp4?_=1\" \/><a href=\"https:\/\/www.dentalxangtech.com\/wp-content\/uploads\/2024\/12\/VHF-k5-burs-video.mp4\">https:\/\/www.dentalxangtech.com\/wp-content\/uploads\/2024\/12\/VHF-k5-burs-video.mp4<\/a><\/video><\/div>","protected":false},"excerpt":{"rendered":"<p>VHF milling bur is suitable for VHF&#8217;s milling systems (such as K5, R5, etc.), and is highly compatible with VHF&#8217;s hardware and software systems, ensuring efficient milling performance and precise results. It provides high precision, high performance and long service life, and is particularly suitable for the processing of complex dental restorations and hard materials. [&hellip;]<\/p>\n","protected":false},"featured_media":3288,"template":"","meta":{"_acf_changed":false},"product_brand":[],"product_cat":[57],"product_tag":[],"class_list":{"0":"post-3286","1":"product","2":"type-product","3":"status-publish","4":"has-post-thumbnail","6":"product_cat-zirconia-milling-bur","8":"first","9":"instock","10":"shipping-taxable","11":"product-type-simple"},"acf":[],"_links":{"self":[{"href":"https:\/\/www.dentalxangtech.com\/pt\/wp-json\/wp\/v2\/product\/3286","targetHints":{"allow":["GET"]}}],"collection":[{"href":"https:\/\/www.dentalxangtech.com\/pt\/wp-json\/wp\/v2\/product"}],"about":[{"href":"https:\/\/www.dentalxangtech.com\/pt\/wp-json\/wp\/v2\/types\/product"}],"wp:featuredmedia":[{"embeddable":true,"href":"https:\/\/www.dentalxangtech.com\/pt\/wp-json\/wp\/v2\/media\/3288"}],"wp:attachment":[{"href":"https:\/\/www.dentalxangtech.com\/pt\/wp-json\/wp\/v2\/media?parent=3286"}],"wp:term":[{"taxonomy":"product_brand","embeddable":true,"href":"https:\/\/www.dentalxangtech.com\/pt\/wp-json\/wp\/v2\/product_brand?post=3286"},{"taxonomy":"product_cat","embeddable":true,"href":"https:\/\/www.dentalxangtech.com\/pt\/wp-json\/wp\/v2\/product_cat?post=3286"},{"taxonomy":"product_tag","embeddable":true,"href":"https:\/\/www.dentalxangtech.com\/pt\/wp-json\/wp\/v2\/product_tag?post=3286"}],"curies":[{"name":"wp","href":"https:\/\/api.w.org\/{rel}","templated":true}]}}