{"id":3301,"date":"2024-12-05T17:21:30","date_gmt":"2024-12-05T09:21:30","guid":{"rendered":"http\/\/www.dentalxangtech.com\/?post_type=product&#038;p=3301"},"modified":"2024-12-05T17:21:30","modified_gmt":"2024-12-05T09:21:30","slug":"mcx5-milling-bur","status":"publish","type":"product","link":"https:\/\/www.dentalxangtech.com\/pt\/product\/mcx5-milling-bur\/","title":{"rendered":"MCX5 Milling Bur"},"content":{"rendered":"<p>No mundo da tecnologia dent\u00e1ria, precis\u00e3o e durabilidade n\u00e3o s\u00e3o apenas prefer\u00eancias, s\u00e3o necessidades. XANGTECH MCX5 milling bur exemplifica essas qualidades, estabelecendo um novo par\u00e2metro de refer\u00eancia para desempenho e confiabilidade em ferramentas dentais de milling. Com seu projeto inovador e constru\u00e7\u00e3o robust a, este buro \u00e9 um mudador de jogo para profissionais dentais buscando precis\u00e3o, efici\u00eancia e longevidade em seu trabalho. Encantado com t\u00e9cnicas avan\u00e7adas de fabrica\u00e7\u00e3o, ele fornece um n\u00edvel de precis\u00e3o que garante resultados sem falhas para cada restaura\u00e7\u00e3o dental. O meticuloso processo de produ\u00e7\u00e3o garante uniformidade e coer\u00eancia, permitindo aos profissionais dent\u00e1rios replicar texturas e contornos dent\u00e1rios naturais com precis\u00e3o n\u00e3o comparada. Esse foco na precis\u00e3o minimiza erros e refor\u00e7o, poupa tempo e recursos ao mesmo tempo que proporciona resultados superiores para pacientes.<\/p>\n<p>A durabilidade \u00e9 outra pedra angular dela. Engenhada a partir de materiais de primeiro grau, este buro \u00e9 constru\u00eddo para resistir aos rigores do uso di\u00e1rio em ambientes de alta demanda. Sua resist\u00eancia reduz a frequ\u00eancia de substitui\u00e7\u00f5es, oferecendo aos t\u00e9cnicos dent\u00e1rios uma ferramenta confi\u00e1vel que funciona consistentemente ao longo do tempo. Tal durabilidade n\u00e3o s\u00f3 aumenta a produtividade, mas tamb\u00e9m representa uma solu\u00e7\u00e3o custo-eficaz para laborat\u00f3rios dent\u00e1rios e cl\u00ednicas. O que realmente o separa \u00e9 sua versatilidade. Designado para trabalhar sem problemas com uma vasta gama de m\u00e1quinas de molhamento dental, fornece uma solu\u00e7\u00e3o universal para diversos fluxos de trabalho. Essa adaptabilidade assegura que os profissionais dent\u00e1rios podem integrar-a em seus sistemas existentes sem esfor\u00e7o, aumentando a efici\u00eancia operacional sem a necessidade de ajustes significativos. Para os profissionais dent\u00e1rios que procuram melhorar sua arte, \u00e9 mais que uma ferramenta \u2013 \u00e9 um parceiro em precis\u00e3o, projetado para trazer o melhor em cada restaura\u00e7\u00e3o.<\/p>\n<p>1. Tecnologia avan\u00e7ada de produ\u00e7\u00e3o<br \/>\n2. Excelente qualidade e durabilidade<br \/>\n3. Fazido de mat\u00e9rias-primas de alta for\u00e7a<\/p>","protected":false},"excerpt":{"rendered":"<p>In the world of dental technology, precision and durability are not just preferences\u2014they are necessities.XANGTECH MCX5 milling bur exemplifies these qualities, setting a new benchmark for performance and reliability in dental milling tools. With its innovative design and robust construction, this bur is a game-changer for dental professionals seeking accuracy, efficiency, and longevity in their [&hellip;]<\/p>\n","protected":false},"featured_media":3308,"template":"","meta":{"_acf_changed":false},"product_brand":[],"product_cat":[44],"product_tag":[],"class_list":{"0":"post-3301","1":"product","2":"type-product","3":"status-publish","4":"has-post-thumbnail","6":"product_cat-ceramic-glass","8":"first","9":"instock","10":"shipping-taxable","11":"product-type-simple"},"acf":[],"_links":{"self":[{"href":"https:\/\/www.dentalxangtech.com\/pt\/wp-json\/wp\/v2\/product\/3301","targetHints":{"allow":["GET"]}}],"collection":[{"href":"https:\/\/www.dentalxangtech.com\/pt\/wp-json\/wp\/v2\/product"}],"about":[{"href":"https:\/\/www.dentalxangtech.com\/pt\/wp-json\/wp\/v2\/types\/product"}],"wp:featuredmedia":[{"embeddable":true,"href":"https:\/\/www.dentalxangtech.com\/pt\/wp-json\/wp\/v2\/media\/3308"}],"wp:attachment":[{"href":"https:\/\/www.dentalxangtech.com\/pt\/wp-json\/wp\/v2\/media?parent=3301"}],"wp:term":[{"taxonomy":"product_brand","embeddable":true,"href":"https:\/\/www.dentalxangtech.com\/pt\/wp-json\/wp\/v2\/product_brand?post=3301"},{"taxonomy":"product_cat","embeddable":true,"href":"https:\/\/www.dentalxangtech.com\/pt\/wp-json\/wp\/v2\/product_cat?post=3301"},{"taxonomy":"product_tag","embeddable":true,"href":"https:\/\/www.dentalxangtech.com\/pt\/wp-json\/wp\/v2\/product_tag?post=3301"}],"curies":[{"name":"wp","href":"https:\/\/api.w.org\/{rel}","templated":true}]}}