{"id":3309,"date":"2024-12-06T16:01:50","date_gmt":"2024-12-06T08:01:50","guid":{"rendered":"http\/\/www.dentalxangtech.com\/?post_type=product&#038;p=3309"},"modified":"2024-12-06T16:11:58","modified_gmt":"2024-12-06T08:11:58","slug":"up-3d-milling-bur","status":"publish","type":"product","link":"https:\/\/www.dentalxangtech.com\/pt\/product\/up-3d-milling-bur\/","title":{"rendered":"UP 3D Milling Bur"},"content":{"rendered":"<p>XANGTECH UP 3D dental milling burs are a game-changer in modern dental restoration, offering a seamless blend of precision, durability, and versatility. Designados para atender \u00e0s necessidades dos profissionais dent\u00e1rios em todo o mundo, esses buros s\u00e3o compat\u00edveis com todos os principais sistemas dom\u00e9sticos e internacionais CAD\/CAM, eliminando preocupa\u00e7\u00f5es de compatibilidade e assegurando uma integra\u00e7\u00e3o sem esfor\u00e7o em qualquer fluxo de trabalho. Encontrado com engenharia avan\u00e7ada e materiais de alta qualidade, excele na molhadura de zirc\u00f4nia, fornecendo resultados suaves e precisos para uma variedade de restaura\u00e7\u00f5es dent\u00e1rias. De coroas complexas a pontes robustas, essas ferramentas fornecem a precis\u00e3o necess\u00e1ria para mesmo as restaura\u00e7\u00f5es dent\u00e1rias mais complexas. Seu design eficiente assegura alto desempenho de corte, reduzindo o tempo de opera\u00e7\u00e3o, mantendo excelentes termina\u00e7\u00f5es de superf\u00edcie que requerem um p\u00f3s-processamento m\u00ednimo.<\/p>\n<p>A durabilidade est\u00e1 no n\u00facleo das bursas de molhimento XANGTECH. Sua robust a constru\u00e7\u00e3o prolonga a vida de ferramentas, tornando-as uma escolha confi\u00e1vel e rentavelmente eficaz para cl\u00ednicas dent\u00e1rias e laborat\u00f3rios ocupados. Essa durabilidade se traduz em menos substitui\u00e7\u00f5es, assegurando opera\u00e7\u00f5es n\u00e3o interrompidas e menores custos globais. Ao combinar compatibilidade universal, precis\u00e3o excepcional e desempenho de longa dura\u00e7\u00e3o, ele empodera os profissionais dentais a produzir resultados superiores com efici\u00eancia. Se voc\u00ea estiver usando equipamentos dom\u00e9sticos ou importados, esses buros estabeleceram o padr\u00e3o para a molhadura de zirc\u00f4nia, ajudando voc\u00ea a alcan\u00e7ar restaura\u00e7\u00f5es de alto n\u00edvel com confian\u00e7a.<\/p>\n<p>1. Tecnologia avan\u00e7ada e alta precis\u00e3o<br \/>\n2.Material de alta qualidade com boa durabilidade<br \/>\n3. \u00c9 f\u00e1cil operar e simplificar o fluxo de trabalho<\/p>","protected":false},"excerpt":{"rendered":"<p>XANGTECH UP 3D dental milling burs are a game-changer in modern dental restoration, offering a seamless blend of precision, durability, and versatility. Designed to meet the needs of dental professionals worldwide, these burs are compatible with all major domestic and international CAD\/CAM systems, eliminating compatibility concerns and ensuring effortless integration into any workflow.Crafted with advanced [&hellip;]<\/p>\n","protected":false},"featured_media":3312,"template":"","meta":{"_acf_changed":false},"product_brand":[],"product_cat":[44],"product_tag":[],"class_list":{"0":"post-3309","1":"product","2":"type-product","3":"status-publish","4":"has-post-thumbnail","6":"product_cat-ceramic-glass","8":"first","9":"instock","10":"shipping-taxable","11":"product-type-simple"},"acf":[],"_links":{"self":[{"href":"https:\/\/www.dentalxangtech.com\/pt\/wp-json\/wp\/v2\/product\/3309","targetHints":{"allow":["GET"]}}],"collection":[{"href":"https:\/\/www.dentalxangtech.com\/pt\/wp-json\/wp\/v2\/product"}],"about":[{"href":"https:\/\/www.dentalxangtech.com\/pt\/wp-json\/wp\/v2\/types\/product"}],"wp:featuredmedia":[{"embeddable":true,"href":"https:\/\/www.dentalxangtech.com\/pt\/wp-json\/wp\/v2\/media\/3312"}],"wp:attachment":[{"href":"https:\/\/www.dentalxangtech.com\/pt\/wp-json\/wp\/v2\/media?parent=3309"}],"wp:term":[{"taxonomy":"product_brand","embeddable":true,"href":"https:\/\/www.dentalxangtech.com\/pt\/wp-json\/wp\/v2\/product_brand?post=3309"},{"taxonomy":"product_cat","embeddable":true,"href":"https:\/\/www.dentalxangtech.com\/pt\/wp-json\/wp\/v2\/product_cat?post=3309"},{"taxonomy":"product_tag","embeddable":true,"href":"https:\/\/www.dentalxangtech.com\/pt\/wp-json\/wp\/v2\/product_tag?post=3309"}],"curies":[{"name":"wp","href":"https:\/\/api.w.org\/{rel}","templated":true}]}}