{"id":3316,"date":"2024-12-07T16:18:40","date_gmt":"2024-12-07T08:18:40","guid":{"rendered":"http\/\/www.dentalxangtech.com\/?post_type=product&#038;p=3316"},"modified":"2024-12-07T16:18:40","modified_gmt":"2024-12-07T08:18:40","slug":"camdent-milling-bur","status":"publish","type":"product","link":"https:\/\/www.dentalxangtech.com\/pt\/product\/camdent-milling-bur\/","title":{"rendered":"Camdent Milling Bur"},"content":{"rendered":"<p><span style=\"font-family: arial, helvetica, sans-serif; font-size: 14pt;\">Burs de molhamento de zirc\u00f4nia Camdent cortados suavemente e s\u00e3o apropriados para a finaliza\u00e7\u00e3o e ajuste de forma de v\u00e1rias restaura\u00e7\u00f5es. Eles t\u00eam alta efici\u00eancia de corte e s\u00e3o adequados para a produ\u00e7\u00e3o de restaura\u00e7\u00f5es convencionais. \u00c9 adequado para uma variedade de marcas de equipamentos, tem forte versatilidade, e \u00e9 amplamente usado em equipamentos dent\u00e1rios manuais ou m\u00e1quinas comuns de molhimento. Compatible com uma variedade de dispositivos e pode ser usado com uma ampla gama de sistemas CAD\/CAM. Os buros de molhamento de circ\u00f3nia Camdent s\u00e3o conhecidos por seu desempenho de alto custo e desempenho confi\u00e1vel, com alto custo de desempenho, longa vida de servi\u00e7o e resist\u00eancia ao bom uso.<\/span><\/p>\n<p><span style=\"font-family: arial, helvetica, sans-serif; font-size: 14pt;\">Os buros de circ\u00f4nia de Camdent s\u00e3o amplamente utilizados em opera\u00e7\u00f5es de restaura\u00e7\u00e3o dent\u00e1ria, principalmente incluindo: ajuste de restaura\u00e7\u00e3o de circ\u00f4nia, usados para cortar e ajustar coroas de circ\u00f4nia toda cer\u00e2mica, entradas, veneras e outras restaura\u00e7\u00f5es; - termina\u00e7\u00e3o da borda de restaura\u00e7\u00e3o, ajustamento da densidade da borda de corte, otimiza\u00e7\u00e3o do efeito de repara\u00e7\u00e3o; - corte de forma, corte detalhes sobre a restaura\u00e7\u00e3o da zirc\u00f4nia para corresponder ao paciente&#8217; a forma de dentes; o polimento da superf\u00edcie, proporcionando um tratamento suave \u00e0 superf\u00edcie da restaura\u00e7\u00e3o da circ\u00f4nia, melhorando a est\u00e9tica e o conforto.<\/span><\/p>\n<div style=\"width: 800px;\" class=\"wp-video\"><video class=\"wp-video-shortcode\" id=\"video-3316-1\" width=\"800\" height=\"450\" preload=\"metadata\" controls=\"controls\"><source type=\"video\/mp4\" src=\"https:\/\/www.dentalxangtech.com\/wp-content\/uploads\/2024\/12\/video.mp4?_=1\" \/><a href=\"https:\/\/www.dentalxangtech.com\/wp-content\/uploads\/2024\/12\/video.mp4\">https:\/\/www.dentalxangtech.com\/wp-content\/uploads\/2024\/12\/video.mp4<\/a><\/video><\/div>","protected":false},"excerpt":{"rendered":"<p>Camdent zirconia milling burs cut smoothly and are suitable for the finishing and shape adjustment of various restorations. They have high cutting efficiency and are suitable for the production of conventional restorations. It is suitable for a variety of brands of equipment, has strong versatility, and is widely used in handheld dental equipment or common [&hellip;]<\/p>\n","protected":false},"featured_media":3318,"template":"","meta":{"_acf_changed":false},"product_brand":[],"product_cat":[57],"product_tag":[],"class_list":{"0":"post-3316","1":"product","2":"type-product","3":"status-publish","4":"has-post-thumbnail","6":"product_cat-zirconia-milling-bur","8":"first","9":"instock","10":"shipping-taxable","11":"product-type-simple"},"acf":[],"_links":{"self":[{"href":"https:\/\/www.dentalxangtech.com\/pt\/wp-json\/wp\/v2\/product\/3316","targetHints":{"allow":["GET"]}}],"collection":[{"href":"https:\/\/www.dentalxangtech.com\/pt\/wp-json\/wp\/v2\/product"}],"about":[{"href":"https:\/\/www.dentalxangtech.com\/pt\/wp-json\/wp\/v2\/types\/product"}],"wp:featuredmedia":[{"embeddable":true,"href":"https:\/\/www.dentalxangtech.com\/pt\/wp-json\/wp\/v2\/media\/3318"}],"wp:attachment":[{"href":"https:\/\/www.dentalxangtech.com\/pt\/wp-json\/wp\/v2\/media?parent=3316"}],"wp:term":[{"taxonomy":"product_brand","embeddable":true,"href":"https:\/\/www.dentalxangtech.com\/pt\/wp-json\/wp\/v2\/product_brand?post=3316"},{"taxonomy":"product_cat","embeddable":true,"href":"https:\/\/www.dentalxangtech.com\/pt\/wp-json\/wp\/v2\/product_cat?post=3316"},{"taxonomy":"product_tag","embeddable":true,"href":"https:\/\/www.dentalxangtech.com\/pt\/wp-json\/wp\/v2\/product_tag?post=3316"}],"curies":[{"name":"wp","href":"https:\/\/api.w.org\/{rel}","templated":true}]}}