{"id":3330,"date":"2024-12-09T16:03:08","date_gmt":"2024-12-09T08:03:08","guid":{"rendered":"http\/\/www.dentalxangtech.com\/?post_type=product&#038;p=3330"},"modified":"2024-12-09T16:03:08","modified_gmt":"2024-12-09T08:03:08","slug":"imes-icore-milling-bur","status":"publish","type":"product","link":"https:\/\/www.dentalxangtech.com\/pt\/product\/imes-icore-milling-bur\/","title":{"rendered":"Imes Icore Milling Bur"},"content":{"rendered":"<p><span style=\"font-family: arial, helvetica, sans-serif; font-size: 14pt;\">O buro de molhamento Imes Icore \u00e9 uma ferramenta de m\u00e1quina dent\u00e1ria e industrial de alta precis\u00e3o projetada para satisfazer as exig\u00eancias rigorosas de detalhes na produ\u00e7\u00e3o de restaura\u00e7\u00f5es dent\u00e1rias. Ela pode alcan\u00e7ar precis\u00e3o de m\u00e1quina a n\u00edvel de microns para necessidades de processamento de restaura\u00e7\u00f5es complex as de metales (como pontes abusos de implanta\u00e7\u00e3o, etc.).<\/span><\/p>\n<p><span style=\"font-family: arial, helvetica, sans-serif; font-size: 14pt;\">As explos\u00f5es de molhimento Imes Icore s\u00e3o feitas de a\u00e7o de tungst\u00eanio de alta for\u00e7a ou a\u00e7o legado. Eles t\u00eam extremamente alta dureza e dureza e podem resistir ao alto estresse e ambiente de alta temperatura durante o processamento de metal. Durante o processo de molhamento de alta velocidade, a ferramenta mant\u00e9m a estabilidade e a agudez. N\u00e3o \u00e9 f\u00e1cil de degradar.<\/span><\/p>\n<p><span style=\"font-family: arial, helvetica, sans-serif; font-size: 14pt;\">As burras de molhimento Imes Icore t\u00eam forte compatibilidade e s\u00e3o completamente compat\u00edveis com v\u00e1rias m\u00e1quinas de molhimento CNC produzidas por imes-icore (como s\u00e9rie CORiTEC), e tamb\u00e9m adequadas para outras marcas de equipamento. imes-icore virar agulhas t\u00eam alta velocidade de corte e excelentes propriedades de dissipa\u00e7\u00e3o de calor, o que reduz significativamente os tempos de m\u00e1quina. Devido a sua tecnologia superior de material e revestimento, sua vida de servi\u00e7o \u00e9 geralmente 1,5-2 vezes maior que a de ferramentas comuns, especialmente quando processa materiais duros.<\/span><\/p>\n<div style=\"width: 800px;\" class=\"wp-video\"><video class=\"wp-video-shortcode\" id=\"video-3330-1\" width=\"800\" height=\"450\" preload=\"metadata\" controls=\"controls\"><source type=\"video\/mp4\" src=\"https:\/\/www.dentalxangtech.com\/wp-content\/uploads\/2024\/12\/Imes-Icore-Metal-Ball-end-D6.mp4?_=1\" \/><a href=\"https:\/\/www.dentalxangtech.com\/wp-content\/uploads\/2024\/12\/Imes-Icore-Metal-Ball-end-D6.mp4\">https:\/\/www.dentalxangtech.com\/wp-content\/uploads\/2024\/12\/Imes-Icore-Metal-Ball-end-D6.mp4<\/a><\/video><\/div>","protected":false},"excerpt":{"rendered":"<p>The Imes Icore milling bur is a high-precision dental and industrial machining tool designed to meet the stringent demands for detail in the production of dental restorations. It can achieve micron-level machining accuracy for complex metal restorations (such as bridges Implantation abutments, etc.) processing needs. The Imes Icore milling burs are made of high-strength tungsten [&hellip;]<\/p>\n","protected":false},"featured_media":3333,"template":"","meta":{"_acf_changed":false},"product_brand":[],"product_cat":[54],"product_tag":[],"class_list":{"0":"post-3330","1":"product","2":"type-product","3":"status-publish","4":"has-post-thumbnail","6":"product_cat-metal-milling-bur","8":"first","9":"instock","10":"shipping-taxable","11":"product-type-simple"},"acf":[],"_links":{"self":[{"href":"https:\/\/www.dentalxangtech.com\/pt\/wp-json\/wp\/v2\/product\/3330","targetHints":{"allow":["GET"]}}],"collection":[{"href":"https:\/\/www.dentalxangtech.com\/pt\/wp-json\/wp\/v2\/product"}],"about":[{"href":"https:\/\/www.dentalxangtech.com\/pt\/wp-json\/wp\/v2\/types\/product"}],"wp:featuredmedia":[{"embeddable":true,"href":"https:\/\/www.dentalxangtech.com\/pt\/wp-json\/wp\/v2\/media\/3333"}],"wp:attachment":[{"href":"https:\/\/www.dentalxangtech.com\/pt\/wp-json\/wp\/v2\/media?parent=3330"}],"wp:term":[{"taxonomy":"product_brand","embeddable":true,"href":"https:\/\/www.dentalxangtech.com\/pt\/wp-json\/wp\/v2\/product_brand?post=3330"},{"taxonomy":"product_cat","embeddable":true,"href":"https:\/\/www.dentalxangtech.com\/pt\/wp-json\/wp\/v2\/product_cat?post=3330"},{"taxonomy":"product_tag","embeddable":true,"href":"https:\/\/www.dentalxangtech.com\/pt\/wp-json\/wp\/v2\/product_tag?post=3330"}],"curies":[{"name":"wp","href":"https:\/\/api.w.org\/{rel}","templated":true}]}}