{"id":3355,"date":"2024-12-11T16:57:24","date_gmt":"2024-12-11T08:57:24","guid":{"rendered":"http\/\/www.dentalxangtech.com\/?post_type=product&#038;p=3355"},"modified":"2024-12-11T16:57:24","modified_gmt":"2024-12-11T08:57:24","slug":"xtcera-milling-bur","status":"publish","type":"product","link":"https:\/\/www.dentalxangtech.com\/pt\/product\/xtcera-milling-bur\/","title":{"rendered":"Xtcera Milling Bur"},"content":{"rendered":"<p>Os burros de molhamento Xtcera estabeleceram um novo padr\u00e3o em tecnologia de molhamento dental, oferecendo precis\u00e3o, efici\u00eancia e durabilidade n\u00e3o equivalentes. Trabalhados de material de bast\u00e3o de tungst\u00eanio ultrafino, essas bursas s\u00e3o projetadas para resistir aos rigores de uso cont\u00ednuo em laborat\u00f3rios dent\u00e1rios de alta demanda ao mesmo tempo que oferecem resultados consistentemente superiores. O uso de processos de fabrica\u00e7\u00e3o avan\u00e7ados assegura que cada buro \u00e9 projetado com padr\u00f5es exactos para for \u00e7a, afiguran\u00e7a e confiabilidade, tornando-os uma ferramenta indispens\u00e1vel para profissionais dent\u00e1rios em todo o mundo. A sua composi\u00e7\u00e3o excepcional permite molhar mais r\u00e1pido, reduzindo significativamente os tempos de produ\u00e7\u00e3o sem comprometer a qualidade do produto final. Seus desempenhos avan\u00e7ados de corte asseguram molhamento limpo e suave que preserva a integridade material e melhora a precis\u00e3o de cada restaura\u00e7\u00e3o. Se voc\u00ea est\u00e1 trabalhando em restaura\u00e7\u00f5es complexas ou tarefas de molhimento padr\u00e3o, esses burs excelem em produzir resultados precisos que satisfa\u00e7am os mais altos padr\u00f5es da ind\u00fastria.<\/p>\n<p>O que o separa \u00e9 sua capacidade de molhar eficientemente o material dental, proporcionando versatilidade e adaptabilidade em uma ampla gama de aplica\u00e7\u00f5es dentais. Esses buros s\u00e3o otimizados para lidar com os materiais mais duros com facilidade, assegurando que permanecem agudos e eficazes durante per\u00edodos prolongados de uso. Seu design de alto desempenho minimiza o uso e a l\u00e1grima, reduzindo a necessidade de substitui\u00e7\u00f5es frequentes e reduzindo os custos operacionais globais. Al\u00e9m de sua superioridade t\u00e9cnica, os burros de molhimento Xtcera s\u00e3o projetados com o usu\u00e1rio em mente. Sua confiabilidade excepcional assegura uma experi\u00eancia de molhamento sem fios, permitindo aos profissionais dentais focar na cria\u00e7\u00e3o de restaura\u00e7\u00f5es de alta qualidade que excedam as expectativas do paciente. Ao combinar velocidade, precis\u00e3o e durabilidade, permite aos laborat\u00f3rios dent\u00e1rios alcan\u00e7ar maior efici\u00eancia, mantendo aten\u00e7\u00e3o descompromet\u00e1vel ao detalhe.<\/p>\n<p><strong>1. Burs de molhimento de alta qualidade.<\/strong><\/p>\n<p><strong>2.Partes ultrafinas de material de bast\u00e3o de tungst\u00eanio.<\/strong><\/p>\n<p><strong>3.Grinding mais r\u00e1pido para molhar material dental.<\/strong><\/p>\n<div style=\"width: 800px;\" class=\"wp-video\"><video class=\"wp-video-shortcode\" id=\"video-3355-1\" width=\"800\" height=\"450\" preload=\"metadata\" controls=\"controls\"><source type=\"video\/mp4\" src=\"https:\/\/www.dentalxangtech.com\/wp-content\/uploads\/2024\/12\/XANGTECH-Dental-XTCERA-600-WET-Milling-Bur.mp4?_=1\" \/><a href=\"https:\/\/www.dentalxangtech.com\/wp-content\/uploads\/2024\/12\/XANGTECH-Dental-XTCERA-600-WET-Milling-Bur.mp4\">https:\/\/www.dentalxangtech.com\/wp-content\/uploads\/2024\/12\/XANGTECH-Dental-XTCERA-600-WET-Milling-Bur.mp4<\/a><\/video><\/div>","protected":false},"excerpt":{"rendered":"<p>Xtcera milling burs set a new standard in dental milling technology, offering unmatched precision, efficiency, and durability. Crafted from ultrafine tungsten rod material, these burs are designed to withstand the rigors of continuous use in high-demand dental laboratories while delivering consistently superior results. The use of advanced manufacturing processes ensures that each bur is engineered [&hellip;]<\/p>\n","protected":false},"featured_media":3359,"template":"","meta":{"_acf_changed":false},"product_brand":[],"product_cat":[44],"product_tag":[],"class_list":{"0":"post-3355","1":"product","2":"type-product","3":"status-publish","4":"has-post-thumbnail","6":"product_cat-ceramic-glass","8":"first","9":"instock","10":"shipping-taxable","11":"product-type-simple"},"acf":[],"_links":{"self":[{"href":"https:\/\/www.dentalxangtech.com\/pt\/wp-json\/wp\/v2\/product\/3355","targetHints":{"allow":["GET"]}}],"collection":[{"href":"https:\/\/www.dentalxangtech.com\/pt\/wp-json\/wp\/v2\/product"}],"about":[{"href":"https:\/\/www.dentalxangtech.com\/pt\/wp-json\/wp\/v2\/types\/product"}],"wp:featuredmedia":[{"embeddable":true,"href":"https:\/\/www.dentalxangtech.com\/pt\/wp-json\/wp\/v2\/media\/3359"}],"wp:attachment":[{"href":"https:\/\/www.dentalxangtech.com\/pt\/wp-json\/wp\/v2\/media?parent=3355"}],"wp:term":[{"taxonomy":"product_brand","embeddable":true,"href":"https:\/\/www.dentalxangtech.com\/pt\/wp-json\/wp\/v2\/product_brand?post=3355"},{"taxonomy":"product_cat","embeddable":true,"href":"https:\/\/www.dentalxangtech.com\/pt\/wp-json\/wp\/v2\/product_cat?post=3355"},{"taxonomy":"product_tag","embeddable":true,"href":"https:\/\/www.dentalxangtech.com\/pt\/wp-json\/wp\/v2\/product_tag?post=3355"}],"curies":[{"name":"wp","href":"https:\/\/api.w.org\/{rel}","templated":true}]}}