{"id":3363,"date":"2024-12-12T16:31:35","date_gmt":"2024-12-12T08:31:35","guid":{"rendered":"http\/\/www.dentalxangtech.com\/?post_type=product&#038;p=3363"},"modified":"2024-12-12T16:31:35","modified_gmt":"2024-12-12T08:31:35","slug":"dental-plus-milling-bur","status":"publish","type":"product","link":"https:\/\/www.dentalxangtech.com\/pt\/product\/dental-plus-milling-bur\/","title":{"rendered":"Dental Plus Milling Bur"},"content":{"rendered":"<p>No mundo din\u00e2mico da dentistia, onde a precis\u00e3o e efici\u00eancia s\u00e3o primordiais, os buros de molhamento XANGTECH Dental Plus surgiram como uma escolha l\u00edder para profissionais buscando confiabilidade e desempenho superior. Essas ferramentas incorporam uma mistura de engenharia avan\u00e7ada e funcionalidade pr\u00e1tica, tornando-as indispens\u00e1veis em procedimentos dent\u00e1rios restauradores. No cora\u00e7\u00e3o dos burros de molhamento Dental Plus \u00e9 sua precis\u00e3o excepcional, alcan\u00e7ada atrav\u00e9s de processos de produ\u00e7\u00e3o meticulosos. Essas ferramentas s\u00e3o constru\u00eddas usando t\u00e9cnicas inovadoras de eletroplatagem e revestimento de v\u00e1rias camadas, que asseguram um desempenho consistente de corte. Sua habilidade de lidar com materiais diversos como zirc\u00f4nia, cer\u00e2mica e metais sublinha sua versatilidade, tornando-os adequados para uma grande variedade de restaura\u00e7\u00f5es dent\u00e1rias, incluindo coroas, pontes e veneras. O design dessas bursas permite uma remo\u00e7\u00e3o suave e detalhada de material, possibilitando a cria\u00e7\u00e3o de restaura\u00e7\u00f5es que imitam estreitamente os dentes naturais na apar\u00eancia e fun\u00e7\u00e3o.<\/p>\n<p>\u00c9 projetado com aten\u00e7\u00e3o meticulosa aos detalhes. Fabricado usando tecnologia de atualidade, esses burs apresentam revestimentos densos e multicamadas feitos de carbodo de tungst\u00eanio ou part\u00edculas de diamante. Esse design melhora sua efici\u00eancia de corte ao mesmo tempo que assegura durabilidade. O resultado \u00e9 uma ferramenta capaz de executar os projetos mais complexos com precis\u00e3o sem falhas, permitindo restaura\u00e7\u00f5es que imitam estreitamente a apar\u00eancia e fun\u00e7\u00e3o dos dentes naturais. Al\u00e9m disso, esses buros de molhimento passam por processos rigorosos de garantia de qualidade. Cada ferramenta \u00e9 submetida a inspec\u00e7\u00f5es de medi\u00e7\u00e3o laser e testes de desempenho de corte, assegurando que cumprem os mais altos padr\u00f5es de confiabilidade e precis\u00e3o. Esse compromisso com a qualidade se traduz em resultados previs\u00edveis e consistentes, empoderando os profissionais dent\u00e1rios a produzir resultados excepcionais.<\/p>\n<p><strong>1. Simple e f\u00e1cil de operar<\/strong><br \/>\n<strong>2. Material duro de excelente qualidade<\/strong><br \/>\n<strong>3. Larga gama de aplica\u00e7\u00f5es<\/strong><\/p>\n<div style=\"width: 800px;\" class=\"wp-video\"><video class=\"wp-video-shortcode\" id=\"video-3363-1\" width=\"800\" height=\"450\" preload=\"metadata\" controls=\"controls\"><source type=\"video\/mp4\" src=\"https:\/\/www.dentalxangtech.com\/wp-content\/uploads\/2024\/12\/dental-plus.mp4?_=1\" \/><a href=\"https:\/\/www.dentalxangtech.com\/wp-content\/uploads\/2024\/12\/dental-plus.mp4\">https:\/\/www.dentalxangtech.com\/wp-content\/uploads\/2024\/12\/dental-plus.mp4<\/a><\/video><\/div>","protected":false},"excerpt":{"rendered":"<p>In the dynamic world of dentistry, where accuracy and efficiency are paramount, XANGTECH Dental Plus milling burs have emerged as a leading choice for professionals seeking reliability and superior performance. These tools embody a blend of advanced engineering and practical functionality, making them indispensable in restorative dental procedures.At the heart of Dental Plus milling burs [&hellip;]<\/p>\n","protected":false},"featured_media":3368,"template":"","meta":{"_acf_changed":false},"product_brand":[],"product_cat":[44],"product_tag":[],"class_list":{"0":"post-3363","1":"product","2":"type-product","3":"status-publish","4":"has-post-thumbnail","6":"product_cat-ceramic-glass","8":"first","9":"instock","10":"shipping-taxable","11":"product-type-simple"},"acf":[],"_links":{"self":[{"href":"https:\/\/www.dentalxangtech.com\/pt\/wp-json\/wp\/v2\/product\/3363","targetHints":{"allow":["GET"]}}],"collection":[{"href":"https:\/\/www.dentalxangtech.com\/pt\/wp-json\/wp\/v2\/product"}],"about":[{"href":"https:\/\/www.dentalxangtech.com\/pt\/wp-json\/wp\/v2\/types\/product"}],"wp:featuredmedia":[{"embeddable":true,"href":"https:\/\/www.dentalxangtech.com\/pt\/wp-json\/wp\/v2\/media\/3368"}],"wp:attachment":[{"href":"https:\/\/www.dentalxangtech.com\/pt\/wp-json\/wp\/v2\/media?parent=3363"}],"wp:term":[{"taxonomy":"product_brand","embeddable":true,"href":"https:\/\/www.dentalxangtech.com\/pt\/wp-json\/wp\/v2\/product_brand?post=3363"},{"taxonomy":"product_cat","embeddable":true,"href":"https:\/\/www.dentalxangtech.com\/pt\/wp-json\/wp\/v2\/product_cat?post=3363"},{"taxonomy":"product_tag","embeddable":true,"href":"https:\/\/www.dentalxangtech.com\/pt\/wp-json\/wp\/v2\/product_tag?post=3363"}],"curies":[{"name":"wp","href":"https:\/\/api.w.org\/{rel}","templated":true}]}}