{"id":3371,"date":"2024-12-13T17:02:06","date_gmt":"2024-12-13T09:02:06","guid":{"rendered":"http\/\/www.dentalxangtech.com\/?post_type=product&#038;p=3371"},"modified":"2024-12-13T17:02:06","modified_gmt":"2024-12-13T09:02:06","slug":"zotion-milling-bur","status":"publish","type":"product","link":"https:\/\/www.dentalxangtech.com\/pt\/product\/zotion-milling-bur\/","title":{"rendered":"Zotion Milling Bur"},"content":{"rendered":"<p>O campo dentista testemunhou avan\u00e7os not\u00e1veis ao longo dos anos, com ferramentas e tecnologias tornando-se cada vez mais sofisticadas para satisfazer as exig\u00eancias de precis\u00e3o, efici\u00eancia e durabilidade. Entre esses avan\u00e7os, os burros de molhimento de XANGTECH Lord se estabeleceram como uma pedra angular de processos modernos de restaura\u00e7\u00e3o dental, oferecendo confiabilidade e desempenho n\u00e3o equivalentes para profissionais dentais em todo o mundo. Trabalhado com carbono de tungst\u00eanio ultrafino, exemplifica a fus\u00e3o de ci\u00eancia de materiais avan\u00e7ados e engenharia moderna. Sua robusta constru\u00e7\u00e3o assegura durabilidade excepcional, tornando-os capazes de resistir aos rigores de uso cont\u00ednuo em laborat\u00f3rios dent\u00e1rios e cl\u00ednicas. Seja a circ\u00f4nia de molhamento, PMMA, cera, ou mesmo metal, esses buros mant\u00eam sua afilidade e integridade estrutural, assegurando precis\u00e3o coerente ao longo do tempo. Essa longevidade n\u00e3o s\u00f3 reduz a frequ\u00eancia de substitui\u00e7\u00e3o, mas tamb\u00e9m contribui para a efici\u00eancia de custos, um fator cr\u00edtico em ambientes de alta demanda.<\/p>\n<p>A precis\u00e3o \u00e9 a marca dela. Suas bordas de corte meticulosamente projetadas permitem aos profissionais dentais alcan\u00e7ar detalhes complexos e termina\u00e7\u00f5es suaves, cr\u00edticas para criar restaura\u00e7\u00f5es que replicam a anatomia natural dos dentes. De coroas e pontes a estruturas complexas de implantes, Lord Burs assegura que cada restaura\u00e7\u00e3o cumpra os mais altos padr\u00f5es de precis\u00e3o e apelo est\u00e9tico. Esse n\u00edvel de precis\u00e3o traduz-se em melhores resultados do paciente, uma vez que restaura\u00e7\u00f5es se encaixam sem problemas e proporcionam conforto e funcionalidade superiores. Outra caracter\u00edstica definidora \u00e9 sua versatilidade. Designed to integrate seamlessly with a wide range of dental milling machines, they adapt effortlessly to various CAD\/CAM systems used in modern dentistry. Essa adaptabilidade simplifica os fluxos de trabalho para laborat\u00f3rios dent\u00e1rios, permitindo aos t\u00e9cnicos focar na produ\u00e7\u00e3o de restaura\u00e7\u00f5es de alta qualidade sem se preocupar com quest\u00f5es de compatibilidade. Al\u00e9m disso, a engenharia avan\u00e7ada dos burs suporta a molhadura de alta velocidade, reduzindo significativamente os tempos de processamento, mantendo o detalhe complexo necess\u00e1rio para as pr\u00f3teses dent\u00e1rias.<\/p>\n<p>A excel\u00eancia dela se estende al\u00e9m de seus atributos f\u00edsicos. Eles representam um compromisso com inova\u00e7\u00e3o e qualidade, com cada ferramenta sujeita a testes rigorosos para cumprir padr\u00f5es internacionais rigorosos. Essa dedica\u00e7\u00e3o assegura que cada buro n\u00e3o s\u00f3 desempenha excepcionalmente, mas tamb\u00e9m incorpora a confian\u00e7a e confiabilidade que os profissionais dent\u00e1rios esperam de suas ferramentas. \u00c9 um investimento cont\u00ednuo em pesquisa e desenvolvimento sublinha sua miss\u00e3o de fornecer solu\u00e7\u00f5es que melhorem efici\u00eancia, precis\u00e3o e satisfa\u00e7\u00e3o dos pacientes no cuidado dental.<\/p>","protected":false},"excerpt":{"rendered":"<p>The field of dentistry has witnessed remarkable advancements over the years, with tools and technologies becoming increasingly sophisticated to meet the demands of precision, efficiency, and durability. Among these advancements,XANGTECH Zotion milling burs have established themselves as a cornerstone of modern dental restoration processes, offering unmatched reliability and performance for dental professionals worldwide.Crafted from ultrafine [&hellip;]<\/p>\n","protected":false},"featured_media":3376,"template":"","meta":{"_acf_changed":false},"product_brand":[],"product_cat":[44],"product_tag":[],"class_list":{"0":"post-3371","1":"product","2":"type-product","3":"status-publish","4":"has-post-thumbnail","6":"product_cat-ceramic-glass","8":"first","9":"instock","10":"shipping-taxable","11":"product-type-simple"},"acf":[],"_links":{"self":[{"href":"https:\/\/www.dentalxangtech.com\/pt\/wp-json\/wp\/v2\/product\/3371","targetHints":{"allow":["GET"]}}],"collection":[{"href":"https:\/\/www.dentalxangtech.com\/pt\/wp-json\/wp\/v2\/product"}],"about":[{"href":"https:\/\/www.dentalxangtech.com\/pt\/wp-json\/wp\/v2\/types\/product"}],"wp:featuredmedia":[{"embeddable":true,"href":"https:\/\/www.dentalxangtech.com\/pt\/wp-json\/wp\/v2\/media\/3376"}],"wp:attachment":[{"href":"https:\/\/www.dentalxangtech.com\/pt\/wp-json\/wp\/v2\/media?parent=3371"}],"wp:term":[{"taxonomy":"product_brand","embeddable":true,"href":"https:\/\/www.dentalxangtech.com\/pt\/wp-json\/wp\/v2\/product_brand?post=3371"},{"taxonomy":"product_cat","embeddable":true,"href":"https:\/\/www.dentalxangtech.com\/pt\/wp-json\/wp\/v2\/product_cat?post=3371"},{"taxonomy":"product_tag","embeddable":true,"href":"https:\/\/www.dentalxangtech.com\/pt\/wp-json\/wp\/v2\/product_tag?post=3371"}],"curies":[{"name":"wp","href":"https:\/\/api.w.org\/{rel}","templated":true}]}}