{"id":3387,"date":"2024-12-17T15:27:44","date_gmt":"2024-12-17T07:27:44","guid":{"rendered":"http\/\/www.dentalxangtech.com\/?post_type=product&#038;p=3387"},"modified":"2024-12-17T15:27:44","modified_gmt":"2024-12-17T07:27:44","slug":"wieland-milling-bur","status":"publish","type":"product","link":"https:\/\/www.dentalxangtech.com\/pt\/product\/wieland-milling-bur\/","title":{"rendered":"Wieland Milling Bur"},"content":{"rendered":"<p><span style=\"font-family: arial, helvetica, sans-serif; font-size: 14pt;\">Burs de molhamento Wieland s\u00e3o vers\u00e1tiis, adequados para laborat\u00f3rios dentais e sistemas de produ\u00e7\u00e3o maiores. Eles podem fabricar blocos de zirc\u00f4nio, cera, PMMA, compostos e cer\u00e2mica h\u00edbrida. - Burs de molhimento Wieland s\u00e3o burs de carb\u00f3 de alta qualidade, eles est\u00e3o dispon\u00edveis com agulhas revestidas de diamante, que s\u00e3o duradouras e resistentes ao uso, e adequados para materiais duros como a zirc\u00f4nia. Eles t\u00eam alta precis\u00e3o para geometrias complexas e s\u00e3o projetados para molhamento de coroa e ponte de alto detalhe. Excelente qualidade de superf\u00edcie, especialmente com burros revestidos de diamantes.<\/span><\/p>\n<p><span style=\"font-family: arial, helvetica, sans-serif; font-size: 14pt;\">Burgas de molhimento Wieland s\u00e3o feitas com tecnologia de precis\u00e3o, e a qualidade e estabilidade das burgas s\u00e3o extremamente altas. Longa vida, manter a for\u00e7a de corte, e reduzir o custo de substitui\u00e7\u00e3o frequente. Bom efeito de corte, curto tempo de opera\u00e7\u00e3o, e melhorar a efici\u00eancia do trabalho. O tratamento uniforme da superf\u00edcie reduz a gera\u00e7\u00e3o de calor e protege o paciente. o tecido dental.<\/span><\/p>\n<p><span style=\"font-family: arial, helvetica, sans-serif; font-size: 14pt;\">O buro de molho Wieland n\u00e3o \u00e9 apenas compat\u00edvel com Wieland&#8217; s Sistema Zenotec mas tamb\u00e9m suporta outras m\u00e1quinas abertas de molhimento CAD\/CAM com interfaces padr\u00e3o. \u00c9 duradoura e, portanto, custo-eficaz a longo prazo em grandes laborat\u00f3rios.<\/span><\/p>\n<div style=\"width: 800px;\" class=\"wp-video\"><video class=\"wp-video-shortcode\" id=\"video-3387-1\" width=\"800\" height=\"450\" preload=\"metadata\" controls=\"controls\"><source type=\"video\/mp4\" src=\"https:\/\/www.dentalxangtech.com\/wp-content\/uploads\/2024\/12\/wieland-mini-dlc-milling-bur-video.mp4?_=1\" \/><a href=\"https:\/\/www.dentalxangtech.com\/wp-content\/uploads\/2024\/12\/wieland-mini-dlc-milling-bur-video.mp4\">https:\/\/www.dentalxangtech.com\/wp-content\/uploads\/2024\/12\/wieland-mini-dlc-milling-bur-video.mp4<\/a><\/video><\/div>","protected":false},"excerpt":{"rendered":"<p>Wieland milling burs are versatile, suitable for dental labs and larger production systems. They can mill zirconium block, wax, PMMA, composites and hybrid ceramics. Wieland milling burs are high-quality carbide burs, they are available with diamond-coated needles, which are durable and wear-resistant, and suitable for hard materials such as zirconia.They have high precision for complex [&hellip;]<\/p>\n","protected":false},"featured_media":3389,"template":"","meta":{"_acf_changed":false},"product_brand":[],"product_cat":[57],"product_tag":[],"class_list":{"0":"post-3387","1":"product","2":"type-product","3":"status-publish","4":"has-post-thumbnail","6":"product_cat-zirconia-milling-bur","8":"first","9":"instock","10":"shipping-taxable","11":"product-type-simple"},"acf":[],"_links":{"self":[{"href":"https:\/\/www.dentalxangtech.com\/pt\/wp-json\/wp\/v2\/product\/3387","targetHints":{"allow":["GET"]}}],"collection":[{"href":"https:\/\/www.dentalxangtech.com\/pt\/wp-json\/wp\/v2\/product"}],"about":[{"href":"https:\/\/www.dentalxangtech.com\/pt\/wp-json\/wp\/v2\/types\/product"}],"wp:featuredmedia":[{"embeddable":true,"href":"https:\/\/www.dentalxangtech.com\/pt\/wp-json\/wp\/v2\/media\/3389"}],"wp:attachment":[{"href":"https:\/\/www.dentalxangtech.com\/pt\/wp-json\/wp\/v2\/media?parent=3387"}],"wp:term":[{"taxonomy":"product_brand","embeddable":true,"href":"https:\/\/www.dentalxangtech.com\/pt\/wp-json\/wp\/v2\/product_brand?post=3387"},{"taxonomy":"product_cat","embeddable":true,"href":"https:\/\/www.dentalxangtech.com\/pt\/wp-json\/wp\/v2\/product_cat?post=3387"},{"taxonomy":"product_tag","embeddable":true,"href":"https:\/\/www.dentalxangtech.com\/pt\/wp-json\/wp\/v2\/product_tag?post=3387"}],"curies":[{"name":"wp","href":"https:\/\/api.w.org\/{rel}","templated":true}]}}