{"id":3398,"date":"2024-12-18T17:07:08","date_gmt":"2024-12-18T09:07:08","guid":{"rendered":"http\/\/www.dentalxangtech.com\/?post_type=product&#038;p=3398"},"modified":"2024-12-18T17:07:08","modified_gmt":"2024-12-18T09:07:08","slug":"bsm-milling-bur","status":"publish","type":"product","link":"https:\/\/www.dentalxangtech.com\/pt\/product\/bsm-milling-bur\/","title":{"rendered":"BSM Milling Bur"},"content":{"rendered":"<p>A XANGTECH Dental BSM Milling Bur \u00e9 uma solu\u00e7\u00e3o de molhimento avan\u00e7ada projetada para cumprir os mais altos padr\u00f5es de desempenho, precis\u00e3o e confiabilidade na ind\u00fastria dental. Engenhado usando material de bast\u00e3o de tungst\u00eanio de ultrafina, oferece durabilidade excepcional e resist\u00eancia ao uso, assegurando resultados consistentes durante per\u00edodos prolongados de uso. Sua efici\u00eancia superior de corte reduz significativamente o tempo de molhimento, tornando-o uma escolha ideal para laborat\u00f3rios dent\u00e1rios e cl\u00ednicas ocupados. Esse buro de molhimento de alto desempenho \u00e9 projetado para a versatilidade, capaz de processar uma vasta gama de materiais, incluindo zirc\u00f4nia, PMMA, cer\u00e2mica e blocos de metal. Ela fornece cortes suaves e precisos, assegurando uma termina\u00e7\u00e3o sem falhas para restaura\u00e7\u00f5es dent\u00e1rias como coronas, pontes e pr\u00f3teses apoiadas por implantes. Com um design cuidadosamente constru\u00eddo, ele fornece velocidade de molhimento aumentada ao mesmo tempo que mant\u00e9m o detalhe preciso para restaura\u00e7\u00f5es dent\u00e1rias complexas.<\/p>\n<p>Completamente compat\u00edvel com os principais sistemas CAD\/CAM, incluindo m\u00e1quinas de molhimento avan\u00e7adas, este buro cumpre estritos padr\u00f5es internacionais de toler\u00e2ncia, garantindo precis\u00e3o e confiabilidade. Sua compatibilidade e precis\u00e3o tornam-na uma ferramenta essencial para alcan\u00e7ar resultados superiores em v\u00e1rios projetos de restaura\u00e7\u00e3o. Est\u00e1 dispon\u00edvel em di\u00e2metros m\u00faltiplos de cabe\u00e7a para acomodar uma variedade de necessidades de molhimento, assegurando flexibilidade na constru\u00e7\u00e3o de restaura\u00e7\u00f5es com aptid\u00e3o \u00f3ptima e est\u00e9tica. Ao reduzir o uso e a l\u00e1grima de m\u00e1quinas de molhimento e aumentar a efici\u00eancia operacional, oferece um valor excelente aos profissionais dent\u00e1rios. Se usados para molhar quadros de zirc\u00f4nia, prot\u00f3tipos de PMMA ou substruturas de metal, assegura qualidade superior e desempenho custo-eficaz.<\/p>\n<p>Designada para profissionais que exigem precis\u00e3o, durabilidade e confiabilidade, ela \u00e9 uma ferramenta confi\u00e1vel nos fluxos de trabalho modernos de restaura\u00e7\u00e3o dental. Combina a engenharia moderna com materiais inovadores para produzir resultados que satisfa\u00e7am e excedam as expectativas de laborat\u00f3rios dent\u00e1rios e cl\u00ednicas em todo o mundo. Escolha XANGTECH para uma experi\u00eancia de molhimento n\u00e3o parecida que aumente a produtividade, precis\u00e3o e satisfa\u00e7\u00e3o do paciente.<\/p>","protected":false},"excerpt":{"rendered":"<p>The XANGTECH Dental BSM Milling Bur is an advanced milling solution designed to meet the highest standards of performance, precision, and reliability in the dental industry. Engineered using ultrafine tungsten rod material, it offers exceptional durability and wear resistance, ensuring consistent results over extended periods of use. Its superior cutting efficiency significantly reduces milling time, [&hellip;]<\/p>\n","protected":false},"featured_media":3399,"template":"","meta":{"_acf_changed":false},"product_brand":[],"product_cat":[44],"product_tag":[],"class_list":{"0":"post-3398","1":"product","2":"type-product","3":"status-publish","4":"has-post-thumbnail","6":"product_cat-ceramic-glass","8":"first","9":"instock","10":"shipping-taxable","11":"product-type-simple"},"acf":[],"_links":{"self":[{"href":"https:\/\/www.dentalxangtech.com\/pt\/wp-json\/wp\/v2\/product\/3398","targetHints":{"allow":["GET"]}}],"collection":[{"href":"https:\/\/www.dentalxangtech.com\/pt\/wp-json\/wp\/v2\/product"}],"about":[{"href":"https:\/\/www.dentalxangtech.com\/pt\/wp-json\/wp\/v2\/types\/product"}],"wp:featuredmedia":[{"embeddable":true,"href":"https:\/\/www.dentalxangtech.com\/pt\/wp-json\/wp\/v2\/media\/3399"}],"wp:attachment":[{"href":"https:\/\/www.dentalxangtech.com\/pt\/wp-json\/wp\/v2\/media?parent=3398"}],"wp:term":[{"taxonomy":"product_brand","embeddable":true,"href":"https:\/\/www.dentalxangtech.com\/pt\/wp-json\/wp\/v2\/product_brand?post=3398"},{"taxonomy":"product_cat","embeddable":true,"href":"https:\/\/www.dentalxangtech.com\/pt\/wp-json\/wp\/v2\/product_cat?post=3398"},{"taxonomy":"product_tag","embeddable":true,"href":"https:\/\/www.dentalxangtech.com\/pt\/wp-json\/wp\/v2\/product_tag?post=3398"}],"curies":[{"name":"wp","href":"https:\/\/api.w.org\/{rel}","templated":true}]}}