{"id":3405,"date":"2024-12-19T14:26:56","date_gmt":"2024-12-19T06:26:56","guid":{"rendered":"http\/\/www.dentalxangtech.com\/?post_type=product&#038;p=3405"},"modified":"2024-12-19T14:29:30","modified_gmt":"2024-12-19T06:29:30","slug":"programill-dry-milling-bur","status":"publish","type":"product","link":"https:\/\/www.dentalxangtech.com\/pt\/product\/programill-dry-milling-bur\/","title":{"rendered":"PrograMill Dry Milling Bur"},"content":{"rendered":"<p><span style=\"font-family: arial, helvetica, sans-serif; font-size: 14pt;\">O PrograMill Milling Bur \u00e9 estreitamente parecido com as m\u00e1quinas de molhamento da s\u00e9rie Programill (como PM7, PM5, etc.). \u00c9 feito para equipamento Amann Girrbach, que pode dar jogo completo ao desempenho do equipamento e \u00e9 particularmente adequado para laborat\u00f3rios dent\u00e1rios de alto n\u00edvel e processamento de restaura\u00e7\u00e3o complexo. Usa carbido cimentado de alta qualidade, funciona bem em condi\u00e7\u00f5es de alta temperatura, \u00e9 adequado para processamento de metais de alta velocidade e proporciona alta resist\u00eancia ao uso e resist\u00eancia \u00e0 oxida\u00e7\u00e3o; Alguns modelos usam carbono tipo diamante, que \u00e9 especialmente projetado para materiais de alta dureza (como porcelana de circ\u00f3nio) para reduzir a gera\u00e7\u00e3o de crack durante o corte. A tecnologia de revestimento otimiza resist\u00eancia ao uso e resist\u00eancia ao calor e prolonga a vida de ferramentas. - Adequado para processamento de alta velocidade, redu\u00e7\u00e3o da vibra\u00e7\u00e3o e melhoria da efici\u00eancia de produ\u00e7\u00e3o.<\/span><\/p>\n<p><span style=\"font-family: arial, helvetica, sans-serif; font-size: 14pt;\">O PrograMill Milling Bur tem uma long a vida, uma forte estabilidade de processamento e uma alta custo-efic\u00e1cia abrangente. \u00c9 adequado para usu\u00e1rios que perseguem precis\u00e3o. \u00c9 projetado para restaura\u00e7\u00f5es de alta precis\u00e3o e \u00e9 adequado para processar coroas, pontes, abusos de implantes e outras restaura\u00e7\u00f5es de alto n\u00edvel.<\/span><\/p>\n<p><span style=\"font-family: arial, helvetica, sans-serif; font-size: 14pt;\">O PrograMill Milling Bur \u00e9 mais adequado para laborat\u00f3rios dent\u00e1rios com exig\u00eancias de alta precis\u00e3o, especialmente quando processam materiais de alta dureza (como porcelana de zirc\u00f4nio). Eles s\u00e3o a primeira escolha para usu\u00e1rios do equipamento Amann Girrbach.<\/span><\/p>\n<div style=\"width: 800px;\" class=\"wp-video\"><video class=\"wp-video-shortcode\" id=\"video-3405-1\" width=\"800\" height=\"450\" preload=\"metadata\" controls=\"controls\"><source type=\"video\/mp4\" src=\"https:\/\/www.dentalxangtech.com\/wp-content\/uploads\/2024\/12\/PM-dry-milling-bur-video.mp4?_=1\" \/><a href=\"https:\/\/www.dentalxangtech.com\/wp-content\/uploads\/2024\/12\/PM-dry-milling-bur-video.mp4\">https:\/\/www.dentalxangtech.com\/wp-content\/uploads\/2024\/12\/PM-dry-milling-bur-video.mp4<\/a><\/video><\/div>\n<p>D<\/p>","protected":false},"excerpt":{"rendered":"<p>PrograMill Milling Bur is closely matched with the Programill series milling machines (such as PM7, PM5, etc.). It is tailor-made for Amann Girrbach equipment, which can give full play to the performance of the equipment and is particularly suitable for high-end dental laboratories and complex restoration processing. It uses high-quality cemented carbide, performs well under [&hellip;]<\/p>\n","protected":false},"featured_media":3407,"template":"","meta":{"_acf_changed":false},"product_brand":[],"product_cat":[44],"product_tag":[],"class_list":{"0":"post-3405","1":"product","2":"type-product","3":"status-publish","4":"has-post-thumbnail","6":"product_cat-ceramic-glass","8":"first","9":"instock","10":"shipping-taxable","11":"product-type-simple"},"acf":[],"_links":{"self":[{"href":"https:\/\/www.dentalxangtech.com\/pt\/wp-json\/wp\/v2\/product\/3405","targetHints":{"allow":["GET"]}}],"collection":[{"href":"https:\/\/www.dentalxangtech.com\/pt\/wp-json\/wp\/v2\/product"}],"about":[{"href":"https:\/\/www.dentalxangtech.com\/pt\/wp-json\/wp\/v2\/types\/product"}],"wp:featuredmedia":[{"embeddable":true,"href":"https:\/\/www.dentalxangtech.com\/pt\/wp-json\/wp\/v2\/media\/3407"}],"wp:attachment":[{"href":"https:\/\/www.dentalxangtech.com\/pt\/wp-json\/wp\/v2\/media?parent=3405"}],"wp:term":[{"taxonomy":"product_brand","embeddable":true,"href":"https:\/\/www.dentalxangtech.com\/pt\/wp-json\/wp\/v2\/product_brand?post=3405"},{"taxonomy":"product_cat","embeddable":true,"href":"https:\/\/www.dentalxangtech.com\/pt\/wp-json\/wp\/v2\/product_cat?post=3405"},{"taxonomy":"product_tag","embeddable":true,"href":"https:\/\/www.dentalxangtech.com\/pt\/wp-json\/wp\/v2\/product_tag?post=3405"}],"curies":[{"name":"wp","href":"https:\/\/api.w.org\/{rel}","templated":true}]}}