{"id":3413,"date":"2024-12-19T14:34:54","date_gmt":"2024-12-19T06:34:54","guid":{"rendered":"http\/\/www.dentalxangtech.com\/?post_type=product&#038;p=3413"},"modified":"2024-12-19T14:34:54","modified_gmt":"2024-12-19T06:34:54","slug":"yucera-milling-bur","status":"publish","type":"product","link":"https:\/\/www.dentalxangtech.com\/pt\/product\/yucera-milling-bur\/","title":{"rendered":"Yucera Milling Bur"},"content":{"rendered":"<p>Descobre o equil\u00edbrio perfeito de efici\u00eancia, precis\u00e3o e durabilidade com a XANGTECH Yucera Milling Burs, a solu\u00e7\u00e3o final para as necessidades de molhamento dental. Esses buros de alta qualidade s\u00e3o projetados para satisfazer as exig\u00eancias dos laborat\u00f3rios dent\u00e1rios modernos e cl\u00ednicas, fornecendo desempenho excepcional em uma ampla gama de materiais, incluindo zirc\u00f4nia, PMMA, cera e metais mais suaves. Trabalhado de carbido de tungst\u00eanio de alta for \u00e7a, \u00e9 constru\u00eddo para uso de longa dura\u00e7\u00e3o, permitindo-lhe fabricar m\u00faltiplas unidades com um \u00fanico buro sem comprometer o desempenho. O design avan\u00e7ado assegura corte suave e preciso, reduzindo ajustes manuales e melhorando significativamente a qualidade das restaura\u00e7\u00f5es como coroas, pontes e implantes.<\/p>\n<p>Com sua compatibilidade universal, ela se integra sem problemas com m\u00e1quinas de molhamento dental CAD\/CAM, tornando-as uma escolha vers\u00e1til e conveniente para profissionais. Optimizados para molhimento mais r\u00e1pido, esses burros economizam tempo valioso durante a produ\u00e7\u00e3o, aumentando a efici\u00eancia sem sacrificar qualidade. Engineering for comfort and reliability, Yucera Milling Burs minimize vibration and noise during operation, providing a better working experience. Enhanced with advanced wear-resistant coatings, they maintain consistent performance and a longer life span, making them a cost-effective investment for any dental practice or laboratory. Anovar seus processos de molhamento dental com ele e experimentar a diferen\u00e7a em precis\u00e3o, desempenho e resultados. Perfeito para profissionais buscando confiabilidade e excel\u00eancia, esses burs s\u00e3o projetados para elevar cada restaura\u00e7\u00e3o.<\/p>","protected":false},"excerpt":{"rendered":"<p>Discover the perfect balance of efficiency, precision, and durability with XANGTECH Yucera Milling Burs, the ultimate solution for dental milling needs. These high-quality burs are engineered to meet the demands of modern dental laboratories and clinics, delivering exceptional performance across a wide range of materials, including zirconia, PMMA, wax, and softer metals.Crafted from high-strength tungsten [&hellip;]<\/p>\n","protected":false},"featured_media":3414,"template":"","meta":{"_acf_changed":false},"product_brand":[],"product_cat":[15],"product_tag":[],"class_list":{"0":"post-3413","1":"product","2":"type-product","3":"status-publish","4":"has-post-thumbnail","6":"product_cat-restoration-materials","8":"first","9":"instock","10":"shipping-taxable","11":"product-type-simple"},"acf":[],"_links":{"self":[{"href":"https:\/\/www.dentalxangtech.com\/pt\/wp-json\/wp\/v2\/product\/3413","targetHints":{"allow":["GET"]}}],"collection":[{"href":"https:\/\/www.dentalxangtech.com\/pt\/wp-json\/wp\/v2\/product"}],"about":[{"href":"https:\/\/www.dentalxangtech.com\/pt\/wp-json\/wp\/v2\/types\/product"}],"wp:featuredmedia":[{"embeddable":true,"href":"https:\/\/www.dentalxangtech.com\/pt\/wp-json\/wp\/v2\/media\/3414"}],"wp:attachment":[{"href":"https:\/\/www.dentalxangtech.com\/pt\/wp-json\/wp\/v2\/media?parent=3413"}],"wp:term":[{"taxonomy":"product_brand","embeddable":true,"href":"https:\/\/www.dentalxangtech.com\/pt\/wp-json\/wp\/v2\/product_brand?post=3413"},{"taxonomy":"product_cat","embeddable":true,"href":"https:\/\/www.dentalxangtech.com\/pt\/wp-json\/wp\/v2\/product_cat?post=3413"},{"taxonomy":"product_tag","embeddable":true,"href":"https:\/\/www.dentalxangtech.com\/pt\/wp-json\/wp\/v2\/product_tag?post=3413"}],"curies":[{"name":"wp","href":"https:\/\/api.w.org\/{rel}","templated":true}]}}