{"id":3422,"date":"2024-12-19T17:11:12","date_gmt":"2024-12-19T09:11:12","guid":{"rendered":"http\/\/www.dentalxangtech.com\/?post_type=product&#038;p=3422"},"modified":"2024-12-19T17:11:13","modified_gmt":"2024-12-19T09:11:13","slug":"arum-milling-bur","status":"publish","type":"product","link":"https:\/\/www.dentalxangtech.com\/pt\/product\/arum-milling-bur\/","title":{"rendered":"Arum Milling Bur"},"content":{"rendered":"<p>Os burros de molhamento de ar\u00f4mio s\u00e3o feitos de a\u00e7o de tungst\u00eanio de alta qualidade ou de materiais revestidos por diamantes, altamente duradouros e particularmente adequados para materiais mais duros como zirc\u00f4nia, PMMA e metais. Devido \u00e0 alta durabilidade do design, os burs de Arum t\u00eam uma long a vida de servi\u00e7o, especialmente no processo de molhimento de materiais duros. Eles excelem em manter a precis\u00e3o de corte e s\u00e3o adequados para ambientes de uso de alta frequ\u00eancia.<\/p>\n<p>Esses buros s\u00e3o compat\u00edveis com uma variedade de marcas e modelos de equipamento de molhimento CNC, incluindo Arum&#8217; seu pr\u00f3prio equipamento e outras marcas bem conhecidas como Amann Girrbach, VHF, Roland, imes-icore, etc., e t\u00eam forte versatilidade. Eles s\u00e3o projetados com as necessidades de diferentes materiais em mente e fornecem uma variedade de formas e tamanhos diferentes de burros para molhamento seco e molhado. Seja fazendo restaura\u00e7\u00f5es tempor\u00e1rias ou restaura\u00e7\u00f5es de alta for\u00e7a, burs de Arum podem proporcionar corte eficiente e preciso. Os burros de molhimento de ar\u00f4mio podem ser usados para molhimento seco e h\u00famido de materiais de circ\u00f3nia, assegurando corte preciso e reduzindo quebra de material.<\/p>\n<p>A constru\u00e7\u00e3o de burs de Arum envolve geralmente materiais de alta qualidade como carbono de tungst\u00eanio ou revestimentos de diamante. Esses materiais asseguram que as bursas mant\u00eam bordas de corte agudas e resistem ao desgaste e l\u00e1grima, mesmo quando trabalham com materiais mais duros como a zirc\u00f4nia. Os burros s\u00e3o projetados com v\u00e1rios formatos e tamanhos, tornando-os vers\u00e1tiis para uma ampla gama de aplica\u00e7\u00f5es de molhamento dental. Al\u00e9m disso, os burs de Arum s\u00e3o projetados para reduzir a constru\u00e7\u00e3o de calor durante o processo de molhimento, o que ajuda a preservar a integridade tanto do material como da restaura\u00e7\u00e3o dent\u00e1ria sendo criada.<\/p>\n<div style=\"width: 800px;\" class=\"wp-video\"><video class=\"wp-video-shortcode\" id=\"video-3422-1\" width=\"800\" height=\"450\" preload=\"metadata\" controls=\"controls\"><source type=\"video\/mp4\" src=\"https:\/\/www.dentalxangtech.com\/wp-content\/uploads\/2024\/12\/Arum-zirconia-dlc-milling-bur-video.mp4?_=1\" \/><a href=\"https:\/\/www.dentalxangtech.com\/wp-content\/uploads\/2024\/12\/Arum-zirconia-dlc-milling-bur-video.mp4\">https:\/\/www.dentalxangtech.com\/wp-content\/uploads\/2024\/12\/Arum-zirconia-dlc-milling-bur-video.mp4<\/a><\/video><\/div>","protected":false},"excerpt":{"rendered":"<p>Arum milling burs are made of high-quality tungsten steel or diamond-coated materials, which are highly durable and are particularly suitable for harder materials such as zirconia, PMMA and metals. Due to the high durability of the design, Arum burs have a long service life, especially in the milling process of hard materials. They excel in [&hellip;]<\/p>\n","protected":false},"featured_media":3424,"template":"","meta":{"_acf_changed":false},"product_brand":[],"product_cat":[44],"product_tag":[],"class_list":{"0":"post-3422","1":"product","2":"type-product","3":"status-publish","4":"has-post-thumbnail","6":"product_cat-ceramic-glass","8":"first","9":"instock","10":"shipping-taxable","11":"product-type-simple"},"acf":[],"_links":{"self":[{"href":"https:\/\/www.dentalxangtech.com\/pt\/wp-json\/wp\/v2\/product\/3422","targetHints":{"allow":["GET"]}}],"collection":[{"href":"https:\/\/www.dentalxangtech.com\/pt\/wp-json\/wp\/v2\/product"}],"about":[{"href":"https:\/\/www.dentalxangtech.com\/pt\/wp-json\/wp\/v2\/types\/product"}],"wp:featuredmedia":[{"embeddable":true,"href":"https:\/\/www.dentalxangtech.com\/pt\/wp-json\/wp\/v2\/media\/3424"}],"wp:attachment":[{"href":"https:\/\/www.dentalxangtech.com\/pt\/wp-json\/wp\/v2\/media?parent=3422"}],"wp:term":[{"taxonomy":"product_brand","embeddable":true,"href":"https:\/\/www.dentalxangtech.com\/pt\/wp-json\/wp\/v2\/product_brand?post=3422"},{"taxonomy":"product_cat","embeddable":true,"href":"https:\/\/www.dentalxangtech.com\/pt\/wp-json\/wp\/v2\/product_cat?post=3422"},{"taxonomy":"product_tag","embeddable":true,"href":"https:\/\/www.dentalxangtech.com\/pt\/wp-json\/wp\/v2\/product_tag?post=3422"}],"curies":[{"name":"wp","href":"https:\/\/api.w.org\/{rel}","templated":true}]}}