{"id":3435,"date":"2024-12-20T09:30:14","date_gmt":"2024-12-20T01:30:14","guid":{"rendered":"http\/\/www.dentalxangtech.com\/?post_type=product&#038;p=3435"},"modified":"2024-12-20T09:30:15","modified_gmt":"2024-12-20T01:30:15","slug":"jiny-milling-bur","status":"publish","type":"product","link":"https:\/\/www.dentalxangtech.com\/pt\/product\/jiny-milling-bur\/","title":{"rendered":"JINY Milling Bur"},"content":{"rendered":"<p><span style=\"font-family: arial, helvetica, sans-serif; font-size: 14pt;\">Jiny milling bur \u00e9 uma ferramenta de corte dental de alta precis\u00e3o e multiprop\u00f3sito, que \u00e9 amplamente utilizada em sistemas CAD\/CAM abertos e equipamento geral de processamento dental. Sua versatilidade e custo-efic\u00e1cia o tornam muito popular. Jiny milling bur tem ampla compatibilidade de corte e \u00e9 adequado para materiais dent\u00e1rios comuns como zirc\u00f4nio, liga CrCo, PMMA (polimetilmetacrilato), cera, etc. Normalmente adota um processo de carbono ou revestimento, com alta resist\u00eancia ao uso e longa vida de servi\u00e7o. Jiny tem m\u00faltiplas configura\u00e7\u00f5es de equipamentos, que s\u00e3o adequadas para equipamentos de molhimento de CNC dental mais abertos, como Amann Girrbach, imes-icore, VHF, etc., incluindo m\u00e1quinas de molhimento de 5 eixos e m\u00e1quinas de molhimento de 3 eixos. \u00c9 econ\u00f4mico e tem uma maior custo-efic\u00e1cia do que algumas ferramentas espec\u00edficas de marca.<\/span><\/p>\n<p><span style=\"font-family: arial, helvetica, sans-serif; font-size: 14pt;\">Jiny Miiling Bur \u00e9 usada para processar coroas e pontes, fazer restaura\u00e7\u00f5es tempor\u00e1rias e permanentes, e processar dentes complexos. Jiny milling bur pode satisfazer diferentes necessidades de processamento com desempenho eficiente e est\u00e1vel. Pode ser usado para processamento bruto, fino polimento e acabamento.<\/span><\/p>\n<p><span style=\"font-family: arial, helvetica, sans-serif; font-size: 14pt;\">Com alta custo-efic\u00e1cia e longa vida de servi\u00e7o, Jiny milling bur \u00e9 particularmente adequado para laborat\u00f3rios dent\u00e1rios de pequeno e m\u00e9dio tamanho ou usu\u00e1rios com or \u00e7amentos limitados. Sua versatilidade e confiabilidade fazem com que seja uma escolha popular no campo do processamento dental, proporcionando uma garantia s\u00f3lida para a produ\u00e7\u00e3o precisa de restaura\u00e7\u00f5es.<\/span><\/p>","protected":false},"excerpt":{"rendered":"<p>Jiny milling bur is a high-precision, multi-purpose dental cutting tool, which is widely used in open CAD\/CAM systems and general dental processing equipment. Its versatility and cost-effectiveness make it widely popular. Jiny milling bur has wide cutting compatibility and is suitable for common dental materials such as zirconium, CrCo alloy, PMMA (polymethyl methacrylate), wax materials, [&hellip;]<\/p>\n","protected":false},"featured_media":3437,"template":"","meta":{"_acf_changed":false},"product_brand":[],"product_cat":[44],"product_tag":[],"class_list":{"0":"post-3435","1":"product","2":"type-product","3":"status-publish","4":"has-post-thumbnail","6":"product_cat-ceramic-glass","8":"first","9":"instock","10":"shipping-taxable","11":"product-type-simple"},"acf":[],"_links":{"self":[{"href":"https:\/\/www.dentalxangtech.com\/pt\/wp-json\/wp\/v2\/product\/3435","targetHints":{"allow":["GET"]}}],"collection":[{"href":"https:\/\/www.dentalxangtech.com\/pt\/wp-json\/wp\/v2\/product"}],"about":[{"href":"https:\/\/www.dentalxangtech.com\/pt\/wp-json\/wp\/v2\/types\/product"}],"wp:featuredmedia":[{"embeddable":true,"href":"https:\/\/www.dentalxangtech.com\/pt\/wp-json\/wp\/v2\/media\/3437"}],"wp:attachment":[{"href":"https:\/\/www.dentalxangtech.com\/pt\/wp-json\/wp\/v2\/media?parent=3435"}],"wp:term":[{"taxonomy":"product_brand","embeddable":true,"href":"https:\/\/www.dentalxangtech.com\/pt\/wp-json\/wp\/v2\/product_brand?post=3435"},{"taxonomy":"product_cat","embeddable":true,"href":"https:\/\/www.dentalxangtech.com\/pt\/wp-json\/wp\/v2\/product_cat?post=3435"},{"taxonomy":"product_tag","embeddable":true,"href":"https:\/\/www.dentalxangtech.com\/pt\/wp-json\/wp\/v2\/product_tag?post=3435"}],"curies":[{"name":"wp","href":"https:\/\/api.w.org\/{rel}","templated":true}]}}