{"id":3447,"date":"2024-12-20T17:12:17","date_gmt":"2024-12-20T09:12:17","guid":{"rendered":"http\/\/www.dentalxangtech.com\/?post_type=product&#038;p=3447"},"modified":"2024-12-20T17:12:17","modified_gmt":"2024-12-20T09:12:17","slug":"dof-milling-bur","status":"publish","type":"product","link":"https:\/\/www.dentalxangtech.com\/pt\/product\/dof-milling-bur\/","title":{"rendered":"DOF Milling Bur"},"content":{"rendered":"<p><span style=\"font-family: arial, helvetica, sans-serif; font-size: 14pt;\">Os burros de molhamento DOF s\u00e3o ferramentas de corte de alto desempenho projetadas para equipamento CAD\/CAM dental da marca DOF. Eles s\u00e3o amplamente utilizados no processamento de restaura\u00e7\u00f5es dent\u00e1rias, incluindo a produ\u00e7\u00e3o de coroas, pontes e modelos complexos de estrutura. Fazido de carb\u00f3 de alta qualidade ou materiais de revestimento avan\u00e7ados, buros de molhimento DOF t\u00eam excelente dureza e resist\u00eancia ao uso, podem manter desempenho est\u00e1vel em condi\u00e7\u00f5es de alta velocidade e alta carga, e alcan\u00e7ar processamento de corte de alta precis\u00e3o.<\/span><\/p>\n<p><span style=\"font-family: arial, helvetica, sans-serif; font-size: 14pt;\">Os burros de molhimento DOF s\u00e3o altamente compat\u00edveis com m\u00e1quinas de molhimento DOF (como DOF) \u200b\u200b Serie SHARP, s\u00e9rie CRAFT), otimizar caminhos de corte e efici\u00eancia de processamento, e s\u00e3o adequados para materiais dent\u00e1rios comuns como zirc\u00f4nia, liga de cobalto-cromo, resina e cera. Seus tipos de ferramentas s\u00e3o completos, incluindo rugagem, fini\u00e7\u00e3o, colheita, etc., que podem satisfazer necessidades multiest\u00e1gios, desde rugagem at\u00e9 fino processamento.<\/span><\/p>\n<p><span style=\"font-family: arial, helvetica, sans-serif; font-size: 14pt;\">Com precis\u00e3o de processamento ultra alta, efeito de corte suave e longa vida de servi\u00e7o, buros de molhamento DOF s\u00e3o uma escolha ideal para laborat\u00f3rios dent\u00e1rios de alto n\u00edvel e centros profissionais de processamento, fornecendo suporte de ferramentas confi\u00e1vel e experi\u00eancia de processamento de alta qualidade para a produ\u00e7\u00e3o de restaura\u00e7\u00e3o dent\u00e1ria.<\/span><\/p>","protected":false},"excerpt":{"rendered":"<p>DOF milling burs are high-performance cutting tools designed for DOF brand dental CAD\/CAM equipment. They are widely used in the processing of denture restorations, including the production of crowns, bridges and complex structure models. Made of high-quality carbide or advanced coating materials, DOF milling burs have excellent hardness and wear resistance, can maintain stable performance [&hellip;]<\/p>\n","protected":false},"featured_media":3450,"template":"","meta":{"_acf_changed":false},"product_brand":[],"product_cat":[44],"product_tag":[],"class_list":{"0":"post-3447","1":"product","2":"type-product","3":"status-publish","4":"has-post-thumbnail","6":"product_cat-ceramic-glass","8":"first","9":"instock","10":"shipping-taxable","11":"product-type-simple"},"acf":[],"_links":{"self":[{"href":"https:\/\/www.dentalxangtech.com\/pt\/wp-json\/wp\/v2\/product\/3447","targetHints":{"allow":["GET"]}}],"collection":[{"href":"https:\/\/www.dentalxangtech.com\/pt\/wp-json\/wp\/v2\/product"}],"about":[{"href":"https:\/\/www.dentalxangtech.com\/pt\/wp-json\/wp\/v2\/types\/product"}],"wp:featuredmedia":[{"embeddable":true,"href":"https:\/\/www.dentalxangtech.com\/pt\/wp-json\/wp\/v2\/media\/3450"}],"wp:attachment":[{"href":"https:\/\/www.dentalxangtech.com\/pt\/wp-json\/wp\/v2\/media?parent=3447"}],"wp:term":[{"taxonomy":"product_brand","embeddable":true,"href":"https:\/\/www.dentalxangtech.com\/pt\/wp-json\/wp\/v2\/product_brand?post=3447"},{"taxonomy":"product_cat","embeddable":true,"href":"https:\/\/www.dentalxangtech.com\/pt\/wp-json\/wp\/v2\/product_cat?post=3447"},{"taxonomy":"product_tag","embeddable":true,"href":"https:\/\/www.dentalxangtech.com\/pt\/wp-json\/wp\/v2\/product_tag?post=3447"}],"curies":[{"name":"wp","href":"https:\/\/api.w.org\/{rel}","templated":true}]}}