{"id":3462,"date":"2024-12-21T11:19:44","date_gmt":"2024-12-21T03:19:44","guid":{"rendered":"http\/\/www.dentalxangtech.com\/?post_type=product&#038;p=3462"},"modified":"2024-12-21T11:19:44","modified_gmt":"2024-12-21T03:19:44","slug":"c5-milling-bur","status":"publish","type":"product","link":"https:\/\/www.dentalxangtech.com\/pt\/product\/c5-milling-bur\/","title":{"rendered":"C5 Milling Bur"},"content":{"rendered":"<p><span style=\"font-family: arial, helvetica, sans-serif; font-size: 14pt;\">O buro de molhamento de C5 \u00e9 uma ferramenta dental de alta precis\u00e3o amplamente usada em opera\u00e7\u00f5es de tratamento oral e restaura\u00e7\u00e3o. \u00c9 feita de cobertura de carb\u00f3 ou diamante, com alta dureza e resist\u00eancia ao uso, e pode facilmente lidar com o corte e molhimento de tecidos dent\u00e1rios como email e dentista. Seu design cumpre os altos padr\u00f5es de medicina dental e \u00e9 adequado para equipamentos como turbinas de alta velocidade, proporcionando desempenho est\u00e1vel e eficiente.<\/span><\/p>\n<p><span style=\"font-family: arial, helvetica, sans-serif; font-size: 14pt;\">Esse buro est\u00e1 dispon\u00edvel em uma variedade de especifica\u00e7\u00f5es para satisfazer diferentes necessidades cl\u00ednicas, incluindo prepara\u00e7\u00e3o da cavidade, prepara\u00e7\u00e3o da coroa, corte e polimento de dentes. Com seu design geom\u00e9trico preciso e excelente durabilidade, o buro de moldagem C5 pode alcan\u00e7ar opera\u00e7\u00f5es minimalmente invasivas, proteger tecidos saud\u00e1veis e melhorar efeitos de tratamento e efici\u00eancia.<\/span><\/p>\n<p><span style=\"font-family: arial, helvetica, sans-serif; font-size: 14pt;\">A velocidade de corte r\u00e1pido pode reduzir o tempo de tratamento. Suportar opera\u00e7\u00f5es minimalmente invasivas e proteger os tecidos saud\u00e1veis dos pacientes dentes. Adequado para v\u00e1rios laborat\u00f3rios dent\u00e1rios e cl\u00ednicas, especialmente em ambientes em que m\u00faltiplos equipamentos s\u00e3o misturados, pode ser flex\u00edvel aplicado a diferentes sistemas CAD\/CAM.<\/span><\/p>\n<div style=\"width: 800px;\" class=\"wp-video\"><video class=\"wp-video-shortcode\" id=\"video-3462-1\" width=\"800\" height=\"450\" preload=\"metadata\" controls=\"controls\"><source type=\"video\/mp4\" src=\"https:\/\/www.dentalxangtech.com\/wp-content\/uploads\/2024\/12\/Dental-C5.mp4?_=1\" \/><a href=\"https:\/\/www.dentalxangtech.com\/wp-content\/uploads\/2024\/12\/Dental-C5.mp4\">https:\/\/www.dentalxangtech.com\/wp-content\/uploads\/2024\/12\/Dental-C5.mp4<\/a><\/video><\/div>","protected":false},"excerpt":{"rendered":"<p>The C5 milling bur is a high-precision dental tool widely used in oral treatment and restoration operations. It is made of carbide or diamond coating, with high hardness and wear resistance, and can easily cope with the cutting and grinding of tooth tissues such as enamel and dentin. Its design meets the high standards of [&hellip;]<\/p>\n","protected":false},"featured_media":3464,"template":"","meta":{"_acf_changed":false},"product_brand":[],"product_cat":[44],"product_tag":[],"class_list":{"0":"post-3462","1":"product","2":"type-product","3":"status-publish","4":"has-post-thumbnail","6":"product_cat-ceramic-glass","8":"first","9":"instock","10":"shipping-taxable","11":"product-type-simple"},"acf":[],"_links":{"self":[{"href":"https:\/\/www.dentalxangtech.com\/pt\/wp-json\/wp\/v2\/product\/3462","targetHints":{"allow":["GET"]}}],"collection":[{"href":"https:\/\/www.dentalxangtech.com\/pt\/wp-json\/wp\/v2\/product"}],"about":[{"href":"https:\/\/www.dentalxangtech.com\/pt\/wp-json\/wp\/v2\/types\/product"}],"wp:featuredmedia":[{"embeddable":true,"href":"https:\/\/www.dentalxangtech.com\/pt\/wp-json\/wp\/v2\/media\/3464"}],"wp:attachment":[{"href":"https:\/\/www.dentalxangtech.com\/pt\/wp-json\/wp\/v2\/media?parent=3462"}],"wp:term":[{"taxonomy":"product_brand","embeddable":true,"href":"https:\/\/www.dentalxangtech.com\/pt\/wp-json\/wp\/v2\/product_brand?post=3462"},{"taxonomy":"product_cat","embeddable":true,"href":"https:\/\/www.dentalxangtech.com\/pt\/wp-json\/wp\/v2\/product_cat?post=3462"},{"taxonomy":"product_tag","embeddable":true,"href":"https:\/\/www.dentalxangtech.com\/pt\/wp-json\/wp\/v2\/product_tag?post=3462"}],"curies":[{"name":"wp","href":"https:\/\/api.w.org\/{rel}","templated":true}]}}