{"id":3472,"date":"2024-12-23T10:44:05","date_gmt":"2024-12-23T02:44:05","guid":{"rendered":"http\/\/www.dentalxangtech.com\/?post_type=product&#038;p=3472"},"modified":"2024-12-23T10:44:05","modified_gmt":"2024-12-23T02:44:05","slug":"cerec-3-milling-bur","status":"publish","type":"product","link":"https:\/\/www.dentalxangtech.com\/pt\/product\/cerec-3-milling-bur\/","title":{"rendered":"CEREC 3 Milling Bur"},"content":{"rendered":"<p><span style=\"font-family: arial, helvetica, sans-serif; font-size: 14pt;\">O buro de molhamento CEREC 3 \u00e9 simples para funcionar e eficiente, e \u00e9 projetado para proporcionar uma solu\u00e7\u00e3o imediata de restaura\u00e7\u00e3o do lado da cadeira. Ela \u00e9 projetada especificamente para cl\u00ednicas dent\u00e1rias e pode rapidamente processar materiais restorativos comuns como cer\u00e2mica de vidro e resina composta. O bur \u00e9 f\u00e1cil de instalar e substituir, e o caminho de molhimento \u00e9 gerado automaticamente pelo sistema sem configura\u00e7\u00f5es complexas. \u00c9 particularmente adequado \u00e0s necessidades r\u00e1pidas de restaura\u00e7\u00e3o de coroas \u00fanicas ou interiores.<\/span><\/p>\n<p><span style=\"font-family: arial, helvetica, sans-serif; font-size: 14pt;\">O buro s design \u00e9 altamente compat\u00edvel com o sistema CEREC 3, assegurando que a forma da restaura\u00e7\u00e3o processada \u00e9 precisa e a borda \u00e9 adequada para o paciente&#8217; as condi\u00e7\u00f5es orais. Seu material de carbodo duradouro e desempenho eficiente de molhamento podem completar os passos de molhamento bruto e fino da restaura\u00e7\u00e3o em pouco tempo, melhorando a cl\u00ednica&#8217; \u00e9 efici\u00eancia do trabalho.<\/span><\/p>\n<p><span style=\"font-family: arial, helvetica, sans-serif; font-size: 14pt;\">Em termos de custo, o buro de molhamento CEREC 3 \u00e9 relativamente econ\u00f4mico, e \u00e9 f\u00e1cil manter e substituir, fornecendo uma solu\u00e7\u00e3o de restaura\u00e7\u00e3o digital de baixo limiar para a cl\u00ednica. Isso faz com que seja uma escolha ideal para sistemas CAD\/CAM de n\u00edvel de entrada em muitas cl\u00ednicas dent\u00e1rias, o que pode melhorar os n\u00edveis de servi\u00e7o com or\u00e7amentos limitados.<\/span><\/p>","protected":false},"excerpt":{"rendered":"<p>The CEREC 3 milling bur is simple to operate and efficient, and is designed to provide an immediate chairside restoration solution. It is designed specifically for dental clinics and can quickly process common restorative materials such as glass ceramics and composite resins. The bur is easy to install and replace, and the milling path is [&hellip;]<\/p>\n","protected":false},"featured_media":3474,"template":"","meta":{"_acf_changed":false},"product_brand":[],"product_cat":[44],"product_tag":[],"class_list":{"0":"post-3472","1":"product","2":"type-product","3":"status-publish","4":"has-post-thumbnail","6":"product_cat-ceramic-glass","8":"first","9":"instock","10":"shipping-taxable","11":"product-type-simple"},"acf":[],"_links":{"self":[{"href":"https:\/\/www.dentalxangtech.com\/pt\/wp-json\/wp\/v2\/product\/3472","targetHints":{"allow":["GET"]}}],"collection":[{"href":"https:\/\/www.dentalxangtech.com\/pt\/wp-json\/wp\/v2\/product"}],"about":[{"href":"https:\/\/www.dentalxangtech.com\/pt\/wp-json\/wp\/v2\/types\/product"}],"wp:featuredmedia":[{"embeddable":true,"href":"https:\/\/www.dentalxangtech.com\/pt\/wp-json\/wp\/v2\/media\/3474"}],"wp:attachment":[{"href":"https:\/\/www.dentalxangtech.com\/pt\/wp-json\/wp\/v2\/media?parent=3472"}],"wp:term":[{"taxonomy":"product_brand","embeddable":true,"href":"https:\/\/www.dentalxangtech.com\/pt\/wp-json\/wp\/v2\/product_brand?post=3472"},{"taxonomy":"product_cat","embeddable":true,"href":"https:\/\/www.dentalxangtech.com\/pt\/wp-json\/wp\/v2\/product_cat?post=3472"},{"taxonomy":"product_tag","embeddable":true,"href":"https:\/\/www.dentalxangtech.com\/pt\/wp-json\/wp\/v2\/product_tag?post=3472"}],"curies":[{"name":"wp","href":"https:\/\/api.w.org\/{rel}","templated":true}]}}