{"id":3488,"date":"2024-12-23T16:38:55","date_gmt":"2024-12-23T08:38:55","guid":{"rendered":"http\/\/www.dentalxangtech.com\/?post_type=product&#038;p=3488"},"modified":"2024-12-23T16:38:55","modified_gmt":"2024-12-23T08:38:55","slug":"amd-500-milling-bur","status":"publish","type":"product","link":"https:\/\/www.dentalxangtech.com\/pt\/product\/amd-500-milling-bur\/","title":{"rendered":"AMD 500 Milling Bur"},"content":{"rendered":"<p><span style=\"font-family: arial, helvetica, sans-serif; font-size: 14pt;\">A molhada de AMD 500 cobre todo o processo de molhada bruta, molhada fina e processamento de detalhes, e \u00e9 adequada para uma variedade de materiais restauradores (como zirc\u00f4nio, cer\u00e2mica de vidro, PMMA e cera). Fazido de carbono de alta qualidade ou revestimento de diamantes, ele pode processar eficientemente materiais de alta dureza ao mesmo tempo que assegurar a forma precisa da forma de restaura\u00e7\u00e3o. \u00c9 especialmente otimizada para corte eficiente de materiais de alta dureza (como zirc\u00f4nio), e tamb\u00e9m adequada para processamento suave de PMMA e materiais cerais.<\/span><\/p>\n<p><span style=\"font-family: arial, helvetica, sans-serif; font-size: 14pt;\">\u00c9 compat\u00edvel com sistemas CAD\/CAM abertos como Roland, imes-icore, VHF e outros equipamentos, e tem forte versatilidade. Tem uma forte versatilidade e desempenho equilibrado, desde molhamento bruto at\u00e9 molhamento fino, o que \u00e9 particularmente adequado para o processamento de restaura\u00e7\u00f5es complexas. Ela \u00e9 projetada para processos digitais de restaura\u00e7\u00e3o dental e \u00e9 adequada para equipamento de molhimento multimarca em cl\u00ednicas e laborat\u00f3rios.<\/span><\/p>\n<p><span style=\"font-family: arial, helvetica, sans-serif; font-size: 14pt;\">O design de alta precis\u00e3o do buro assegura a tens\u00e3o marginal e a suavidade da superf\u00edcie da restaura\u00e7\u00e3o, reduz o tempo de processamento manual subsequente e melhora a qualidade e efici\u00eancia da restaura\u00e7\u00e3o.<\/span><\/p>","protected":false},"excerpt":{"rendered":"<p>AMD 500 milling bur covers the entire process of rough milling, fine milling and detail processing, and is suitable for a variety of restorative materials (such as zirconium, glass ceramics, PMMA and wax materials). Made of high-quality carbide or diamond coating, it can efficiently process high-hardness materials while ensuring the precise shaping of the restoration [&hellip;]<\/p>\n","protected":false},"featured_media":3489,"template":"","meta":{"_acf_changed":false},"product_brand":[],"product_cat":[44],"product_tag":[],"class_list":{"0":"post-3488","1":"product","2":"type-product","3":"status-publish","4":"has-post-thumbnail","6":"product_cat-ceramic-glass","8":"first","9":"instock","10":"shipping-taxable","11":"product-type-simple"},"acf":[],"_links":{"self":[{"href":"https:\/\/www.dentalxangtech.com\/pt\/wp-json\/wp\/v2\/product\/3488","targetHints":{"allow":["GET"]}}],"collection":[{"href":"https:\/\/www.dentalxangtech.com\/pt\/wp-json\/wp\/v2\/product"}],"about":[{"href":"https:\/\/www.dentalxangtech.com\/pt\/wp-json\/wp\/v2\/types\/product"}],"wp:featuredmedia":[{"embeddable":true,"href":"https:\/\/www.dentalxangtech.com\/pt\/wp-json\/wp\/v2\/media\/3489"}],"wp:attachment":[{"href":"https:\/\/www.dentalxangtech.com\/pt\/wp-json\/wp\/v2\/media?parent=3488"}],"wp:term":[{"taxonomy":"product_brand","embeddable":true,"href":"https:\/\/www.dentalxangtech.com\/pt\/wp-json\/wp\/v2\/product_brand?post=3488"},{"taxonomy":"product_cat","embeddable":true,"href":"https:\/\/www.dentalxangtech.com\/pt\/wp-json\/wp\/v2\/product_cat?post=3488"},{"taxonomy":"product_tag","embeddable":true,"href":"https:\/\/www.dentalxangtech.com\/pt\/wp-json\/wp\/v2\/product_tag?post=3488"}],"curies":[{"name":"wp","href":"https:\/\/api.w.org\/{rel}","templated":true}]}}