{"id":3499,"date":"2024-12-24T10:03:54","date_gmt":"2024-12-24T02:03:54","guid":{"rendered":"http\/\/www.dentalxangtech.com\/?post_type=product&#038;p=3499"},"modified":"2024-12-24T10:03:54","modified_gmt":"2024-12-24T02:03:54","slug":"s5-milling-bur","status":"publish","type":"product","link":"https:\/\/www.dentalxangtech.com\/pt\/product\/s5-milling-bur\/","title":{"rendered":"S5 Milling Bur"},"content":{"rendered":"<p><span style=\"font-family: arial, helvetica, sans-serif; font-size: 14pt;\">O buro de molhamento S5 \u00e9 adequado para corte r\u00e1pido de materiais duros m\u00e9dios, fornecendo efeitos finos de molhamento e remo\u00e7\u00e3o com alta efici\u00eancia.<\/span><\/p>\n<p><span style=\"font-family: arial, helvetica, sans-serif; font-size: 14pt;\">O buro de molhimento S5 \u00e9 principalmente usado para molhimento dental, corte e corte. \u00c9 amplamente usado para remover caries, formar cavidades, cortar restaura\u00e7\u00f5es e polir. Suas diversas formas e designs fazem com que seja adequada para processar superf\u00edcies dent\u00e1rias e opera\u00e7\u00f5es mais delicadas. \u00c9 feita principalmente de a\u00e7o de tungst\u00eanio ou materiais de diamante com alta dureza e resist\u00eancia ao uso. Seu projeto foca na redu\u00e7\u00e3o da efici\u00eancia e seguran\u00e7a, focando em corte r\u00e1pido e gera\u00e7\u00e3o de baixo calor no tecido dental e materiais restauradores. Suas caracter\u00edsticas de baixa gera\u00e7\u00e3o de calor tamb\u00e9m podem proteger efetivamente o tecido dental e melhorar o conforto do paciente.<\/span><\/p>\n<p><span style=\"font-family: arial, helvetica, sans-serif; font-size: 14pt;\">Geralmente \u00e9 adequado para turbinas de alta velocidade e dispositivos dent\u00e1rios manuais, o que \u00e9 conveniente para uso flex\u00edvel na pr\u00e1tica cl\u00ednica. Esse tipo de buro tem alta efici\u00eancia de corte e pode rapidamente remover tecido dental ou materiais restauradores.<\/span><\/p>","protected":false},"excerpt":{"rendered":"<p>The S5 milling bur is suitable for fast cutting of medium-hard materials, providing fine grinding and removal effects with high efficiency. The S5 milling bur is mainly used for dental grinding, trimming and cutting. It is widely used in removing caries, forming cavities, trimming restorations and polishing. Its various shapes and designs make it suitable [&hellip;]<\/p>\n","protected":false},"featured_media":3503,"template":"","meta":{"_acf_changed":false},"product_brand":[],"product_cat":[44],"product_tag":[],"class_list":{"0":"post-3499","1":"product","2":"type-product","3":"status-publish","4":"has-post-thumbnail","6":"product_cat-ceramic-glass","8":"first","9":"instock","10":"shipping-taxable","11":"product-type-simple"},"acf":[],"_links":{"self":[{"href":"https:\/\/www.dentalxangtech.com\/pt\/wp-json\/wp\/v2\/product\/3499","targetHints":{"allow":["GET"]}}],"collection":[{"href":"https:\/\/www.dentalxangtech.com\/pt\/wp-json\/wp\/v2\/product"}],"about":[{"href":"https:\/\/www.dentalxangtech.com\/pt\/wp-json\/wp\/v2\/types\/product"}],"wp:featuredmedia":[{"embeddable":true,"href":"https:\/\/www.dentalxangtech.com\/pt\/wp-json\/wp\/v2\/media\/3503"}],"wp:attachment":[{"href":"https:\/\/www.dentalxangtech.com\/pt\/wp-json\/wp\/v2\/media?parent=3499"}],"wp:term":[{"taxonomy":"product_brand","embeddable":true,"href":"https:\/\/www.dentalxangtech.com\/pt\/wp-json\/wp\/v2\/product_brand?post=3499"},{"taxonomy":"product_cat","embeddable":true,"href":"https:\/\/www.dentalxangtech.com\/pt\/wp-json\/wp\/v2\/product_cat?post=3499"},{"taxonomy":"product_tag","embeddable":true,"href":"https:\/\/www.dentalxangtech.com\/pt\/wp-json\/wp\/v2\/product_tag?post=3499"}],"curies":[{"name":"wp","href":"https:\/\/api.w.org\/{rel}","templated":true}]}}